{"id":1024,"date":"2020-11-10T19:28:42","date_gmt":"2020-11-10T18:28:42","guid":{"rendered":"http:\/\/www.madia.fr\/?page_id=1024"},"modified":"2020-11-10T19:28:42","modified_gmt":"2020-11-10T18:28:42","slug":"3-novembre-la-rentree","status":"publish","type":"page","link":"http:\/\/www.madia.fr\/?page_id=1024","title":{"rendered":"3 novembre : la rentr\u00e9e !"},"content":{"rendered":"\n<p>La<span class=\"has-inline-color has-luminous-vivid-orange-color\"><strong> troisi\u00e8me promotion<\/strong> <\/span>de l\u2019\u00c9cole de la Seconde Chance a fait sa rentr\u00e9e le 3 novembre. Les voil\u00e0 21 maintenant dont deux redoublants. <\/p>\n\n\n\n<figure class=\"wp-block-image size-large is-resized\"><img loading=\"lazy\" decoding=\"async\" src=\"http:\/\/www.madia.fr\/wp-content\/uploads\/2020\/11\/Les-11-garcons-de-la-PO3-en-prenant-leurs-fournitures-li.jpg\" alt=\"\" class=\"wp-image-1027\" width=\"600\" height=\"450\" srcset=\"http:\/\/www.madia.fr\/wp-content\/uploads\/2020\/11\/Les-11-garcons-de-la-PO3-en-prenant-leurs-fournitures-li.jpg 800w, http:\/\/www.madia.fr\/wp-content\/uploads\/2020\/11\/Les-11-garcons-de-la-PO3-en-prenant-leurs-fournitures-li-300x225.jpg 300w, http:\/\/www.madia.fr\/wp-content\/uploads\/2020\/11\/Les-11-garcons-de-la-PO3-en-prenant-leurs-fournitures-li-768x576.jpg 768w\" sizes=\"auto, (max-width: 600px) 100vw, 600px\" \/><figcaption>Les 11 gar\u00e7ons de la PO3 en prenant leurs fournitures<\/figcaption><\/figure>\n\n\n\n<p>Les codes de vie de la classe ont \u00e9t\u00e9 pr\u00e9sent\u00e9s ; puis les jeunes d\u00e9couvrent l&#8217;emploi du temps g\u00e9n\u00e9ral de l&rsquo;ESC et les activit\u00e9s.<\/p>\n\n\n\n<figure class=\"wp-block-image size-large is-resized\"><img loading=\"lazy\" decoding=\"async\" src=\"http:\/\/www.madia.fr\/wp-content\/uploads\/2020\/11\/Ils-sont-en-train-de-mettre-en-place-le-code-de-vie-de-classe-liJPG.jpg\" alt=\"\" class=\"wp-image-1026\" width=\"600\" height=\"450\" srcset=\"http:\/\/www.madia.fr\/wp-content\/uploads\/2020\/11\/Ils-sont-en-train-de-mettre-en-place-le-code-de-vie-de-classe-liJPG.jpg 800w, http:\/\/www.madia.fr\/wp-content\/uploads\/2020\/11\/Ils-sont-en-train-de-mettre-en-place-le-code-de-vie-de-classe-liJPG-300x225.jpg 300w, http:\/\/www.madia.fr\/wp-content\/uploads\/2020\/11\/Ils-sont-en-train-de-mettre-en-place-le-code-de-vie-de-classe-liJPG-768x576.jpg 768w\" sizes=\"auto, (max-width: 600px) 100vw, 600px\" \/><figcaption>Filles et gar\u00e7ons \u00e9coutent attentivement, un peu intimid\u00e9s sans doute, ce qu&rsquo;ils devront respecter \u00e0 l&rsquo;ESC<\/figcaption><\/figure>\n\n\n\n<p>Tout y passe et m\u00eame les modes d&rsquo;utilisation des \u00e9quipements d\u2019hygi\u00e8nes et sanitaires (douche, toilettes; le robinet d&rsquo;eau;etc&#8230;.) tout neufs. <\/p>\n\n\n\n<p>Enfin, le premier d\u00e9jeuner est pris dans les locaux de l&rsquo;AIC.<\/p>\n\n\n\n<figure class=\"wp-block-image size-large is-resized\"><img loading=\"lazy\" decoding=\"async\" src=\"http:\/\/www.madia.fr\/wp-content\/uploads\/2020\/11\/Les-filles-PO3-durant-le-de\u0301jeuner-li.jpg\" alt=\"\" class=\"wp-image-1028\" width=\"450\" height=\"600\" srcset=\"http:\/\/www.madia.fr\/wp-content\/uploads\/2020\/11\/Les-filles-PO3-durant-le-de\u0301jeuner-li.jpg 600w, http:\/\/www.madia.fr\/wp-content\/uploads\/2020\/11\/Les-filles-PO3-durant-le-de\u0301jeuner-li-225x300.jpg 225w\" sizes=\"auto, (max-width: 450px) 100vw, 450px\" \/><figcaption>Un bon repas est servi. Le riz tient toujours une place importante !<\/figcaption><\/figure>\n","protected":false},"excerpt":{"rendered":"<p>La troisi\u00e8me promotion de l\u2019\u00c9cole de la Seconde Chance a fait sa rentr\u00e9e le 3 novembre. Les voil\u00e0 21 maintenant dont deux redoublants. Les codes de vie de la classe ont \u00e9t\u00e9 pr\u00e9sent\u00e9s ; puis les jeunes d\u00e9couvrent l&#8217;emploi du temps g\u00e9n\u00e9ral de l&rsquo;ESC et les activit\u00e9s. Tout y passe et m\u00eame les modes d&rsquo;utilisation [&hellip;]<\/p>\n","protected":false},"author":1,"featured_media":0,"parent":0,"menu_order":0,"comment_status":"closed","ping_status":"closed","template":"","meta":{"footnotes":""},"class_list":["post-1024","page","type-page","status-publish","hentry"],"_links":{"self":[{"href":"http:\/\/www.madia.fr\/index.php?rest_route=\/wp\/v2\/pages\/1024","targetHints":{"allow":["GET"]}}],"collection":[{"href":"http:\/\/www.madia.fr\/index.php?rest_route=\/wp\/v2\/pages"}],"about":[{"href":"http:\/\/www.madia.fr\/index.php?rest_route=\/wp\/v2\/types\/page"}],"author":[{"embeddable":true,"href":"http:\/\/www.madia.fr\/index.php?rest_route=\/wp\/v2\/users\/1"}],"replies":[{"embeddable":true,"href":"http:\/\/www.madia.fr\/index.php?rest_route=%2Fwp%2Fv2%2Fcomments&post=1024"}],"version-history":[{"count":3,"href":"http:\/\/www.madia.fr\/index.php?rest_route=\/wp\/v2\/pages\/1024\/revisions"}],"predecessor-version":[{"id":1030,"href":"http:\/\/www.madia.fr\/index.php?rest_route=\/wp\/v2\/pages\/1024\/revisions\/1030"}],"wp:attachment":[{"href":"http:\/\/www.madia.fr\/index.php?rest_route=%2Fwp%2Fv2%2Fmedia&parent=1024"}],"curies":[{"name":"wp","href":"https:\/\/api.w.org\/{rel}","templated":true}]}}