{"id":1102,"date":"2020-11-17T18:07:59","date_gmt":"2020-11-17T17:07:59","guid":{"rendered":"http:\/\/www.madia.fr\/?page_id=1102"},"modified":"2020-11-17T18:12:39","modified_gmt":"2020-11-17T17:12:39","slug":"du-cote-des-plus-jeunes","status":"publish","type":"page","link":"http:\/\/www.madia.fr\/?page_id=1102","title":{"rendered":"Du c\u00f4t\u00e9 des plus jeunes"},"content":{"rendered":"\n<p>La cantine est aussi en activit\u00e9 pour 150 jeunes chaque jour \u00e0 l&rsquo;AIC. <\/p>\n\n\n\n<p>Et le 17 novembre, les enfants ont \u00e9t\u00e9 dot\u00e9s de tabliers par l&rsquo;\u00e9tat Malgache. Et comme ils sont r\u00e9ins\u00e9r\u00e9s ensuite \u00e0 l&rsquo;EPP (Ecole Primaire Publique), les enfants en ont b\u00e9n\u00e9fici\u00e9.&nbsp;<\/p>\n\n\n\n<figure class=\"wp-block-image size-full is-resized\"><img loading=\"lazy\" decoding=\"async\" src=\"http:\/\/www.madia.fr\/wp-content\/uploads\/2020\/11\/DSCN0633.jpg\" alt=\"\" class=\"wp-image-1103\" width=\"500\" height=\"375\" srcset=\"http:\/\/www.madia.fr\/wp-content\/uploads\/2020\/11\/DSCN0633.jpg 1000w, http:\/\/www.madia.fr\/wp-content\/uploads\/2020\/11\/DSCN0633-300x225.jpg 300w, http:\/\/www.madia.fr\/wp-content\/uploads\/2020\/11\/DSCN0633-768x576.jpg 768w\" sizes=\"auto, (max-width: 500px) 100vw, 500px\" \/><figcaption>Le tablier est port\u00e9 pour chaque repas le midi<\/figcaption><\/figure>\n","protected":false},"excerpt":{"rendered":"<p>La cantine est aussi en activit\u00e9 pour 150 jeunes chaque jour \u00e0 l&rsquo;AIC. Et le 17 novembre, les enfants ont \u00e9t\u00e9 dot\u00e9s de tabliers par l&rsquo;\u00e9tat Malgache. Et comme ils sont r\u00e9ins\u00e9r\u00e9s ensuite \u00e0 l&rsquo;EPP (Ecole Primaire Publique), les enfants en ont b\u00e9n\u00e9fici\u00e9.&nbsp;<\/p>\n","protected":false},"author":1,"featured_media":0,"parent":0,"menu_order":0,"comment_status":"closed","ping_status":"closed","template":"","meta":{"footnotes":""},"class_list":["post-1102","page","type-page","status-publish","hentry"],"_links":{"self":[{"href":"http:\/\/www.madia.fr\/index.php?rest_route=\/wp\/v2\/pages\/1102","targetHints":{"allow":["GET"]}}],"collection":[{"href":"http:\/\/www.madia.fr\/index.php?rest_route=\/wp\/v2\/pages"}],"about":[{"href":"http:\/\/www.madia.fr\/index.php?rest_route=\/wp\/v2\/types\/page"}],"author":[{"embeddable":true,"href":"http:\/\/www.madia.fr\/index.php?rest_route=\/wp\/v2\/users\/1"}],"replies":[{"embeddable":true,"href":"http:\/\/www.madia.fr\/index.php?rest_route=%2Fwp%2Fv2%2Fcomments&post=1102"}],"version-history":[{"count":3,"href":"http:\/\/www.madia.fr\/index.php?rest_route=\/wp\/v2\/pages\/1102\/revisions"}],"predecessor-version":[{"id":1109,"href":"http:\/\/www.madia.fr\/index.php?rest_route=\/wp\/v2\/pages\/1102\/revisions\/1109"}],"wp:attachment":[{"href":"http:\/\/www.madia.fr\/index.php?rest_route=%2Fwp%2Fv2%2Fmedia&parent=1102"}],"curies":[{"name":"wp","href":"https:\/\/api.w.org\/{rel}","templated":true}]}}