{"id":1112,"date":"2020-12-06T21:53:26","date_gmt":"2020-12-06T20:53:26","guid":{"rendered":"http:\/\/www.madia.fr\/?page_id=1112"},"modified":"2020-12-06T21:55:34","modified_gmt":"2020-12-06T20:55:34","slug":"les-talents-a-lesc","status":"publish","type":"page","link":"http:\/\/www.madia.fr\/?page_id=1112","title":{"rendered":"Les talents \u00e0 l&rsquo;ESC"},"content":{"rendered":"\n<p>Les \u00e9ducateurs cherchent bien s\u00fbr \u00e0 d\u00e9velopper les talents des jeunes de l\u2019\u00c9cole de la seconde chance. <\/p>\n\n\n\n<p>Nous venons de recevoir quelques photos de dessin r\u00e9alis\u00e9s par Jean-Paul. Cet \u00e9l\u00e8ve de la troisi\u00e8me promotion est \u00e2g\u00e9 de 17 ans. Bien r\u00e9ussi, n&rsquo;est-ce pas ! Qu&rsquo;en pensez-vous ?<\/p>\n\n\n\n<div class=\"wp-block-image\"><figure class=\"aligncenter size-large is-resized\"><img loading=\"lazy\" decoding=\"async\" src=\"http:\/\/www.madia.fr\/wp-content\/uploads\/2020\/12\/JEAN-PAUL-un-garc\u0327con-talentieux-de-lESC.jpg\" alt=\"\" class=\"wp-image-1127\" width=\"374\" height=\"211\" srcset=\"http:\/\/www.madia.fr\/wp-content\/uploads\/2020\/12\/JEAN-PAUL-un-garc\u0327con-talentieux-de-lESC.jpg 748w, http:\/\/www.madia.fr\/wp-content\/uploads\/2020\/12\/JEAN-PAUL-un-garc\u0327con-talentieux-de-lESC-300x169.jpg 300w\" sizes=\"auto, (max-width: 374px) 100vw, 374px\" \/><figcaption>JEAN PAUL, un garc\u0327on plein de talent de l&rsquo;ESC<\/figcaption><\/figure><\/div>\n\n\n\n<div class=\"wp-block-image\"><figure class=\"aligncenter size-large is-resized\"><img loading=\"lazy\" decoding=\"async\" src=\"http:\/\/www.madia.fr\/wp-content\/uploads\/2020\/12\/Dessination-des-voitures-par-Jean-Paul.jpg\" alt=\"\" class=\"wp-image-1125\" width=\"500\" height=\"375\"\/><figcaption>Dessin des voitures par Jean Paul<\/figcaption><\/figure><\/div>\n\n\n\n<p><\/p>\n\n\n\n<div class=\"wp-block-image\"><figure class=\"aligncenter size-large is-resized\"><img loading=\"lazy\" decoding=\"async\" src=\"http:\/\/www.madia.fr\/wp-content\/uploads\/2020\/12\/Il-est-aussi-capable-de-dessinner-une-belle-fleur.jpg\" alt=\"\" class=\"wp-image-1126\" width=\"375\" height=\"500\"\/><figcaption>Il aime aussi dessiner de belles fleurs !<\/figcaption><\/figure><\/div>\n\n\n\n<div class=\"wp-block-image\"><figure class=\"aligncenter size-large is-resized\"><img loading=\"lazy\" decoding=\"async\" src=\"http:\/\/www.madia.fr\/wp-content\/uploads\/2020\/12\/Un-dessin-inspire\u0301-par-la-nature.jpg\" alt=\"\" class=\"wp-image-1128\" width=\"375\" height=\"500\"\/><figcaption>Dessin inspire\u0301 par la nature<\/figcaption><\/figure><\/div>\n\n\n\n<div class=\"wp-block-image\"><figure class=\"aligncenter size-large is-resized\"><img loading=\"lazy\" decoding=\"async\" src=\"http:\/\/www.madia.fr\/wp-content\/uploads\/2020\/12\/Un-portrait-re\u0301alise\u0301-par-Jean-Paul.jpg\" alt=\"\" class=\"wp-image-1129\" width=\"500\" height=\"375\" srcset=\"http:\/\/www.madia.fr\/wp-content\/uploads\/2020\/12\/Un-portrait-re\u0301alise\u0301-par-Jean-Paul.jpg 1000w, http:\/\/www.madia.fr\/wp-content\/uploads\/2020\/12\/Un-portrait-re\u0301alise\u0301-par-Jean-Paul-300x225.jpg 300w, http:\/\/www.madia.fr\/wp-content\/uploads\/2020\/12\/Un-portrait-re\u0301alise\u0301-par-Jean-Paul-768x576.jpg 768w\" sizes=\"auto, (max-width: 500px) 100vw, 500px\" \/><figcaption>Portrait re\u0301alise\u0301 par Jean Paul \u00e0 partir d&rsquo;une photo<\/figcaption><\/figure><\/div>\n","protected":false},"excerpt":{"rendered":"<p>Les \u00e9ducateurs cherchent bien s\u00fbr \u00e0 d\u00e9velopper les talents des jeunes de l\u2019\u00c9cole de la seconde chance. Nous venons de recevoir quelques photos de dessin r\u00e9alis\u00e9s par Jean-Paul. Cet \u00e9l\u00e8ve de la troisi\u00e8me promotion est \u00e2g\u00e9 de 17 ans. Bien r\u00e9ussi, n&rsquo;est-ce pas ! Qu&rsquo;en pensez-vous ?<\/p>\n","protected":false},"author":1,"featured_media":0,"parent":0,"menu_order":0,"comment_status":"closed","ping_status":"closed","template":"","meta":{"footnotes":""},"class_list":["post-1112","page","type-page","status-publish","hentry"],"_links":{"self":[{"href":"http:\/\/www.madia.fr\/index.php?rest_route=\/wp\/v2\/pages\/1112","targetHints":{"allow":["GET"]}}],"collection":[{"href":"http:\/\/www.madia.fr\/index.php?rest_route=\/wp\/v2\/pages"}],"about":[{"href":"http:\/\/www.madia.fr\/index.php?rest_route=\/wp\/v2\/types\/page"}],"author":[{"embeddable":true,"href":"http:\/\/www.madia.fr\/index.php?rest_route=\/wp\/v2\/users\/1"}],"replies":[{"embeddable":true,"href":"http:\/\/www.madia.fr\/index.php?rest_route=%2Fwp%2Fv2%2Fcomments&post=1112"}],"version-history":[{"count":9,"href":"http:\/\/www.madia.fr\/index.php?rest_route=\/wp\/v2\/pages\/1112\/revisions"}],"predecessor-version":[{"id":1134,"href":"http:\/\/www.madia.fr\/index.php?rest_route=\/wp\/v2\/pages\/1112\/revisions\/1134"}],"wp:attachment":[{"href":"http:\/\/www.madia.fr\/index.php?rest_route=%2Fwp%2Fv2%2Fmedia&parent=1112"}],"curies":[{"name":"wp","href":"https:\/\/api.w.org\/{rel}","templated":true}]}}