{"id":1135,"date":"2020-12-06T22:10:06","date_gmt":"2020-12-06T21:10:06","guid":{"rendered":"http:\/\/www.madia.fr\/?page_id=1135"},"modified":"2020-12-06T22:10:06","modified_gmt":"2020-12-06T21:10:06","slug":"nouvelles-tenues-de-sport","status":"publish","type":"page","link":"http:\/\/www.madia.fr\/?page_id=1135","title":{"rendered":"Nouvelles tenues de sport !"},"content":{"rendered":"\n<p>Les nouvelles tenues de sport sont livr\u00e9es pour la promo 3 de l&rsquo;ESC. <\/p>\n\n\n\n<p>Chacune et chacun s&rsquo;affiche fi\u00e8rement avec le logo de l\u2019\u00c9cole.<\/p>\n\n\n\n<p>La couleur est chang\u00e9e par rapport \u00e0 l&rsquo;ann\u00e9e derni\u00e8re afin d&rsquo;avoir plusieurs vari\u00e9t\u00e9s de maillots. Car on esp\u00e8re un moment des rencontres sportives entre les promotions interne et sortante. Une bonne id\u00e9e. <\/p>\n\n\n\n<div class=\"wp-block-image\"><figure class=\"aligncenter size-large is-resized\"><img loading=\"lazy\" decoding=\"async\" src=\"http:\/\/www.madia.fr\/wp-content\/uploads\/2020\/12\/Une-e\u0301quipe-fe\u0301minine-de-lESC.-Elles-sont-contentes-davoir-la-nouvelle-tenue.jpg\" alt=\"\" class=\"wp-image-1139\" width=\"450\" height=\"338\" srcset=\"http:\/\/www.madia.fr\/wp-content\/uploads\/2020\/12\/Une-e\u0301quipe-fe\u0301minine-de-lESC.-Elles-sont-contentes-davoir-la-nouvelle-tenue.jpg 600w, http:\/\/www.madia.fr\/wp-content\/uploads\/2020\/12\/Une-e\u0301quipe-fe\u0301minine-de-lESC.-Elles-sont-contentes-davoir-la-nouvelle-tenue-300x225.jpg 300w\" sizes=\"auto, (max-width: 450px) 100vw, 450px\" \/><figcaption>\u00c9quipe fe\u0301minine de l&rsquo;ESC. Elles sont contentes d&rsquo;avoir la nouvelle tenue<\/figcaption><\/figure><\/div>\n\n\n\n<div class=\"wp-block-image\"><figure class=\"aligncenter size-large is-resized\"><img loading=\"lazy\" decoding=\"async\" src=\"http:\/\/www.madia.fr\/wp-content\/uploads\/2020\/12\/Les-11-garc\u0327ons-de-la-P03-avant-la-se\u0301ance-dEPS.jpg\" alt=\"\" class=\"wp-image-1137\" width=\"450\" height=\"338\" srcset=\"http:\/\/www.madia.fr\/wp-content\/uploads\/2020\/12\/Les-11-garc\u0327ons-de-la-P03-avant-la-se\u0301ance-dEPS.jpg 600w, http:\/\/www.madia.fr\/wp-content\/uploads\/2020\/12\/Les-11-garc\u0327ons-de-la-P03-avant-la-se\u0301ance-dEPS-300x225.jpg 300w\" sizes=\"auto, (max-width: 450px) 100vw, 450px\" \/><figcaption>Les 11 garc\u0327ons de la P 3 avant la se\u0301ance d&rsquo;EPS<\/figcaption><\/figure><\/div>\n\n\n\n<div class=\"wp-block-image\"><figure class=\"aligncenter size-large is-resized\"><img loading=\"lazy\" decoding=\"async\" src=\"http:\/\/www.madia.fr\/wp-content\/uploads\/2020\/12\/Quelle-belle-uniforme-durant-le\u0301chauffement.jpg\" alt=\"\" class=\"wp-image-1138\" width=\"450\" height=\"338\" srcset=\"http:\/\/www.madia.fr\/wp-content\/uploads\/2020\/12\/Quelle-belle-uniforme-durant-le\u0301chauffement.jpg 600w, http:\/\/www.madia.fr\/wp-content\/uploads\/2020\/12\/Quelle-belle-uniforme-durant-le\u0301chauffement-300x225.jpg 300w\" sizes=\"auto, (max-width: 450px) 100vw, 450px\" \/><figcaption>Quels beaux uniformes durant l&rsquo;e\u0301chauffement !<\/figcaption><\/figure><\/div>\n","protected":false},"excerpt":{"rendered":"<p>Les nouvelles tenues de sport sont livr\u00e9es pour la promo 3 de l&rsquo;ESC. Chacune et chacun s&rsquo;affiche fi\u00e8rement avec le logo de l\u2019\u00c9cole. La couleur est chang\u00e9e par rapport \u00e0 l&rsquo;ann\u00e9e derni\u00e8re afin d&rsquo;avoir plusieurs vari\u00e9t\u00e9s de maillots. Car on esp\u00e8re un moment des rencontres sportives entre les promotions interne et sortante. Une bonne id\u00e9e.<\/p>\n","protected":false},"author":1,"featured_media":0,"parent":0,"menu_order":0,"comment_status":"closed","ping_status":"closed","template":"","meta":{"footnotes":""},"class_list":["post-1135","page","type-page","status-publish","hentry"],"_links":{"self":[{"href":"http:\/\/www.madia.fr\/index.php?rest_route=\/wp\/v2\/pages\/1135","targetHints":{"allow":["GET"]}}],"collection":[{"href":"http:\/\/www.madia.fr\/index.php?rest_route=\/wp\/v2\/pages"}],"about":[{"href":"http:\/\/www.madia.fr\/index.php?rest_route=\/wp\/v2\/types\/page"}],"author":[{"embeddable":true,"href":"http:\/\/www.madia.fr\/index.php?rest_route=\/wp\/v2\/users\/1"}],"replies":[{"embeddable":true,"href":"http:\/\/www.madia.fr\/index.php?rest_route=%2Fwp%2Fv2%2Fcomments&post=1135"}],"version-history":[{"count":3,"href":"http:\/\/www.madia.fr\/index.php?rest_route=\/wp\/v2\/pages\/1135\/revisions"}],"predecessor-version":[{"id":1141,"href":"http:\/\/www.madia.fr\/index.php?rest_route=\/wp\/v2\/pages\/1135\/revisions\/1141"}],"wp:attachment":[{"href":"http:\/\/www.madia.fr\/index.php?rest_route=%2Fwp%2Fv2%2Fmedia&parent=1135"}],"curies":[{"name":"wp","href":"https:\/\/api.w.org\/{rel}","templated":true}]}}