{"id":1159,"date":"2021-03-16T09:50:49","date_gmt":"2021-03-16T08:50:49","guid":{"rendered":"http:\/\/www.madia.fr\/?p=1159"},"modified":"2023-02-04T09:57:14","modified_gmt":"2023-02-04T08:57:14","slug":"atelier-de-cuisine-local","status":"publish","type":"page","link":"http:\/\/www.madia.fr\/?page_id=1159","title":{"rendered":"Atelier de cuisine local"},"content":{"rendered":"\n<p>Lors de la cueillette des produits de jardin potager, on a profit\u00e9 cette occasion de faire un atelier de cuisine avec Chef TSOA qui a donn\u00e9 aux jeunes une nouvelle de recette appel\u00e9 \u00ab\u00a0Courgette farcie\u00a0\u00bb<\/p>\n\n\n\n<figure class=\"wp-block-image size-large\"><a href=\"http:\/\/www.madia.fr\/wp-content\/uploads\/2021\/02\/on-a-cueilli-16-pieces-de-courgette-sur-cette-petite-place.jpg\"><img loading=\"lazy\" decoding=\"async\" width=\"1024\" height=\"768\" src=\"http:\/\/www.madia.fr\/wp-content\/uploads\/2021\/02\/on-a-cueilli-16-pieces-de-courgette-sur-cette-petite-place-1024x768.jpg\" alt=\"\" class=\"wp-image-1160\" srcset=\"http:\/\/www.madia.fr\/wp-content\/uploads\/2021\/02\/on-a-cueilli-16-pieces-de-courgette-sur-cette-petite-place-1024x768.jpg 1024w, http:\/\/www.madia.fr\/wp-content\/uploads\/2021\/02\/on-a-cueilli-16-pieces-de-courgette-sur-cette-petite-place-300x225.jpg 300w, http:\/\/www.madia.fr\/wp-content\/uploads\/2021\/02\/on-a-cueilli-16-pieces-de-courgette-sur-cette-petite-place-768x576.jpg 768w, http:\/\/www.madia.fr\/wp-content\/uploads\/2021\/02\/on-a-cueilli-16-pieces-de-courgette-sur-cette-petite-place-1536x1152.jpg 1536w, http:\/\/www.madia.fr\/wp-content\/uploads\/2021\/02\/on-a-cueilli-16-pieces-de-courgette-sur-cette-petite-place-2048x1536.jpg 2048w\" sizes=\"auto, (max-width: 1024px) 100vw, 1024px\" \/><\/a><figcaption class=\"wp-element-caption\">C&rsquo;est dans cette petite place qu&rsquo;on a accueilli 16 pi\u00e8ces de courgettes<\/figcaption><\/figure>\n\n\n\n<figure class=\"wp-block-image size-large\"><a href=\"http:\/\/www.madia.fr\/wp-content\/uploads\/2021\/02\/les-jeunes-sont-en-plaine-preparation-des-ingredients.jpg\"><img loading=\"lazy\" decoding=\"async\" width=\"768\" height=\"1024\" src=\"http:\/\/www.madia.fr\/wp-content\/uploads\/2021\/02\/les-jeunes-sont-en-plaine-preparation-des-ingredients-768x1024.jpg\" alt=\"\" class=\"wp-image-1161\" srcset=\"http:\/\/www.madia.fr\/wp-content\/uploads\/2021\/02\/les-jeunes-sont-en-plaine-preparation-des-ingredients-768x1024.jpg 768w, http:\/\/www.madia.fr\/wp-content\/uploads\/2021\/02\/les-jeunes-sont-en-plaine-preparation-des-ingredients-225x300.jpg 225w, http:\/\/www.madia.fr\/wp-content\/uploads\/2021\/02\/les-jeunes-sont-en-plaine-preparation-des-ingredients-1152x1536.jpg 1152w, http:\/\/www.madia.fr\/wp-content\/uploads\/2021\/02\/les-jeunes-sont-en-plaine-preparation-des-ingredients-1536x2048.jpg 1536w, http:\/\/www.madia.fr\/wp-content\/uploads\/2021\/02\/les-jeunes-sont-en-plaine-preparation-des-ingredients.jpg 1920w\" sizes=\"auto, (max-width: 768px) 100vw, 768px\" \/><\/a><figcaption class=\"wp-element-caption\">Les jeunes sont en train de pr\u00e9parer les ingr\u00e9dients et l&rsquo;assaisonnement<\/figcaption><\/figure>\n\n\n\n<figure class=\"wp-block-image size-large\"><a href=\"http:\/\/www.madia.fr\/wp-content\/uploads\/2021\/02\/voila-comme-ca-les-courgette-decoupees-et-preprarees-avant-le-passage-a-leau-bouillie.jpg\"><img loading=\"lazy\" decoding=\"async\" width=\"1024\" height=\"768\" src=\"http:\/\/www.madia.fr\/wp-content\/uploads\/2021\/02\/voila-comme-ca-les-courgette-decoupees-et-preprarees-avant-le-passage-a-leau-bouillie-1024x768.jpg\" alt=\"\" class=\"wp-image-1162\" srcset=\"http:\/\/www.madia.fr\/wp-content\/uploads\/2021\/02\/voila-comme-ca-les-courgette-decoupees-et-preprarees-avant-le-passage-a-leau-bouillie-1024x768.jpg 1024w, http:\/\/www.madia.fr\/wp-content\/uploads\/2021\/02\/voila-comme-ca-les-courgette-decoupees-et-preprarees-avant-le-passage-a-leau-bouillie-300x225.jpg 300w, http:\/\/www.madia.fr\/wp-content\/uploads\/2021\/02\/voila-comme-ca-les-courgette-decoupees-et-preprarees-avant-le-passage-a-leau-bouillie-768x576.jpg 768w, http:\/\/www.madia.fr\/wp-content\/uploads\/2021\/02\/voila-comme-ca-les-courgette-decoupees-et-preprarees-avant-le-passage-a-leau-bouillie-1536x1152.jpg 1536w, http:\/\/www.madia.fr\/wp-content\/uploads\/2021\/02\/voila-comme-ca-les-courgette-decoupees-et-preprarees-avant-le-passage-a-leau-bouillie-2048x1536.jpg 2048w\" sizes=\"auto, (max-width: 1024px) 100vw, 1024px\" \/><\/a><figcaption class=\"wp-element-caption\">on est pr\u00eat avec  les courgettes d\u00e9coup\u00e9es pour remplir de farce<\/figcaption><\/figure>\n\n\n\n<figure class=\"wp-block-image size-large\"><a href=\"http:\/\/www.madia.fr\/wp-content\/uploads\/2021\/02\/Les-courgette-chargees-de-farse-avant-la-mise-en-four.jpg\"><img loading=\"lazy\" decoding=\"async\" width=\"768\" height=\"1024\" src=\"http:\/\/www.madia.fr\/wp-content\/uploads\/2021\/02\/Les-courgette-chargees-de-farse-avant-la-mise-en-four-768x1024.jpg\" alt=\"\" class=\"wp-image-1163\" srcset=\"http:\/\/www.madia.fr\/wp-content\/uploads\/2021\/02\/Les-courgette-chargees-de-farse-avant-la-mise-en-four-768x1024.jpg 768w, http:\/\/www.madia.fr\/wp-content\/uploads\/2021\/02\/Les-courgette-chargees-de-farse-avant-la-mise-en-four-225x300.jpg 225w, http:\/\/www.madia.fr\/wp-content\/uploads\/2021\/02\/Les-courgette-chargees-de-farse-avant-la-mise-en-four-1152x1536.jpg 1152w, http:\/\/www.madia.fr\/wp-content\/uploads\/2021\/02\/Les-courgette-chargees-de-farse-avant-la-mise-en-four-1536x2048.jpg 1536w, http:\/\/www.madia.fr\/wp-content\/uploads\/2021\/02\/Les-courgette-chargees-de-farse-avant-la-mise-en-four.jpg 1920w\" sizes=\"auto, (max-width: 768px) 100vw, 768px\" \/><\/a><figcaption class=\"wp-element-caption\">Voil\u00e0 , tout est l\u00e0 pr\u00eat \u00e0 mettre dans le four<\/figcaption><\/figure>\n\n\n\n<figure class=\"wp-block-image size-large\"><a href=\"http:\/\/www.madia.fr\/wp-content\/uploads\/2021\/02\/On-utilise-de-four-a-fabrication-malagasy-pour-le-cuisson.jpg\"><img loading=\"lazy\" decoding=\"async\" width=\"1024\" height=\"768\" src=\"http:\/\/www.madia.fr\/wp-content\/uploads\/2021\/02\/On-utilise-de-four-a-fabrication-malagasy-pour-le-cuisson-1024x768.jpg\" alt=\"\" class=\"wp-image-1164\" srcset=\"http:\/\/www.madia.fr\/wp-content\/uploads\/2021\/02\/On-utilise-de-four-a-fabrication-malagasy-pour-le-cuisson-1024x768.jpg 1024w, http:\/\/www.madia.fr\/wp-content\/uploads\/2021\/02\/On-utilise-de-four-a-fabrication-malagasy-pour-le-cuisson-300x225.jpg 300w, http:\/\/www.madia.fr\/wp-content\/uploads\/2021\/02\/On-utilise-de-four-a-fabrication-malagasy-pour-le-cuisson-768x576.jpg 768w, http:\/\/www.madia.fr\/wp-content\/uploads\/2021\/02\/On-utilise-de-four-a-fabrication-malagasy-pour-le-cuisson-1536x1152.jpg 1536w, http:\/\/www.madia.fr\/wp-content\/uploads\/2021\/02\/On-utilise-de-four-a-fabrication-malagasy-pour-le-cuisson-2048x1536.jpg 2048w\" sizes=\"auto, (max-width: 1024px) 100vw, 1024px\" \/><\/a><figcaption class=\"wp-element-caption\">On a utilis\u00e9 un four \u00e0 fabrication malagasy pour le cuisson<\/figcaption><\/figure>\n\n\n\n<figure class=\"wp-block-image size-large\"><a href=\"http:\/\/www.madia.fr\/wp-content\/uploads\/2021\/02\/voila-les-courgettes-farci-chaude-pretes-a-manger....jpg\"><img loading=\"lazy\" decoding=\"async\" width=\"1024\" height=\"768\" src=\"http:\/\/www.madia.fr\/wp-content\/uploads\/2021\/02\/voila-les-courgettes-farci-chaude-pretes-a-manger...-1024x768.jpg\" alt=\"\" class=\"wp-image-1165\" srcset=\"http:\/\/www.madia.fr\/wp-content\/uploads\/2021\/02\/voila-les-courgettes-farci-chaude-pretes-a-manger...-1024x768.jpg 1024w, http:\/\/www.madia.fr\/wp-content\/uploads\/2021\/02\/voila-les-courgettes-farci-chaude-pretes-a-manger...-300x225.jpg 300w, http:\/\/www.madia.fr\/wp-content\/uploads\/2021\/02\/voila-les-courgettes-farci-chaude-pretes-a-manger...-768x576.jpg 768w, http:\/\/www.madia.fr\/wp-content\/uploads\/2021\/02\/voila-les-courgettes-farci-chaude-pretes-a-manger...-1536x1152.jpg 1536w, http:\/\/www.madia.fr\/wp-content\/uploads\/2021\/02\/voila-les-courgettes-farci-chaude-pretes-a-manger...-2048x1536.jpg 2048w\" sizes=\"auto, (max-width: 1024px) 100vw, 1024px\" \/><\/a><figcaption class=\"wp-element-caption\">Et le voil\u00e0, apr\u00e8s 20mn de cuisson,  les courgettes farcies sortent du four : bon app\u00e9tit<\/figcaption><\/figure>\n","protected":false},"excerpt":{"rendered":"<p>Lors de la cueillette des produits de jardin potager, on a profit\u00e9 cette occasion de faire un atelier de cuisine avec Chef TSOA qui a donn\u00e9 aux jeunes une nouvelle de recette appel\u00e9 \u00ab\u00a0Courgette farcie\u00a0\u00bb<\/p>\n","protected":false},"author":1,"featured_media":0,"parent":0,"menu_order":0,"comment_status":"closed","ping_status":"open","template":"","meta":{"footnotes":""},"class_list":["post-1159","page","type-page","status-publish","hentry"],"_links":{"self":[{"href":"http:\/\/www.madia.fr\/index.php?rest_route=\/wp\/v2\/pages\/1159","targetHints":{"allow":["GET"]}}],"collection":[{"href":"http:\/\/www.madia.fr\/index.php?rest_route=\/wp\/v2\/pages"}],"about":[{"href":"http:\/\/www.madia.fr\/index.php?rest_route=\/wp\/v2\/types\/page"}],"author":[{"embeddable":true,"href":"http:\/\/www.madia.fr\/index.php?rest_route=\/wp\/v2\/users\/1"}],"replies":[{"embeddable":true,"href":"http:\/\/www.madia.fr\/index.php?rest_route=%2Fwp%2Fv2%2Fcomments&post=1159"}],"version-history":[{"count":5,"href":"http:\/\/www.madia.fr\/index.php?rest_route=\/wp\/v2\/pages\/1159\/revisions"}],"predecessor-version":[{"id":1617,"href":"http:\/\/www.madia.fr\/index.php?rest_route=\/wp\/v2\/pages\/1159\/revisions\/1617"}],"wp:attachment":[{"href":"http:\/\/www.madia.fr\/index.php?rest_route=%2Fwp%2Fv2%2Fmedia&parent=1159"}],"curies":[{"name":"wp","href":"https:\/\/api.w.org\/{rel}","templated":true}]}}