{"id":1171,"date":"2021-02-12T14:17:37","date_gmt":"2021-02-12T13:17:37","guid":{"rendered":"http:\/\/www.madia.fr\/?p=1171"},"modified":"2021-02-12T14:26:22","modified_gmt":"2021-02-12T13:26:22","slug":"degustation-de-nos-produits","status":"publish","type":"page","link":"http:\/\/www.madia.fr\/?page_id=1171","title":{"rendered":"D\u00e9gustation de nos produits"},"content":{"rendered":"\n<p>Apr\u00e8s l&rsquo;atelier en cuisine, les jeunes de l&rsquo;ESC \u00e9taient fiers et heureux en d\u00e9gustant leur propre produit de jardin potager<\/p>\n\n\n\n\n\n<figure class=\"wp-block-image size-large is-resized\"><a href=\"http:\/\/www.madia.fr\/wp-content\/uploads\/2021\/02\/les-jeunes-garcons-en-pleine-degustation.....cest-gentil.jpg\"><img loading=\"lazy\" decoding=\"async\" src=\"http:\/\/www.madia.fr\/wp-content\/uploads\/2021\/02\/les-jeunes-garcons-en-pleine-degustation.....cest-gentil-1024x768.jpg\" alt=\"\" class=\"wp-image-1172\" width=\"512\" height=\"384\" srcset=\"http:\/\/www.madia.fr\/wp-content\/uploads\/2021\/02\/les-jeunes-garcons-en-pleine-degustation.....cest-gentil-1024x768.jpg 1024w, http:\/\/www.madia.fr\/wp-content\/uploads\/2021\/02\/les-jeunes-garcons-en-pleine-degustation.....cest-gentil-300x225.jpg 300w, http:\/\/www.madia.fr\/wp-content\/uploads\/2021\/02\/les-jeunes-garcons-en-pleine-degustation.....cest-gentil-768x576.jpg 768w, http:\/\/www.madia.fr\/wp-content\/uploads\/2021\/02\/les-jeunes-garcons-en-pleine-degustation.....cest-gentil-1536x1152.jpg 1536w, http:\/\/www.madia.fr\/wp-content\/uploads\/2021\/02\/les-jeunes-garcons-en-pleine-degustation.....cest-gentil-2048x1536.jpg 2048w\" sizes=\"auto, (max-width: 512px) 100vw, 512px\" \/><\/a><figcaption>Ils ont avou\u00e9 que c&rsquo;\u00e9tait bon et d\u00e9licieux les courgettes farcies<\/figcaption><\/figure>\n\n\n\n<figure class=\"wp-block-image size-large is-resized\"><a href=\"http:\/\/www.madia.fr\/wp-content\/uploads\/2021\/02\/Ils-sont-vraiement-contents-davoir-goute-dune-autre-facon-leur-produit.jpg\"><img loading=\"lazy\" decoding=\"async\" src=\"http:\/\/www.madia.fr\/wp-content\/uploads\/2021\/02\/Ils-sont-vraiement-contents-davoir-goute-dune-autre-facon-leur-produit-1024x768.jpg\" alt=\"\" class=\"wp-image-1173\" width=\"512\" height=\"384\" srcset=\"http:\/\/www.madia.fr\/wp-content\/uploads\/2021\/02\/Ils-sont-vraiement-contents-davoir-goute-dune-autre-facon-leur-produit-1024x768.jpg 1024w, http:\/\/www.madia.fr\/wp-content\/uploads\/2021\/02\/Ils-sont-vraiement-contents-davoir-goute-dune-autre-facon-leur-produit-300x225.jpg 300w, http:\/\/www.madia.fr\/wp-content\/uploads\/2021\/02\/Ils-sont-vraiement-contents-davoir-goute-dune-autre-facon-leur-produit-768x576.jpg 768w, http:\/\/www.madia.fr\/wp-content\/uploads\/2021\/02\/Ils-sont-vraiement-contents-davoir-goute-dune-autre-facon-leur-produit-1536x1152.jpg 1536w, http:\/\/www.madia.fr\/wp-content\/uploads\/2021\/02\/Ils-sont-vraiement-contents-davoir-goute-dune-autre-facon-leur-produit-2048x1536.jpg 2048w\" sizes=\"auto, (max-width: 512px) 100vw, 512px\" \/><\/a><figcaption>Et les filles aussi, elles aiment beaucoup de faire la cuisine et d\u00e9couvrir une nouvelle fa\u00e7on de cuisiner les courgettes<\/figcaption><\/figure>\n\n\n\n<figure class=\"wp-block-image size-large is-resized\"><a href=\"http:\/\/www.madia.fr\/wp-content\/uploads\/2021\/02\/IMG_20210211_121639.jpg\"><img loading=\"lazy\" decoding=\"async\" src=\"http:\/\/www.madia.fr\/wp-content\/uploads\/2021\/02\/IMG_20210211_121639-1024x768.jpg\" alt=\"\" class=\"wp-image-1174\" width=\"512\" height=\"384\" srcset=\"http:\/\/www.madia.fr\/wp-content\/uploads\/2021\/02\/IMG_20210211_121639-1024x768.jpg 1024w, http:\/\/www.madia.fr\/wp-content\/uploads\/2021\/02\/IMG_20210211_121639-300x225.jpg 300w, http:\/\/www.madia.fr\/wp-content\/uploads\/2021\/02\/IMG_20210211_121639-768x576.jpg 768w, http:\/\/www.madia.fr\/wp-content\/uploads\/2021\/02\/IMG_20210211_121639-1536x1152.jpg 1536w, http:\/\/www.madia.fr\/wp-content\/uploads\/2021\/02\/IMG_20210211_121639-2048x1536.jpg 2048w\" sizes=\"auto, (max-width: 512px) 100vw, 512px\" \/><\/a><\/figure>\n\n\n\n<figure class=\"wp-block-image size-large is-resized\"><a href=\"http:\/\/www.madia.fr\/wp-content\/uploads\/2021\/02\/Les-haricots-dans-le-jardin-potager-de-lESC...Cela-fait-deux-mois-quon-les-a-plante..jpg\"><img loading=\"lazy\" decoding=\"async\" src=\"http:\/\/www.madia.fr\/wp-content\/uploads\/2021\/02\/Les-haricots-dans-le-jardin-potager-de-lESC...Cela-fait-deux-mois-quon-les-a-plante.-768x1024.jpg\" alt=\"\" class=\"wp-image-1175\" width=\"384\" height=\"512\" srcset=\"http:\/\/www.madia.fr\/wp-content\/uploads\/2021\/02\/Les-haricots-dans-le-jardin-potager-de-lESC...Cela-fait-deux-mois-quon-les-a-plante.-768x1024.jpg 768w, http:\/\/www.madia.fr\/wp-content\/uploads\/2021\/02\/Les-haricots-dans-le-jardin-potager-de-lESC...Cela-fait-deux-mois-quon-les-a-plante.-225x300.jpg 225w, http:\/\/www.madia.fr\/wp-content\/uploads\/2021\/02\/Les-haricots-dans-le-jardin-potager-de-lESC...Cela-fait-deux-mois-quon-les-a-plante.-1152x1536.jpg 1152w, http:\/\/www.madia.fr\/wp-content\/uploads\/2021\/02\/Les-haricots-dans-le-jardin-potager-de-lESC...Cela-fait-deux-mois-quon-les-a-plante.-1536x2048.jpg 1536w, http:\/\/www.madia.fr\/wp-content\/uploads\/2021\/02\/Les-haricots-dans-le-jardin-potager-de-lESC...Cela-fait-deux-mois-quon-les-a-plante..jpg 1920w\" sizes=\"auto, (max-width: 384px) 100vw, 384px\" \/><\/a><figcaption>Ce ne sont pas seulement de courgette  mais on a aussi des haricots qui vont \u00eatre r\u00e9colt\u00e9s apr\u00e8s 1 mois<\/figcaption><\/figure>\n","protected":false},"excerpt":{"rendered":"<p>Apr\u00e8s l&rsquo;atelier en cuisine, les jeunes de l&rsquo;ESC \u00e9taient fiers et heureux en d\u00e9gustant leur propre produit de jardin potager<\/p>\n","protected":false},"author":1,"featured_media":0,"parent":0,"menu_order":0,"comment_status":"closed","ping_status":"open","template":"","meta":{"footnotes":""},"class_list":["post-1171","page","type-page","status-publish","hentry"],"_links":{"self":[{"href":"http:\/\/www.madia.fr\/index.php?rest_route=\/wp\/v2\/pages\/1171","targetHints":{"allow":["GET"]}}],"collection":[{"href":"http:\/\/www.madia.fr\/index.php?rest_route=\/wp\/v2\/pages"}],"about":[{"href":"http:\/\/www.madia.fr\/index.php?rest_route=\/wp\/v2\/types\/page"}],"author":[{"embeddable":true,"href":"http:\/\/www.madia.fr\/index.php?rest_route=\/wp\/v2\/users\/1"}],"replies":[{"embeddable":true,"href":"http:\/\/www.madia.fr\/index.php?rest_route=%2Fwp%2Fv2%2Fcomments&post=1171"}],"version-history":[{"count":5,"href":"http:\/\/www.madia.fr\/index.php?rest_route=\/wp\/v2\/pages\/1171\/revisions"}],"predecessor-version":[{"id":1180,"href":"http:\/\/www.madia.fr\/index.php?rest_route=\/wp\/v2\/pages\/1171\/revisions\/1180"}],"wp:attachment":[{"href":"http:\/\/www.madia.fr\/index.php?rest_route=%2Fwp%2Fv2%2Fmedia&parent=1171"}],"curies":[{"name":"wp","href":"https:\/\/api.w.org\/{rel}","templated":true}]}}