{"id":1195,"date":"2021-02-19T09:31:07","date_gmt":"2021-02-19T08:31:07","guid":{"rendered":"http:\/\/www.madia.fr\/?p=1195"},"modified":"2021-02-19T09:31:08","modified_gmt":"2021-02-19T08:31:08","slug":"reunion-des-parents-a-lesc","status":"publish","type":"page","link":"http:\/\/www.madia.fr\/?page_id=1195","title":{"rendered":"R\u00e9union des parents \u00e0 l&rsquo;ESC"},"content":{"rendered":"\n<p>Une r\u00e9union des parents doit \u00eatre organis\u00e9e chaque deuxi\u00e8me samedi du mois afin de partager et de recueillir des informations envers les parents de jeunes. Cette fois-ci, la pr\u00e9sidente de l&rsquo;AIC, Bernadette Ramaroson, a assist\u00e9 et donn\u00e9 des directives claires aux parents et aux jeunes sortants. Elle a mentionn\u00e9 dans son intervention un rappel sur le \u00ab\u00a0contrat\u00a0\u00bb, le respect de la discipline et l&rsquo;importance l&rsquo;\u00e9ducation offerte par l&rsquo;ESC.<\/p>\n\n\n\n<figure class=\"wp-block-image size-large is-resized\"><a href=\"http:\/\/www.madia.fr\/wp-content\/uploads\/2021\/02\/La-presidente-de-lAIC.png\"><img loading=\"lazy\" decoding=\"async\" src=\"http:\/\/www.madia.fr\/wp-content\/uploads\/2021\/02\/La-presidente-de-lAIC.png\" alt=\"\" class=\"wp-image-1196\" width=\"436\" height=\"323\" srcset=\"http:\/\/www.madia.fr\/wp-content\/uploads\/2021\/02\/La-presidente-de-lAIC.png 871w, http:\/\/www.madia.fr\/wp-content\/uploads\/2021\/02\/La-presidente-de-lAIC-300x222.png 300w, http:\/\/www.madia.fr\/wp-content\/uploads\/2021\/02\/La-presidente-de-lAIC-768x569.png 768w\" sizes=\"auto, (max-width: 436px) 100vw, 436px\" \/><\/a><figcaption><em>La pr\u00e9sidente de l&rsquo;AIC expose la rigueur lors des rappels aux b\u00e9n\u00e9ficiaires<\/em><\/figcaption><\/figure>\n\n\n\n<figure class=\"wp-block-image size-large is-resized\"><a href=\"http:\/\/www.madia.fr\/wp-content\/uploads\/2021\/02\/en-plein-air.png\"><img loading=\"lazy\" decoding=\"async\" src=\"http:\/\/www.madia.fr\/wp-content\/uploads\/2021\/02\/en-plein-air.png\" alt=\"\" class=\"wp-image-1197\" width=\"436\" height=\"320\" srcset=\"http:\/\/www.madia.fr\/wp-content\/uploads\/2021\/02\/en-plein-air.png 872w, http:\/\/www.madia.fr\/wp-content\/uploads\/2021\/02\/en-plein-air-300x220.png 300w, http:\/\/www.madia.fr\/wp-content\/uploads\/2021\/02\/en-plein-air-768x564.png 768w\" sizes=\"auto, (max-width: 436px) 100vw, 436px\" \/><\/a><figcaption>Les parents et les jeunes de toute promotion ont \u00e9t\u00e9 pr\u00e9sents \u00e0 la r\u00e9union<\/figcaption><\/figure>\n\n\n\n<figure class=\"wp-block-image size-large is-resized\"><a href=\"http:\/\/www.madia.fr\/wp-content\/uploads\/2021\/02\/Presence-de-quelques-membres-de-lAIC.png\"><img loading=\"lazy\" decoding=\"async\" src=\"http:\/\/www.madia.fr\/wp-content\/uploads\/2021\/02\/Presence-de-quelques-membres-de-lAIC.png\" alt=\"\" class=\"wp-image-1198\" width=\"439\" height=\"329\" srcset=\"http:\/\/www.madia.fr\/wp-content\/uploads\/2021\/02\/Presence-de-quelques-membres-de-lAIC.png 877w, http:\/\/www.madia.fr\/wp-content\/uploads\/2021\/02\/Presence-de-quelques-membres-de-lAIC-300x225.png 300w, http:\/\/www.madia.fr\/wp-content\/uploads\/2021\/02\/Presence-de-quelques-membres-de-lAIC-768x576.png 768w\" sizes=\"auto, (max-width: 439px) 100vw, 439px\" \/><\/a><figcaption><em>Quelques membres de l&rsquo;AIC ont \u00e9t\u00e9 \u00e9galement assist\u00e9s la r\u00e9union<\/em><\/figcaption><\/figure>\n\n\n\n<p><\/p>\n","protected":false},"excerpt":{"rendered":"<p>Une r\u00e9union des parents doit \u00eatre organis\u00e9e chaque deuxi\u00e8me samedi du mois afin de partager et de recueillir des informations envers les parents de jeunes. Cette fois-ci, la pr\u00e9sidente de l&rsquo;AIC, Bernadette Ramaroson, a assist\u00e9 et donn\u00e9 des directives claires aux parents et aux jeunes sortants. Elle a mentionn\u00e9 dans son intervention un rappel sur [&hellip;]<\/p>\n","protected":false},"author":1,"featured_media":0,"parent":0,"menu_order":0,"comment_status":"closed","ping_status":"open","template":"","meta":{"footnotes":""},"class_list":["post-1195","page","type-page","status-publish","hentry"],"_links":{"self":[{"href":"http:\/\/www.madia.fr\/index.php?rest_route=\/wp\/v2\/pages\/1195","targetHints":{"allow":["GET"]}}],"collection":[{"href":"http:\/\/www.madia.fr\/index.php?rest_route=\/wp\/v2\/pages"}],"about":[{"href":"http:\/\/www.madia.fr\/index.php?rest_route=\/wp\/v2\/types\/page"}],"author":[{"embeddable":true,"href":"http:\/\/www.madia.fr\/index.php?rest_route=\/wp\/v2\/users\/1"}],"replies":[{"embeddable":true,"href":"http:\/\/www.madia.fr\/index.php?rest_route=%2Fwp%2Fv2%2Fcomments&post=1195"}],"version-history":[{"count":3,"href":"http:\/\/www.madia.fr\/index.php?rest_route=\/wp\/v2\/pages\/1195\/revisions"}],"predecessor-version":[{"id":1208,"href":"http:\/\/www.madia.fr\/index.php?rest_route=\/wp\/v2\/pages\/1195\/revisions\/1208"}],"wp:attachment":[{"href":"http:\/\/www.madia.fr\/index.php?rest_route=%2Fwp%2Fv2%2Fmedia&parent=1195"}],"curies":[{"name":"wp","href":"https:\/\/api.w.org\/{rel}","templated":true}]}}