{"id":1211,"date":"2021-03-13T09:05:17","date_gmt":"2021-03-13T08:05:17","guid":{"rendered":"http:\/\/www.madia.fr\/?p=1211"},"modified":"2021-03-16T10:05:22","modified_gmt":"2021-03-16T09:05:22","slug":"recolte-des-haricots","status":"publish","type":"page","link":"http:\/\/www.madia.fr\/?page_id=1211","title":{"rendered":"R\u00e9colte des haricots"},"content":{"rendered":"\n<p>Trois mois apr\u00e8s la plantation, les haricots ont \u00e9t\u00e9 r\u00e9colt\u00e9s par les jeunes. On a obtenu 15 kp (kapoaka) soit 5kg de haricots en grains.<\/p>\n\n\n\n<figure class=\"wp-block-image size-large is-resized\"><a href=\"http:\/\/www.madia.fr\/wp-content\/uploads\/2021\/03\/tsaramaso3.png\"><img loading=\"lazy\" decoding=\"async\" src=\"http:\/\/www.madia.fr\/wp-content\/uploads\/2021\/03\/tsaramaso3.png\" alt=\"\" class=\"wp-image-1214\" width=\"435\" height=\"327\" srcset=\"http:\/\/www.madia.fr\/wp-content\/uploads\/2021\/03\/tsaramaso3.png 870w, http:\/\/www.madia.fr\/wp-content\/uploads\/2021\/03\/tsaramaso3-300x225.png 300w, http:\/\/www.madia.fr\/wp-content\/uploads\/2021\/03\/tsaramaso3-768x576.png 768w\" sizes=\"auto, (max-width: 435px) 100vw, 435px\" \/><\/a><figcaption><em>Ils ont travaill\u00e9 ensemble pour prouver leur solidarit\u00e9, encadr\u00e9s par les animateurs <\/em><\/figcaption><\/figure>\n\n\n\n<figure class=\"wp-block-image size-large is-resized\"><a href=\"http:\/\/www.madia.fr\/wp-content\/uploads\/2021\/03\/tsaramaso2.png\"><img loading=\"lazy\" decoding=\"async\" src=\"http:\/\/www.madia.fr\/wp-content\/uploads\/2021\/03\/tsaramaso2.png\" alt=\"\" class=\"wp-image-1215\" width=\"441\" height=\"324\" srcset=\"http:\/\/www.madia.fr\/wp-content\/uploads\/2021\/03\/tsaramaso2.png 882w, http:\/\/www.madia.fr\/wp-content\/uploads\/2021\/03\/tsaramaso2-300x220.png 300w, http:\/\/www.madia.fr\/wp-content\/uploads\/2021\/03\/tsaramaso2-768x563.png 768w\" sizes=\"auto, (max-width: 441px) 100vw, 441px\" \/><\/a><figcaption><em>Les  gar\u00e7ons de l&rsquo;ESC sont tr\u00e8s fiers de leurs produits agricoles<\/em><\/figcaption><\/figure>\n\n\n\n<p><\/p>\n","protected":false},"excerpt":{"rendered":"<p>Trois mois apr\u00e8s la plantation, les haricots ont \u00e9t\u00e9 r\u00e9colt\u00e9s par les jeunes. On a obtenu 15 kp (kapoaka) soit 5kg de haricots en grains.<\/p>\n","protected":false},"author":1,"featured_media":0,"parent":0,"menu_order":0,"comment_status":"closed","ping_status":"open","template":"","meta":{"footnotes":""},"class_list":["post-1211","page","type-page","status-publish","hentry"],"_links":{"self":[{"href":"http:\/\/www.madia.fr\/index.php?rest_route=\/wp\/v2\/pages\/1211","targetHints":{"allow":["GET"]}}],"collection":[{"href":"http:\/\/www.madia.fr\/index.php?rest_route=\/wp\/v2\/pages"}],"about":[{"href":"http:\/\/www.madia.fr\/index.php?rest_route=\/wp\/v2\/types\/page"}],"author":[{"embeddable":true,"href":"http:\/\/www.madia.fr\/index.php?rest_route=\/wp\/v2\/users\/1"}],"replies":[{"embeddable":true,"href":"http:\/\/www.madia.fr\/index.php?rest_route=%2Fwp%2Fv2%2Fcomments&post=1211"}],"version-history":[{"count":7,"href":"http:\/\/www.madia.fr\/index.php?rest_route=\/wp\/v2\/pages\/1211\/revisions"}],"predecessor-version":[{"id":1259,"href":"http:\/\/www.madia.fr\/index.php?rest_route=\/wp\/v2\/pages\/1211\/revisions\/1259"}],"wp:attachment":[{"href":"http:\/\/www.madia.fr\/index.php?rest_route=%2Fwp%2Fv2%2Fmedia&parent=1211"}],"curies":[{"name":"wp","href":"https:\/\/api.w.org\/{rel}","templated":true}]}}