{"id":1218,"date":"2021-03-16T09:46:29","date_gmt":"2021-03-16T08:46:29","guid":{"rendered":"http:\/\/www.madia.fr\/?p=1218"},"modified":"2023-02-04T09:58:31","modified_gmt":"2023-02-04T08:58:31","slug":"intervention-professionnelle-et-visite-atelier","status":"publish","type":"page","link":"http:\/\/www.madia.fr\/?page_id=1218","title":{"rendered":"Intervention professionnelle et visite atelier"},"content":{"rendered":"\n<p>Comme chaque ann\u00e9e de pr\u00e9paration et d&rsquo;orientation \u00e0 l&rsquo;ESC, des s\u00e9ances d&rsquo;intervention professionnelle et de visite des ateliers et des entreprises doivent prises en compte dans le programme des activit\u00e9s.Cette semaine de 01 au 05 mars 2021 a \u00e9t\u00e9 marqu\u00e9e une intervention et une visite atelier.<\/p>\n\n\n\n<figure class=\"wp-block-image size-large is-resized\"><a href=\"http:\/\/www.madia.fr\/wp-content\/uploads\/2021\/03\/FCL.png\"><img loading=\"lazy\" decoding=\"async\" src=\"http:\/\/www.madia.fr\/wp-content\/uploads\/2021\/03\/FCL.png\" alt=\"\" class=\"wp-image-1220\" width=\"433\" height=\"323\" srcset=\"http:\/\/www.madia.fr\/wp-content\/uploads\/2021\/03\/FCL.png 866w, http:\/\/www.madia.fr\/wp-content\/uploads\/2021\/03\/FCL-300x224.png 300w, http:\/\/www.madia.fr\/wp-content\/uploads\/2021\/03\/FCL-768x573.png 768w\" sizes=\"auto, (max-width: 433px) 100vw, 433px\" \/><\/a><figcaption class=\"wp-element-caption\">Madame Anita, formatrice en commis d\u2019h\u00e9bergement au CFP La rizi\u00e8re, a explique aux jeunes l&rsquo;aspect g\u00e9n\u00e9ral du m\u00e9tier de femme de chambre et valet de chambre<\/figcaption><\/figure>\n\n\n\n<p>Plusieurs jeunes des promotions pr\u00e9c\u00e9dentes sont au CFP La Rizi\u00e8re.<\/p>\n\n\n\n<figure class=\"wp-block-image size-large is-resized\"><a href=\"http:\/\/www.madia.fr\/wp-content\/uploads\/2021\/03\/BOBO.png\"><img loading=\"lazy\" decoding=\"async\" src=\"http:\/\/www.madia.fr\/wp-content\/uploads\/2021\/03\/BOBO.png\" alt=\"\" class=\"wp-image-1221\" width=\"437\" height=\"321\" srcset=\"http:\/\/www.madia.fr\/wp-content\/uploads\/2021\/03\/BOBO.png 873w, http:\/\/www.madia.fr\/wp-content\/uploads\/2021\/03\/BOBO-300x221.png 300w, http:\/\/www.madia.fr\/wp-content\/uploads\/2021\/03\/BOBO-768x565.png 768w\" sizes=\"auto, (max-width: 437px) 100vw, 437px\" \/><\/a><figcaption class=\"wp-element-caption\">L&rsquo;atelier BOB0 (\u00e0 service d&rsquo;ouvrage m\u00e9tallique et pneumatique) \u00e0 Ankazondrano a accueilli nos jeunes pour la visite.<\/figcaption><\/figure>\n\n\n\n<figure class=\"wp-block-image size-large is-resized\"><a href=\"http:\/\/www.madia.fr\/wp-content\/uploads\/2021\/03\/BOBO1.png\"><img loading=\"lazy\" decoding=\"async\" src=\"http:\/\/www.madia.fr\/wp-content\/uploads\/2021\/03\/BOBO1.png\" alt=\"\" class=\"wp-image-1222\" width=\"436\" height=\"325\" srcset=\"http:\/\/www.madia.fr\/wp-content\/uploads\/2021\/03\/BOBO1.png 872w, http:\/\/www.madia.fr\/wp-content\/uploads\/2021\/03\/BOBO1-300x224.png 300w, http:\/\/www.madia.fr\/wp-content\/uploads\/2021\/03\/BOBO1-768x572.png 768w\" sizes=\"auto, (max-width: 436px) 100vw, 436px\" \/><\/a><figcaption class=\"wp-element-caption\">Les gar\u00e7ons ont \u00e9t\u00e9 int\u00e9ress\u00e9s par ce m\u00e9tier . Ils ont observ\u00e9 les outils et mat\u00e9riels et ont pos\u00e9 beaucoup des questions aux ouvriers .<\/figcaption><\/figure>\n\n\n","protected":false},"excerpt":{"rendered":"<p>Comme chaque ann\u00e9e de pr\u00e9paration et d&rsquo;orientation \u00e0 l&rsquo;ESC, des s\u00e9ances d&rsquo;intervention professionnelle et de visite des ateliers et des entreprises doivent prises en compte dans le programme des activit\u00e9s.Cette semaine de 01 au 05 mars 2021 a \u00e9t\u00e9 marqu\u00e9e une intervention et une visite atelier. Plusieurs jeunes des promotions pr\u00e9c\u00e9dentes sont au CFP La [&hellip;]<\/p>\n","protected":false},"author":1,"featured_media":0,"parent":0,"menu_order":0,"comment_status":"closed","ping_status":"open","template":"","meta":{"footnotes":""},"class_list":["post-1218","page","type-page","status-publish","hentry"],"_links":{"self":[{"href":"http:\/\/www.madia.fr\/index.php?rest_route=\/wp\/v2\/pages\/1218","targetHints":{"allow":["GET"]}}],"collection":[{"href":"http:\/\/www.madia.fr\/index.php?rest_route=\/wp\/v2\/pages"}],"about":[{"href":"http:\/\/www.madia.fr\/index.php?rest_route=\/wp\/v2\/types\/page"}],"author":[{"embeddable":true,"href":"http:\/\/www.madia.fr\/index.php?rest_route=\/wp\/v2\/users\/1"}],"replies":[{"embeddable":true,"href":"http:\/\/www.madia.fr\/index.php?rest_route=%2Fwp%2Fv2%2Fcomments&post=1218"}],"version-history":[{"count":4,"href":"http:\/\/www.madia.fr\/index.php?rest_route=\/wp\/v2\/pages\/1218\/revisions"}],"predecessor-version":[{"id":1618,"href":"http:\/\/www.madia.fr\/index.php?rest_route=\/wp\/v2\/pages\/1218\/revisions\/1618"}],"wp:attachment":[{"href":"http:\/\/www.madia.fr\/index.php?rest_route=%2Fwp%2Fv2%2Fmedia&parent=1218"}],"curies":[{"name":"wp","href":"https:\/\/api.w.org\/{rel}","templated":true}]}}