{"id":127,"date":"2015-10-21T19:58:14","date_gmt":"2015-10-21T18:58:14","guid":{"rendered":"http:\/\/www.madia.fr\/?page_id=127"},"modified":"2015-10-22T20:21:12","modified_gmt":"2015-10-22T19:21:12","slug":"la-rentree-2015","status":"publish","type":"page","link":"http:\/\/www.madia.fr\/?page_id=127","title":{"rendered":"La rentr\u00e9e 2015"},"content":{"rendered":"<p>&nbsp;<\/p>\n<p style=\"text-align: justify;\"><a href=\"http:\/\/www.madia.fr\/wp-content\/uploads\/2015\/10\/IMAG2462-600-x-359.jpg\"><img loading=\"lazy\" decoding=\"async\" class=\"size-medium wp-image-151 aligncenter\" src=\"http:\/\/www.madia.fr\/wp-content\/uploads\/2015\/10\/IMAG2462-600-x-359-300x180.jpg\" alt=\"IMAG2462 (600 x 359)\" width=\"300\" height=\"180\" srcset=\"http:\/\/www.madia.fr\/wp-content\/uploads\/2015\/10\/IMAG2462-600-x-359-300x180.jpg 300w, http:\/\/www.madia.fr\/wp-content\/uploads\/2015\/10\/IMAG2462-600-x-359.jpg 600w\" sizes=\"auto, (max-width: 300px) 100vw, 300px\" \/><\/a><\/p>\n<p>La rentr\u00e9e de l&rsquo;ann\u00e9e scolaire 2015\/2016 s&rsquo;est faite lundi 19 octobre 2015.\u00a0Au\u00a0Foyer Sainte-Louise de Fianarantsoa,\u00a0la cantine, \u00e0 laquelle nous contribuons, a ouvert le m\u00eame jour.<\/p>\n<p style=\"text-align: justify;\">131 enfants sont\u00a0inscrits et pr\u00e9sents le midi ; les effectifs se r\u00e9partissent en 35 enfants en maternelle, 80 en primaire et 16 en secondaire.\u00a0Comme chaque ann\u00e9e, les inscriptions grimpent r\u00e9guli\u00e8rement jusqu&rsquo;en d\u00e9cembre pour atteindre 200 enfants. Tous les \u00e9l\u00e8ves sont accompagn\u00e9s par un des cinq accompagnateurs.<\/p>\n<p style=\"text-align: justify;\">Deux\u00a0cuisini\u00e8res\u00a0pr\u00e9parent la cuisine et des jeunes filles aident pour la distribution des repas et la vaisselle.<\/p>\n<p style=\"text-align: justify;\">Les menus sont vari\u00e9s :<\/p>\n<ul style=\"text-align: justify;\">\n<li style=\"text-align: left;\">Lundi et Mercredi\u00a0: Haricots blancs en sauce<\/li>\n<li style=\"text-align: left;\">Mardi et Jeudi\u00a0: Br\u00e8des saut\u00e9es + Patsa ( sorte de petites crevettes)<\/li>\n<li style=\"text-align: left;\">Vendredi\u00a0: L\u00e9gumes frais<\/li>\n<\/ul>\n<p style=\"text-align: justify;\">Et du riz \u00e0 chaque repas.<\/p>\n<p style=\"text-align: center;\">\u00a0 \u00a0 \u00a0 \u00a0 \u00a0 \u00a0\u00a0<a href=\"http:\/\/www.madia.fr\/wp-content\/uploads\/2015\/10\/IMAG2470-600-x-359.jpg\"><img loading=\"lazy\" decoding=\"async\" class=\"alignnone size-medium wp-image-150\" src=\"http:\/\/www.madia.fr\/wp-content\/uploads\/2015\/10\/IMAG2470-600-x-359-300x180.jpg\" alt=\"IMAG2470 (600 x 359)\" width=\"300\" height=\"180\" srcset=\"http:\/\/www.madia.fr\/wp-content\/uploads\/2015\/10\/IMAG2470-600-x-359-300x180.jpg 300w, http:\/\/www.madia.fr\/wp-content\/uploads\/2015\/10\/IMAG2470-600-x-359.jpg 600w\" sizes=\"auto, (max-width: 300px) 100vw, 300px\" \/><\/a><\/p>\n","protected":false},"excerpt":{"rendered":"<p>&nbsp; La rentr\u00e9e de l&rsquo;ann\u00e9e scolaire 2015\/2016 s&rsquo;est faite lundi 19 octobre 2015.\u00a0Au\u00a0Foyer Sainte-Louise de Fianarantsoa,\u00a0la cantine, \u00e0 laquelle nous contribuons, a ouvert le m\u00eame jour. 131 enfants sont\u00a0inscrits et pr\u00e9sents le midi ; les effectifs se r\u00e9partissent en 35 enfants en maternelle, 80 en primaire et 16 en secondaire.\u00a0Comme chaque ann\u00e9e, les inscriptions grimpent [&hellip;]<\/p>\n","protected":false},"author":1,"featured_media":0,"parent":26,"menu_order":0,"comment_status":"closed","ping_status":"closed","template":"page_madia.php","meta":{"footnotes":""},"class_list":["post-127","page","type-page","status-publish","hentry"],"_links":{"self":[{"href":"http:\/\/www.madia.fr\/index.php?rest_route=\/wp\/v2\/pages\/127","targetHints":{"allow":["GET"]}}],"collection":[{"href":"http:\/\/www.madia.fr\/index.php?rest_route=\/wp\/v2\/pages"}],"about":[{"href":"http:\/\/www.madia.fr\/index.php?rest_route=\/wp\/v2\/types\/page"}],"author":[{"embeddable":true,"href":"http:\/\/www.madia.fr\/index.php?rest_route=\/wp\/v2\/users\/1"}],"replies":[{"embeddable":true,"href":"http:\/\/www.madia.fr\/index.php?rest_route=%2Fwp%2Fv2%2Fcomments&post=127"}],"version-history":[{"count":20,"href":"http:\/\/www.madia.fr\/index.php?rest_route=\/wp\/v2\/pages\/127\/revisions"}],"predecessor-version":[{"id":152,"href":"http:\/\/www.madia.fr\/index.php?rest_route=\/wp\/v2\/pages\/127\/revisions\/152"}],"up":[{"embeddable":true,"href":"http:\/\/www.madia.fr\/index.php?rest_route=\/wp\/v2\/pages\/26"}],"wp:attachment":[{"href":"http:\/\/www.madia.fr\/index.php?rest_route=%2Fwp%2Fv2%2Fmedia&parent=127"}],"curies":[{"name":"wp","href":"https:\/\/api.w.org\/{rel}","templated":true}]}}