{"id":1274,"date":"2021-05-07T07:47:01","date_gmt":"2021-05-07T06:47:01","guid":{"rendered":"http:\/\/www.madia.fr\/?p=1274"},"modified":"2021-05-07T07:47:54","modified_gmt":"2021-05-07T06:47:54","slug":"travaux-de-rehabilitation-a-laic","status":"publish","type":"page","link":"http:\/\/www.madia.fr\/?page_id=1274","title":{"rendered":"Suite des r\u00e9habilitations"},"content":{"rendered":"\n<p>Le vestiaire  a \u00e9galement \u00e9t\u00e9  r\u00e9habilit\u00e9 : peinture des murs et des portes de communication et pourvu d&rsquo;un \u00e9clairage.<\/p>\n\n\n\n<figure class=\"wp-block-image size-large is-resized\"><a href=\"http:\/\/www.madia.fr\/wp-content\/uploads\/2021\/05\/une-vestiere-bien-rehabilite-et-electricifiee-450-x-600.jpg\"><img loading=\"lazy\" decoding=\"async\" src=\"http:\/\/www.madia.fr\/wp-content\/uploads\/2021\/05\/une-vestiere-bien-rehabilite-et-electricifiee-450-x-600.jpg\" alt=\"\" class=\"wp-image-1275\" width=\"338\" height=\"450\" srcset=\"http:\/\/www.madia.fr\/wp-content\/uploads\/2021\/05\/une-vestiere-bien-rehabilite-et-electricifiee-450-x-600.jpg 450w, http:\/\/www.madia.fr\/wp-content\/uploads\/2021\/05\/une-vestiere-bien-rehabilite-et-electricifiee-450-x-600-225x300.jpg 225w\" sizes=\"auto, (max-width: 338px) 100vw, 338px\" \/><\/a><figcaption>Par rapport \u00e0 son \u00e9tat d&rsquo;avant, la vestiaire pour les  jeunes de l&rsquo;ESC permettra de ranger l&rsquo;\u00e9quipement d&rsquo;hygi\u00e8ne, les mat\u00e9riels de sports, les serviettes, les brosses \u00e0 dents.<\/figcaption><\/figure>\n\n\n\n<figure class=\"wp-block-image size-large is-resized\"><a href=\"http:\/\/www.madia.fr\/wp-content\/uploads\/2021\/05\/salle-eclaire-par-un-nouvelelle-lampe-et-tableau-bien-teinte-en-noir-600-x-450.jpg\"><img loading=\"lazy\" decoding=\"async\" src=\"http:\/\/www.madia.fr\/wp-content\/uploads\/2021\/05\/salle-eclaire-par-un-nouvelelle-lampe-et-tableau-bien-teinte-en-noir-600-x-450.jpg\" alt=\"\" class=\"wp-image-1277\" width=\"450\" height=\"338\" srcset=\"http:\/\/www.madia.fr\/wp-content\/uploads\/2021\/05\/salle-eclaire-par-un-nouvelelle-lampe-et-tableau-bien-teinte-en-noir-600-x-450.jpg 600w, http:\/\/www.madia.fr\/wp-content\/uploads\/2021\/05\/salle-eclaire-par-un-nouvelelle-lampe-et-tableau-bien-teinte-en-noir-600-x-450-300x225.jpg 300w\" sizes=\"auto, (max-width: 450px) 100vw, 450px\" \/><\/a><figcaption>Un  nouvel \u00e9quipements \u00e9lectrique a \u00e9t\u00e9 install\u00e9 dans toutes les salles r\u00e9habilit\u00e9es  : lampes, prises, fils et protection des fils.<\/figcaption><\/figure>\n","protected":false},"excerpt":{"rendered":"<p>Le vestiaire a \u00e9galement \u00e9t\u00e9 r\u00e9habilit\u00e9 : peinture des murs et des portes de communication et pourvu d&rsquo;un \u00e9clairage.<\/p>\n","protected":false},"author":1,"featured_media":0,"parent":0,"menu_order":0,"comment_status":"closed","ping_status":"open","template":"","meta":{"footnotes":""},"class_list":["post-1274","page","type-page","status-publish","hentry"],"_links":{"self":[{"href":"http:\/\/www.madia.fr\/index.php?rest_route=\/wp\/v2\/pages\/1274","targetHints":{"allow":["GET"]}}],"collection":[{"href":"http:\/\/www.madia.fr\/index.php?rest_route=\/wp\/v2\/pages"}],"about":[{"href":"http:\/\/www.madia.fr\/index.php?rest_route=\/wp\/v2\/types\/page"}],"author":[{"embeddable":true,"href":"http:\/\/www.madia.fr\/index.php?rest_route=\/wp\/v2\/users\/1"}],"replies":[{"embeddable":true,"href":"http:\/\/www.madia.fr\/index.php?rest_route=%2Fwp%2Fv2%2Fcomments&post=1274"}],"version-history":[{"count":8,"href":"http:\/\/www.madia.fr\/index.php?rest_route=\/wp\/v2\/pages\/1274\/revisions"}],"predecessor-version":[{"id":1306,"href":"http:\/\/www.madia.fr\/index.php?rest_route=\/wp\/v2\/pages\/1274\/revisions\/1306"}],"wp:attachment":[{"href":"http:\/\/www.madia.fr\/index.php?rest_route=%2Fwp%2Fv2%2Fmedia&parent=1274"}],"curies":[{"name":"wp","href":"https:\/\/api.w.org\/{rel}","templated":true}]}}