{"id":1328,"date":"2021-09-10T17:54:37","date_gmt":"2021-09-10T16:54:37","guid":{"rendered":"http:\/\/www.madia.fr\/?page_id=1328"},"modified":"2021-09-10T17:54:38","modified_gmt":"2021-09-10T16:54:38","slug":"lettre-23-de-aout-2021","status":"publish","type":"page","link":"http:\/\/www.madia.fr\/?page_id=1328","title":{"rendered":"Lettre 23 de ao\u00fbt 2021"},"content":{"rendered":"<p>Notre lettre d&rsquo;information n\u00b023 de ao\u00fbt 2021 est sortie. Elle donne l&rsquo;actualit\u00e9 de l&rsquo;association. N&rsquo;h\u00e9sitez pas \u00e0 la t\u00e9l\u00e9charger <a href=\"http:\/\/www.madia.fr\/wp-content\/uploads\/2021\/09\/nl23.pdf\">ici<\/a>.<\/p>\n<p><!-- \/wp:post-content --><\/p>\n<p><!-- wp:paragraph --><\/p>\n<p>Vos r\u00e9actions sont les bienvenues en \u00e9crivant\u00a0au <a href=\"mailto:webmaster@madia.fr?subject=Lettre%20Info%203\">Webmaster<\/a><\/p>\n\n<!-- wp:paragraph -->\n<p><\/p>\n<!-- \/wp:paragraph -->","protected":false},"excerpt":{"rendered":"<p>Notre lettre d&rsquo;information n\u00b023 de ao\u00fbt 2021 est sortie. Elle donne l&rsquo;actualit\u00e9 de l&rsquo;association. N&rsquo;h\u00e9sitez pas \u00e0 la t\u00e9l\u00e9charger ici. Vos r\u00e9actions sont les bienvenues en \u00e9crivant\u00a0au Webmaster<\/p>\n","protected":false},"author":1,"featured_media":0,"parent":0,"menu_order":0,"comment_status":"closed","ping_status":"closed","template":"","meta":{"footnotes":""},"class_list":["post-1328","page","type-page","status-publish","hentry"],"_links":{"self":[{"href":"http:\/\/www.madia.fr\/index.php?rest_route=\/wp\/v2\/pages\/1328","targetHints":{"allow":["GET"]}}],"collection":[{"href":"http:\/\/www.madia.fr\/index.php?rest_route=\/wp\/v2\/pages"}],"about":[{"href":"http:\/\/www.madia.fr\/index.php?rest_route=\/wp\/v2\/types\/page"}],"author":[{"embeddable":true,"href":"http:\/\/www.madia.fr\/index.php?rest_route=\/wp\/v2\/users\/1"}],"replies":[{"embeddable":true,"href":"http:\/\/www.madia.fr\/index.php?rest_route=%2Fwp%2Fv2%2Fcomments&post=1328"}],"version-history":[{"count":2,"href":"http:\/\/www.madia.fr\/index.php?rest_route=\/wp\/v2\/pages\/1328\/revisions"}],"predecessor-version":[{"id":1372,"href":"http:\/\/www.madia.fr\/index.php?rest_route=\/wp\/v2\/pages\/1328\/revisions\/1372"}],"wp:attachment":[{"href":"http:\/\/www.madia.fr\/index.php?rest_route=%2Fwp%2Fv2%2Fmedia&parent=1328"}],"curies":[{"name":"wp","href":"https:\/\/api.w.org\/{rel}","templated":true}]}}