{"id":1389,"date":"2022-02-17T10:21:11","date_gmt":"2022-02-17T09:21:11","guid":{"rendered":"http:\/\/www.madia.fr\/?p=1389"},"modified":"2022-06-29T08:32:19","modified_gmt":"2022-06-29T07:32:19","slug":"lettre-26-de-fevrier-2022","status":"publish","type":"page","link":"http:\/\/www.madia.fr\/?page_id=1389","title":{"rendered":"Lettre 26 de f\u00e9vrier 2022"},"content":{"rendered":"\n<p>Notre lettre d&rsquo;information n\u00b0 26 est sortie. <br><br>Elle est enti\u00e8rement consacr\u00e9e au cyclone qui a touch\u00e9 Madagascar il y a quelques jours et \u00e0 ses premi\u00e8res cons\u00e9quences.<br><br>N\u2019h\u00e9sitez pas \u00e0 la t\u00e9l\u00e9charger ci-dessous :<\/p>\n\n\n\n<div class=\"wp-block-file\"><a id=\"wp-block-file--media-25b6be25-babe-49f4-ba7a-2ebba016946c\" href=\"http:\/\/www.madia.fr\/wp-content\/uploads\/2022\/02\/nl26.pdf\">nl26<\/a><a href=\"http:\/\/www.madia.fr\/wp-content\/uploads\/2022\/02\/nl26.pdf\" class=\"wp-block-file__button\" download aria-describedby=\"wp-block-file--media-25b6be25-babe-49f4-ba7a-2ebba016946c\">T\u00e9l\u00e9charger<\/a><\/div>\n\n\n\n<p>Vos r\u00e9actions sont les bienvenus en \u00e9crivant au <a href=\"webmaster@madia.fr\">Webmaster<\/a>.<br><\/p>\n","protected":false},"excerpt":{"rendered":"<p>Notre lettre d&rsquo;information n\u00b0 26 est sortie. Elle est enti\u00e8rement consacr\u00e9e au cyclone qui a touch\u00e9 Madagascar il y a quelques jours et \u00e0 ses premi\u00e8res cons\u00e9quences. N\u2019h\u00e9sitez pas \u00e0 la t\u00e9l\u00e9charger ci-dessous : Vos r\u00e9actions sont les bienvenus en \u00e9crivant au Webmaster.<\/p>\n","protected":false},"author":1,"featured_media":0,"parent":0,"menu_order":0,"comment_status":"closed","ping_status":"open","template":"","meta":{"footnotes":""},"class_list":["post-1389","page","type-page","status-publish","hentry"],"_links":{"self":[{"href":"http:\/\/www.madia.fr\/index.php?rest_route=\/wp\/v2\/pages\/1389","targetHints":{"allow":["GET"]}}],"collection":[{"href":"http:\/\/www.madia.fr\/index.php?rest_route=\/wp\/v2\/pages"}],"about":[{"href":"http:\/\/www.madia.fr\/index.php?rest_route=\/wp\/v2\/types\/page"}],"author":[{"embeddable":true,"href":"http:\/\/www.madia.fr\/index.php?rest_route=\/wp\/v2\/users\/1"}],"replies":[{"embeddable":true,"href":"http:\/\/www.madia.fr\/index.php?rest_route=%2Fwp%2Fv2%2Fcomments&post=1389"}],"version-history":[{"count":7,"href":"http:\/\/www.madia.fr\/index.php?rest_route=\/wp\/v2\/pages\/1389\/revisions"}],"predecessor-version":[{"id":1500,"href":"http:\/\/www.madia.fr\/index.php?rest_route=\/wp\/v2\/pages\/1389\/revisions\/1500"}],"wp:attachment":[{"href":"http:\/\/www.madia.fr\/index.php?rest_route=%2Fwp%2Fv2%2Fmedia&parent=1389"}],"curies":[{"name":"wp","href":"https:\/\/api.w.org\/{rel}","templated":true}]}}