{"id":1432,"date":"2022-03-01T19:35:33","date_gmt":"2022-03-01T18:35:33","guid":{"rendered":"http:\/\/www.madia.fr\/?p=1432"},"modified":"2023-02-20T17:07:17","modified_gmt":"2023-02-20T16:07:17","slug":"cyclone-fevrier-2022-distribution-de-denrees-alimentaires","status":"publish","type":"page","link":"http:\/\/www.madia.fr\/?page_id=1432","title":{"rendered":"[Cyclone f\u00e9vrier 2022] Distribution de denr\u00e9es alimentaires"},"content":{"rendered":"\n<figure class=\"wp-block-gallery aligncenter has-nested-images columns-default is-cropped wp-block-gallery-1 is-layout-flex wp-block-gallery-is-layout-flex\">\n<figure class=\"wp-block-image size-full\"><a href=\"http:\/\/www.madia.fr\/wp-content\/uploads\/2022\/03\/Collecte-1.jpg\"><img loading=\"lazy\" decoding=\"async\" width=\"956\" height=\"716\" data-id=\"1439\" src=\"http:\/\/www.madia.fr\/wp-content\/uploads\/2022\/03\/Collecte-1.jpg\" alt=\"\" class=\"wp-image-1439\" srcset=\"http:\/\/www.madia.fr\/wp-content\/uploads\/2022\/03\/Collecte-1.jpg 956w, http:\/\/www.madia.fr\/wp-content\/uploads\/2022\/03\/Collecte-1-300x225.jpg 300w, http:\/\/www.madia.fr\/wp-content\/uploads\/2022\/03\/Collecte-1-768x575.jpg 768w\" sizes=\"auto, (max-width: 956px) 100vw, 956px\" \/><\/a><\/figure>\n\n\n\n<figure class=\"wp-block-image size-full\"><a href=\"http:\/\/www.madia.fr\/wp-content\/uploads\/2022\/03\/Distribution-3.png\"><img loading=\"lazy\" decoding=\"async\" width=\"828\" height=\"558\" data-id=\"1442\" src=\"http:\/\/www.madia.fr\/wp-content\/uploads\/2022\/03\/Distribution-3.png\" alt=\"\" class=\"wp-image-1442\" srcset=\"http:\/\/www.madia.fr\/wp-content\/uploads\/2022\/03\/Distribution-3.png 828w, http:\/\/www.madia.fr\/wp-content\/uploads\/2022\/03\/Distribution-3-300x202.png 300w, http:\/\/www.madia.fr\/wp-content\/uploads\/2022\/03\/Distribution-3-768x518.png 768w\" sizes=\"auto, (max-width: 828px) 100vw, 828px\" \/><\/a><\/figure>\n\n\n\n<figure class=\"wp-block-image size-full\"><a href=\"http:\/\/www.madia.fr\/wp-content\/uploads\/2022\/03\/Distribution-2-1.png\"><img loading=\"lazy\" decoding=\"async\" width=\"585\" height=\"559\" data-id=\"1443\" src=\"http:\/\/www.madia.fr\/wp-content\/uploads\/2022\/03\/Distribution-2-1.png\" alt=\"\" class=\"wp-image-1443\" srcset=\"http:\/\/www.madia.fr\/wp-content\/uploads\/2022\/03\/Distribution-2-1.png 585w, http:\/\/www.madia.fr\/wp-content\/uploads\/2022\/03\/Distribution-2-1-300x287.png 300w\" sizes=\"auto, (max-width: 585px) 100vw, 585px\" \/><\/a><\/figure>\n<\/figure>\n\n\n\n<p>Apr\u00e8s le premier cyclone qui a d\u00e9vast\u00e9 Madagascar ce 5 f\u00e9vrier 2022, 15 foyers de b\u00e9n\u00e9ficiaires ont \u00e9t\u00e9 touch\u00e9s de plein fouet, dont 2 compl\u00e8tement d\u00e9molis.<\/p>\n\n\n\n<p>Les autorit\u00e9s \u00e9tant d\u00e9bord\u00e9es par l\u2019ampleur des d\u00e9g\u00e2ts, le soutien de Madia a permis aux familles de rapidement \u00eatre prises en charge.<\/p>\n\n\n\n<p>Madia a rapidement r\u00e9agi en envoyant des fonds le jeudi 10 f\u00e9vrier. Ces fonds ont permis l\u2019achat de produits de premi\u00e8re n\u00e9cessit\u00e9 (PPN) par les b\u00e9n\u00e9voles de l\u2019AIC.<\/p>\n\n\n\n<p>Les sacs de PPN sont constitu\u00e9s de :&nbsp;<\/p>\n\n\n\n<ul class=\"wp-block-list\">\n<li>8 kg de riz, 1 kg de l\u00e9gumes secs,&nbsp;<\/li>\n\n\n\n<li>1 kg de sucre, 1 kg de sel,&nbsp;<\/li>\n\n\n\n<li>1 L d&rsquo;huile, 1 briquet, des bougies,<\/li>\n\n\n\n<li>et 1 barre de savon&nbsp;<\/li>\n<\/ul>\n\n\n\n<p>Au total, 135 familles accompagn\u00e9es par l\u2019AIC et par Madia ont re\u00e7u des PPN pour une semaine, sachant qu\u2019une famille est compos\u00e9e d\u2019environ 6 membres.<\/p>\n","protected":false},"excerpt":{"rendered":"<p>Apr\u00e8s le premier cyclone qui a d\u00e9vast\u00e9 Madagascar ce 5 f\u00e9vrier 2022, 15 foyers de b\u00e9n\u00e9ficiaires ont \u00e9t\u00e9 touch\u00e9s de plein fouet, dont 2 compl\u00e8tement d\u00e9molis. Les autorit\u00e9s \u00e9tant d\u00e9bord\u00e9es par l\u2019ampleur des d\u00e9g\u00e2ts, le soutien de Madia a permis aux familles de rapidement \u00eatre prises en charge. Madia a rapidement r\u00e9agi en envoyant des [&hellip;]<\/p>\n","protected":false},"author":1,"featured_media":0,"parent":0,"menu_order":0,"comment_status":"closed","ping_status":"open","template":"","meta":{"footnotes":""},"class_list":["post-1432","page","type-page","status-publish","hentry"],"_links":{"self":[{"href":"http:\/\/www.madia.fr\/index.php?rest_route=\/wp\/v2\/pages\/1432","targetHints":{"allow":["GET"]}}],"collection":[{"href":"http:\/\/www.madia.fr\/index.php?rest_route=\/wp\/v2\/pages"}],"about":[{"href":"http:\/\/www.madia.fr\/index.php?rest_route=\/wp\/v2\/types\/page"}],"author":[{"embeddable":true,"href":"http:\/\/www.madia.fr\/index.php?rest_route=\/wp\/v2\/users\/1"}],"replies":[{"embeddable":true,"href":"http:\/\/www.madia.fr\/index.php?rest_route=%2Fwp%2Fv2%2Fcomments&post=1432"}],"version-history":[{"count":8,"href":"http:\/\/www.madia.fr\/index.php?rest_route=\/wp\/v2\/pages\/1432\/revisions"}],"predecessor-version":[{"id":1734,"href":"http:\/\/www.madia.fr\/index.php?rest_route=\/wp\/v2\/pages\/1432\/revisions\/1734"}],"wp:attachment":[{"href":"http:\/\/www.madia.fr\/index.php?rest_route=%2Fwp%2Fv2%2Fmedia&parent=1432"}],"curies":[{"name":"wp","href":"https:\/\/api.w.org\/{rel}","templated":true}]}}