{"id":1492,"date":"2022-06-29T08:10:12","date_gmt":"2022-06-29T07:10:12","guid":{"rendered":"http:\/\/www.madia.fr\/?page_id=1492"},"modified":"2022-10-17T14:02:49","modified_gmt":"2022-10-17T13:02:49","slug":"lettre-27-de-mai-2022","status":"publish","type":"page","link":"http:\/\/www.madia.fr\/?page_id=1492","title":{"rendered":"Lettre 27 de mai 2022"},"content":{"rendered":"\n<p>Notre lettre d&rsquo;information n\u00b0 27 de mai 2022 est sortie. Elle donne l&rsquo;actualit\u00e9 de l&rsquo;association.<br>N\u2019h\u00e9sitez pas \u00e0 la t\u00e9l\u00e9charger ci-dessous :<\/p>\n\n\n\n<div class=\"wp-block-file\"><a id=\"wp-block-file--media-d8fedbf4-ed41-4342-8bb7-f793845d265a\" href=\"http:\/\/www.madia.fr\/wp-content\/uploads\/2022\/06\/nl27.pdf\">nl27<\/a><a href=\"http:\/\/www.madia.fr\/wp-content\/uploads\/2022\/06\/nl27.pdf\" class=\"wp-block-file__button\" download aria-describedby=\"wp-block-file--media-d8fedbf4-ed41-4342-8bb7-f793845d265a\">T\u00e9l\u00e9charger<\/a><\/div>\n\n\n\n<p>Vos r\u00e9actions sont les bienvenus en \u00e9crivant au <a href=\"mailto:webmaster@madia.fr\" data-type=\"mailto\" data-id=\"mailto:webmaster@madia.fr\">Webmaster<\/a>.<br><\/p>\n","protected":false},"excerpt":{"rendered":"<p>Notre lettre d&rsquo;information n\u00b0 27 de mai 2022 est sortie. Elle donne l&rsquo;actualit\u00e9 de l&rsquo;association.N\u2019h\u00e9sitez pas \u00e0 la t\u00e9l\u00e9charger ci-dessous : Vos r\u00e9actions sont les bienvenus en \u00e9crivant au Webmaster.<\/p>\n","protected":false},"author":1,"featured_media":0,"parent":0,"menu_order":0,"comment_status":"closed","ping_status":"closed","template":"","meta":{"footnotes":""},"class_list":["post-1492","page","type-page","status-publish","hentry"],"_links":{"self":[{"href":"http:\/\/www.madia.fr\/index.php?rest_route=\/wp\/v2\/pages\/1492","targetHints":{"allow":["GET"]}}],"collection":[{"href":"http:\/\/www.madia.fr\/index.php?rest_route=\/wp\/v2\/pages"}],"about":[{"href":"http:\/\/www.madia.fr\/index.php?rest_route=\/wp\/v2\/types\/page"}],"author":[{"embeddable":true,"href":"http:\/\/www.madia.fr\/index.php?rest_route=\/wp\/v2\/users\/1"}],"replies":[{"embeddable":true,"href":"http:\/\/www.madia.fr\/index.php?rest_route=%2Fwp%2Fv2%2Fcomments&post=1492"}],"version-history":[{"count":3,"href":"http:\/\/www.madia.fr\/index.php?rest_route=\/wp\/v2\/pages\/1492\/revisions"}],"predecessor-version":[{"id":1590,"href":"http:\/\/www.madia.fr\/index.php?rest_route=\/wp\/v2\/pages\/1492\/revisions\/1590"}],"wp:attachment":[{"href":"http:\/\/www.madia.fr\/index.php?rest_route=%2Fwp%2Fv2%2Fmedia&parent=1492"}],"curies":[{"name":"wp","href":"https:\/\/api.w.org\/{rel}","templated":true}]}}