{"id":1513,"date":"2022-07-29T20:35:30","date_gmt":"2022-07-29T19:35:30","guid":{"rendered":"http:\/\/www.madia.fr\/?p=1513"},"modified":"2023-02-20T17:06:25","modified_gmt":"2023-02-20T16:06:25","slug":"mission-de-cassiopee","status":"publish","type":"page","link":"http:\/\/www.madia.fr\/?page_id=1513","title":{"rendered":"Mission de Cassiop\u00e9e"},"content":{"rendered":"\n<p>Cassiop\u00e9e m\u00e8ne des \u00e9tudes en D\u00e9veloppement international et en sciences politiques. Cette jeune femme de 21 ans \u00e9tait \u00e0 la recherche d&rsquo;une exp\u00e9rience <em>formidable et enrichissante<\/em> . MADiA a bien s\u00fbr accueilli avec joie cette mission et voici quelques premiers retours apr\u00e8s 4 semaines pass\u00e9es \u00e0 Fianarantsoa. <\/p>\n\n\n\n<p>Elle signe plusieurs articles \u00e9crits sur le vif.<\/p>\n\n\n\n<p><\/p>\n\n\n\n<figure class=\"wp-block-image size-full\"><a href=\"http:\/\/www.madia.fr\/wp-content\/uploads\/2022\/07\/IMG_20220711_105307_254-li.jpg\"><img loading=\"lazy\" decoding=\"async\" width=\"340\" height=\"255\" src=\"http:\/\/www.madia.fr\/wp-content\/uploads\/2022\/07\/IMG_20220711_105307_254-li.jpg\" alt=\"\" class=\"wp-image-1514\" srcset=\"http:\/\/www.madia.fr\/wp-content\/uploads\/2022\/07\/IMG_20220711_105307_254-li.jpg 340w, http:\/\/www.madia.fr\/wp-content\/uploads\/2022\/07\/IMG_20220711_105307_254-li-300x225.jpg 300w\" sizes=\"auto, (max-width: 340px) 100vw, 340px\" \/><\/a><figcaption class=\"wp-element-caption\">Cassiop\u00e9e en visite au centre de formation professionnelle La Rizi\u00e8re<\/figcaption><\/figure>\n\n\n\n<p id=\"http:\/\/www.madia.fr\/?page_id=1505\"><a href=\"http:\/\/www.madia.fr\/?page_id=1505\">Arriv\u00e9e de Cassiop\u00e9e \u00e0 Fianarantsoa<\/a><\/p>\n\n\n\n<p><a href=\"http:\/\/www.madia.fr\/?page_id=1523\">Premier jour \u00e0 l&rsquo;ESC<\/a><\/p>\n\n\n\n<p><a href=\"http:\/\/www.madia.fr\/?page_id=1530\">Solidarit\u00e9 et camaraderie<\/a><\/p>\n\n\n\n<p><a href=\"http:\/\/www.madia.fr\/?page_id=1537\">A la cantine<\/a><\/p>\n\n\n\n<p><a href=\"http:\/\/www.madia.fr\/?page_id=1549\">Distribution pour la F\u00eate Nationale<\/a><\/p>\n","protected":false},"excerpt":{"rendered":"<p>Cassiop\u00e9e m\u00e8ne des \u00e9tudes en D\u00e9veloppement international et en sciences politiques. Cette jeune femme de 21 ans \u00e9tait \u00e0 la recherche d&rsquo;une exp\u00e9rience formidable et enrichissante . MADiA a bien s\u00fbr accueilli avec joie cette mission et voici quelques premiers retours apr\u00e8s 4 semaines pass\u00e9es \u00e0 Fianarantsoa. Elle signe plusieurs articles \u00e9crits sur le vif. [&hellip;]<\/p>\n","protected":false},"author":1,"featured_media":0,"parent":0,"menu_order":0,"comment_status":"closed","ping_status":"open","template":"","meta":{"footnotes":""},"class_list":["post-1513","page","type-page","status-publish","hentry"],"_links":{"self":[{"href":"http:\/\/www.madia.fr\/index.php?rest_route=\/wp\/v2\/pages\/1513","targetHints":{"allow":["GET"]}}],"collection":[{"href":"http:\/\/www.madia.fr\/index.php?rest_route=\/wp\/v2\/pages"}],"about":[{"href":"http:\/\/www.madia.fr\/index.php?rest_route=\/wp\/v2\/types\/page"}],"author":[{"embeddable":true,"href":"http:\/\/www.madia.fr\/index.php?rest_route=\/wp\/v2\/users\/1"}],"replies":[{"embeddable":true,"href":"http:\/\/www.madia.fr\/index.php?rest_route=%2Fwp%2Fv2%2Fcomments&post=1513"}],"version-history":[{"count":10,"href":"http:\/\/www.madia.fr\/index.php?rest_route=\/wp\/v2\/pages\/1513\/revisions"}],"predecessor-version":[{"id":1731,"href":"http:\/\/www.madia.fr\/index.php?rest_route=\/wp\/v2\/pages\/1513\/revisions\/1731"}],"wp:attachment":[{"href":"http:\/\/www.madia.fr\/index.php?rest_route=%2Fwp%2Fv2%2Fmedia&parent=1513"}],"curies":[{"name":"wp","href":"https:\/\/api.w.org\/{rel}","templated":true}]}}