{"id":1523,"date":"2022-07-29T20:53:56","date_gmt":"2022-07-29T19:53:56","guid":{"rendered":"http:\/\/www.madia.fr\/?page_id=1523"},"modified":"2023-02-20T17:06:32","modified_gmt":"2023-02-20T16:06:32","slug":"premier-jour-a-lesc","status":"publish","type":"page","link":"http:\/\/www.madia.fr\/?page_id=1523","title":{"rendered":"Premier jour \u00e0 l&rsquo;ESC"},"content":{"rendered":"\n<p>&nbsp;&nbsp;&nbsp;&nbsp;&nbsp;&nbsp;&nbsp;&nbsp;&nbsp;&nbsp;&nbsp; Lors de mon premier jour \u00e0 l\u2019\u00c9cole de la Seconde Chance, j\u2019ai fait connaissance avec certains professeurs, la directrice ainsi que les \u00e9l\u00e8ves. J\u2019ai re\u00e7u un accueil particuli\u00e8rement chaleureux et bienveillant. Guid\u00e9e par Hanitrala, la directrice, j\u2019ai pu d\u00e9couvrir les locaux fra\u00eechement r\u00e9nov\u00e9s, le potager, la biblioth\u00e8que ou encore le terrain de sport. En visitant les abords de l\u2019\u00e9cole aux c\u00f4t\u00e9s de la directrice, nous avons rencontr\u00e9 d\u2019anciens \u00e9l\u00e8ves, r\u00e9cemment sortis des centres de formation. Parmi eux, certains n\u2019ont pas eu de difficult\u00e9s \u00e0 \u00eatre embauch\u00e9s. D\u2019autres, moins chanceux comme les femmes de chambre, peinent \u00e0 trouver un emploi \u00e0 Fianarantsoa, faute de tourisme apr\u00e8s la pand\u00e9mie. Ces rencontres m\u2019ont permis d\u2019identifier un probl\u00e8me crucial : l\u2019embauche des jeunes form\u00e9s sur les hauts plateaux. Malgr\u00e9 une scolarit\u00e9 \u00e0 l\u2019\u00c9cole de la Seconde Chance et une solide formation dans l\u2019un des centres, le pari d\u2019un d\u00e9bouch\u00e9 professionnel est comme partout un challenge.<\/p>\n\n\n\n<figure class=\"wp-block-image size-full\"><a href=\"http:\/\/www.madia.fr\/wp-content\/uploads\/2022\/07\/pre\u0301sentation-ATE-avec-cassiope\u0301e-li.jpg\"><img loading=\"lazy\" decoding=\"async\" width=\"425\" height=\"319\" src=\"http:\/\/www.madia.fr\/wp-content\/uploads\/2022\/07\/pre\u0301sentation-ATE-avec-cassiope\u0301e-li.jpg\" alt=\"\" class=\"wp-image-1524\" srcset=\"http:\/\/www.madia.fr\/wp-content\/uploads\/2022\/07\/pre\u0301sentation-ATE-avec-cassiope\u0301e-li.jpg 425w, http:\/\/www.madia.fr\/wp-content\/uploads\/2022\/07\/pre\u0301sentation-ATE-avec-cassiope\u0301e-li-300x225.jpg 300w\" sizes=\"auto, (max-width: 425px) 100vw, 425px\" \/><\/a><\/figure>\n\n\n\n<p>&nbsp;&nbsp;&nbsp;&nbsp;&nbsp;&nbsp;&nbsp;&nbsp;&nbsp;&nbsp;&nbsp; D\u00e8s le premier jour, j\u2019ai pu d\u00e9couvrir par moi-m\u00eame les enjeux auxquels l\u2019\u00e9quipe enseignante de l\u2019ESC est confront\u00e9e quotidiennement. La plupart du temps, certains jeunes ne mangent pas \u00e0 leur faim chez eux et arrivent le matin, \u00e9puis\u00e9s par une marche de plusieurs kilom\u00e8tres, le ventre vide pour se rendre \u00e0 l\u2019\u00e9cole. J\u2019ai assist\u00e9 \u00e9galement au cas d\u2019un jeune gar\u00e7on maltrait\u00e9 par son oncle, et oblig\u00e9 de trouver refuge ailleurs afin de se soustraire \u00e0 la violence familiale. En d\u00e9pit d&rsquo;une plainte d\u00e9pos\u00e9e au commissariat, son oncle n\u2019a toujours pas \u00e9t\u00e9 appr\u00e9hend\u00e9. Mon attention a \u00e9galement \u00e9t\u00e9 attir\u00e9e par une jeune fille malade depuis le d\u00e9but d\u2019ann\u00e9e mais dans l\u2019incapacit\u00e9 de payer ses <strong>m\u00e9dicaments<\/strong>.<\/p>\n","protected":false},"excerpt":{"rendered":"<p>&nbsp;&nbsp;&nbsp;&nbsp;&nbsp;&nbsp;&nbsp;&nbsp;&nbsp;&nbsp;&nbsp; Lors de mon premier jour \u00e0 l\u2019\u00c9cole de la Seconde Chance, j\u2019ai fait connaissance avec certains professeurs, la directrice ainsi que les \u00e9l\u00e8ves. J\u2019ai re\u00e7u un accueil particuli\u00e8rement chaleureux et bienveillant. Guid\u00e9e par Hanitrala, la directrice, j\u2019ai pu d\u00e9couvrir les locaux fra\u00eechement r\u00e9nov\u00e9s, le potager, la biblioth\u00e8que ou encore le terrain de sport. En [&hellip;]<\/p>\n","protected":false},"author":1,"featured_media":0,"parent":0,"menu_order":0,"comment_status":"closed","ping_status":"closed","template":"","meta":{"footnotes":""},"class_list":["post-1523","page","type-page","status-publish","hentry"],"_links":{"self":[{"href":"http:\/\/www.madia.fr\/index.php?rest_route=\/wp\/v2\/pages\/1523","targetHints":{"allow":["GET"]}}],"collection":[{"href":"http:\/\/www.madia.fr\/index.php?rest_route=\/wp\/v2\/pages"}],"about":[{"href":"http:\/\/www.madia.fr\/index.php?rest_route=\/wp\/v2\/types\/page"}],"author":[{"embeddable":true,"href":"http:\/\/www.madia.fr\/index.php?rest_route=\/wp\/v2\/users\/1"}],"replies":[{"embeddable":true,"href":"http:\/\/www.madia.fr\/index.php?rest_route=%2Fwp%2Fv2%2Fcomments&post=1523"}],"version-history":[{"count":2,"href":"http:\/\/www.madia.fr\/index.php?rest_route=\/wp\/v2\/pages\/1523\/revisions"}],"predecessor-version":[{"id":1732,"href":"http:\/\/www.madia.fr\/index.php?rest_route=\/wp\/v2\/pages\/1523\/revisions\/1732"}],"wp:attachment":[{"href":"http:\/\/www.madia.fr\/index.php?rest_route=%2Fwp%2Fv2%2Fmedia&parent=1523"}],"curies":[{"name":"wp","href":"https:\/\/api.w.org\/{rel}","templated":true}]}}