{"id":1530,"date":"2022-07-30T10:58:14","date_gmt":"2022-07-30T09:58:14","guid":{"rendered":"http:\/\/www.madia.fr\/?page_id=1530"},"modified":"2023-02-20T17:06:38","modified_gmt":"2023-02-20T16:06:38","slug":"solidarite-et-camaraderie","status":"publish","type":"page","link":"http:\/\/www.madia.fr\/?page_id=1530","title":{"rendered":"Solidarit\u00e9 et camaraderie"},"content":{"rendered":"\n<p>Comment \u00e9tudier lorsque des besoins primaires ne sont m\u00eame pas satisfaits ? Et pourtant, je fus frapp\u00e9e par le sourire et la bonne humeur de ces jeunes ainsi que par leur pers\u00e9v\u00e9rance pour \u00e9changer avec moi en fran\u00e7ais. L\u2019\u00e9cole tente de rem\u00e9dier \u00e0 ces situations dramatiques, en avan\u00e7ant l\u2019argent n\u00e9cessaire pour acheter les m\u00e9dicaments, en achetant un petit d\u00e9jeuner et dans certains cas, en fournissant un logement dans l\u2019enceinte de l\u2019\u00e9cole. Mais l\u2019influence de l\u2019\u00e9cole et des enseignants a ses limites, limites qui ne peuvent s\u2019\u00e9tendre aux soir\u00e9es, aux week-ends ou encore aux vacances.<\/p>\n\n\n\n<p><\/p>\n\n\n<div class=\"wp-block-image\">\n<figure class=\"aligncenter size-full\"><a href=\"http:\/\/www.madia.fr\/wp-content\/uploads\/2022\/07\/article-3-cassio-li.jpg\"><img loading=\"lazy\" decoding=\"async\" width=\"425\" height=\"319\" src=\"http:\/\/www.madia.fr\/wp-content\/uploads\/2022\/07\/article-3-cassio-li.jpg\" alt=\"\" class=\"wp-image-1531\" srcset=\"http:\/\/www.madia.fr\/wp-content\/uploads\/2022\/07\/article-3-cassio-li.jpg 425w, http:\/\/www.madia.fr\/wp-content\/uploads\/2022\/07\/article-3-cassio-li-300x225.jpg 300w\" sizes=\"auto, (max-width: 425px) 100vw, 425px\" \/><\/a><figcaption class=\"wp-element-caption\">On joue au jeu des chaises musicales avec Mickael !<\/figcaption><\/figure><\/div>\n\n\n<p><\/p>\n\n\n\n<p><\/p>\n\n\n\n<p>Et pourtant, la solidarit\u00e9 et la camaraderie qui r\u00e8gnent \u00e0 l\u2019\u00e9cole m\u2019ont beaucoup touch\u00e9e. L\u2019inventivit\u00e9 de Mickael, un \u00e9ducateur, pour les jeux collectifs lors de la pause m\u00e9ridienne y est pour beaucoup. Aux jeux, se m\u00ealent danses, musique et rires, les enseignants tentant \u00e0 leur mani\u00e8re de faire oublier aux jeunes un quotidien particuli\u00e8rement difficile et \u00e9prouvant. J\u2019ai \u00e9t\u00e9 particuli\u00e8rement marqu\u00e9e par le nombre d\u2019orphelins. J&rsquo;ai pu \u00e9galement assister au cours de coupe et couture, enseign\u00e9 \u00e0 deux jeunes filles de la quatri\u00e8me promotion de l\u2019\u00e9cole. En discutant avec la professeure, j\u2019ai d\u00e9couvert que les livres de m\u00e9thodes et d\u2019apprentissage en la mati\u00e8re manquaient cruellement.<\/p>\n","protected":false},"excerpt":{"rendered":"<p>Comment \u00e9tudier lorsque des besoins primaires ne sont m\u00eame pas satisfaits ? Et pourtant, je fus frapp\u00e9e par le sourire et la bonne humeur de ces jeunes ainsi que par leur pers\u00e9v\u00e9rance pour \u00e9changer avec moi en fran\u00e7ais. L\u2019\u00e9cole tente de rem\u00e9dier \u00e0 ces situations dramatiques, en avan\u00e7ant l\u2019argent n\u00e9cessaire pour acheter les m\u00e9dicaments, en [&hellip;]<\/p>\n","protected":false},"author":1,"featured_media":0,"parent":0,"menu_order":0,"comment_status":"closed","ping_status":"closed","template":"","meta":{"footnotes":""},"class_list":["post-1530","page","type-page","status-publish","hentry"],"_links":{"self":[{"href":"http:\/\/www.madia.fr\/index.php?rest_route=\/wp\/v2\/pages\/1530","targetHints":{"allow":["GET"]}}],"collection":[{"href":"http:\/\/www.madia.fr\/index.php?rest_route=\/wp\/v2\/pages"}],"about":[{"href":"http:\/\/www.madia.fr\/index.php?rest_route=\/wp\/v2\/types\/page"}],"author":[{"embeddable":true,"href":"http:\/\/www.madia.fr\/index.php?rest_route=\/wp\/v2\/users\/1"}],"replies":[{"embeddable":true,"href":"http:\/\/www.madia.fr\/index.php?rest_route=%2Fwp%2Fv2%2Fcomments&post=1530"}],"version-history":[{"count":4,"href":"http:\/\/www.madia.fr\/index.php?rest_route=\/wp\/v2\/pages\/1530\/revisions"}],"predecessor-version":[{"id":1733,"href":"http:\/\/www.madia.fr\/index.php?rest_route=\/wp\/v2\/pages\/1530\/revisions\/1733"}],"wp:attachment":[{"href":"http:\/\/www.madia.fr\/index.php?rest_route=%2Fwp%2Fv2%2Fmedia&parent=1530"}],"curies":[{"name":"wp","href":"https:\/\/api.w.org\/{rel}","templated":true}]}}