{"id":1580,"date":"2022-10-17T13:52:44","date_gmt":"2022-10-17T12:52:44","guid":{"rendered":"http:\/\/www.madia.fr\/?page_id=1580"},"modified":"2024-05-17T15:13:29","modified_gmt":"2024-05-17T14:13:29","slug":"lettre-25-de-decembre-2021","status":"publish","type":"page","link":"http:\/\/www.madia.fr\/?page_id=1580","title":{"rendered":"D\u00e9cembre 2021"},"content":{"rendered":"\n<p>Notre lettre d&rsquo;information n\u00b0 25 de d\u00e9cembre 2021 est sortie. Elle donne l&rsquo;actualit\u00e9 de l&rsquo;association.<br>N\u2019h\u00e9sitez pas \u00e0 la t\u00e9l\u00e9charger ci-dessous :<\/p>\n\n\n\n<div class=\"wp-block-file\"><a id=\"wp-block-file--media-d8fedbf4-ed41-4342-8bb7-f793845d265a\" href=\"http:\/\/www.madia.fr\/wp-content\/uploads\/2021\/12\/nl25.pdf\">nl25<\/a><a href=\"http:\/\/www.madia.fr\/wp-content\/uploads\/2021\/12\/nl25.pdf\" class=\"wp-block-file__button wp-element-button\" download aria-describedby=\"wp-block-file--media-d8fedbf4-ed41-4342-8bb7-f793845d265a\">T\u00e9l\u00e9charger<\/a><\/div>\n\n\n<p>Vos r\u00e9actions sont les bienvenus en \u00e9crivant au <a href=\"mailto:webmaster@madia.fr\">Webmaster<\/a><a href=\"webmaster@madia.fr\">.<\/a><\/p>","protected":false},"excerpt":{"rendered":"<p>Notre lettre d&rsquo;information n\u00b0 25 de d\u00e9cembre 2021 est sortie. Elle donne l&rsquo;actualit\u00e9 de l&rsquo;association.N\u2019h\u00e9sitez pas \u00e0 la t\u00e9l\u00e9charger ci-dessous : Vos r\u00e9actions sont les bienvenus en \u00e9crivant au Webmaster.<\/p>\n","protected":false},"author":1,"featured_media":0,"parent":0,"menu_order":0,"comment_status":"closed","ping_status":"closed","template":"","meta":{"footnotes":""},"class_list":["post-1580","page","type-page","status-publish","hentry"],"_links":{"self":[{"href":"http:\/\/www.madia.fr\/index.php?rest_route=\/wp\/v2\/pages\/1580","targetHints":{"allow":["GET"]}}],"collection":[{"href":"http:\/\/www.madia.fr\/index.php?rest_route=\/wp\/v2\/pages"}],"about":[{"href":"http:\/\/www.madia.fr\/index.php?rest_route=\/wp\/v2\/types\/page"}],"author":[{"embeddable":true,"href":"http:\/\/www.madia.fr\/index.php?rest_route=\/wp\/v2\/users\/1"}],"replies":[{"embeddable":true,"href":"http:\/\/www.madia.fr\/index.php?rest_route=%2Fwp%2Fv2%2Fcomments&post=1580"}],"version-history":[{"count":4,"href":"http:\/\/www.madia.fr\/index.php?rest_route=\/wp\/v2\/pages\/1580\/revisions"}],"predecessor-version":[{"id":1900,"href":"http:\/\/www.madia.fr\/index.php?rest_route=\/wp\/v2\/pages\/1580\/revisions\/1900"}],"wp:attachment":[{"href":"http:\/\/www.madia.fr\/index.php?rest_route=%2Fwp%2Fv2%2Fmedia&parent=1580"}],"curies":[{"name":"wp","href":"https:\/\/api.w.org\/{rel}","templated":true}]}}