{"id":1628,"date":"2023-02-04T14:33:16","date_gmt":"2023-02-04T13:33:16","guid":{"rendered":"http:\/\/www.madia.fr\/?page_id=1628"},"modified":"2023-02-04T14:33:16","modified_gmt":"2023-02-04T13:33:16","slug":"projet-2022","status":"publish","type":"page","link":"http:\/\/www.madia.fr\/?page_id=1628","title":{"rendered":"Projet 2022"},"content":{"rendered":"\n<p>Xavier MAURICE, ing\u00e9nieur ESTP, est parti en mission plus d\u2019un mois \u00e0 Madagascar en vue de travailler au plus pr\u00e8s \u00e0 cette extension du b\u00e2timent initial dont il avait lui-m\u00eame dessin\u00e9 et suivi la r\u00e9alisation en d\u00e9tail.<\/p>\n\n\n\n<p>Le doublement des locaux de l\u2019\u00c9cole de la Seconde Chance, d\u00e9cid\u00e9 en AG 2022, ouvre de nouvelles possibilit\u00e9s.<\/p>\n\n\n\n<p>Lorsque ce bureau et cette salle de classe seront construits, ce sont 50 enfants qui b\u00e9n\u00e9ficieront de cette infrastructure d\u2019une rescolarisation soit le double de ce qui est possible actuellement.<\/p>\n\n\n\n<p><\/p>\n\n\n\n<figure class=\"wp-block-image size-full\"><a href=\"http:\/\/www.madia.fr\/wp-content\/uploads\/2023\/02\/IMG_20220810_070738.jpg\"><img loading=\"lazy\" decoding=\"async\" width=\"709\" height=\"383\" src=\"http:\/\/www.madia.fr\/wp-content\/uploads\/2023\/02\/IMG_20220810_070738.jpg\" alt=\"\" class=\"wp-image-1633\" srcset=\"http:\/\/www.madia.fr\/wp-content\/uploads\/2023\/02\/IMG_20220810_070738.jpg 709w, http:\/\/www.madia.fr\/wp-content\/uploads\/2023\/02\/IMG_20220810_070738-300x162.jpg 300w\" sizes=\"auto, (max-width: 709px) 100vw, 709px\" \/><\/a><figcaption class=\"wp-element-caption\">A gauche le b\u00e2timent existant et \u00e0 droite les nouvelles fondations<\/figcaption><\/figure>\n\n\n\n<figure class=\"wp-block-image size-full is-resized\"><a href=\"http:\/\/www.madia.fr\/wp-content\/uploads\/2023\/02\/299174502_479112363680250_6586543799403578297_n-1.jpg\"><img loading=\"lazy\" decoding=\"async\" src=\"http:\/\/www.madia.fr\/wp-content\/uploads\/2023\/02\/299174502_479112363680250_6586543799403578297_n-1.jpg\" alt=\"\" class=\"wp-image-1632\" width=\"443\" height=\"491\" srcset=\"http:\/\/www.madia.fr\/wp-content\/uploads\/2023\/02\/299174502_479112363680250_6586543799403578297_n-1.jpg 591w, http:\/\/www.madia.fr\/wp-content\/uploads\/2023\/02\/299174502_479112363680250_6586543799403578297_n-1-271x300.jpg 271w\" sizes=\"auto, (max-width: 443px) 100vw, 443px\" \/><\/a><figcaption class=\"wp-element-caption\">En cours de construction. L&rsquo;\u00e9chafaudage en bois est tr\u00e8s robuste<\/figcaption><\/figure>\n\n\n\n<figure class=\"wp-block-image size-full\"><a href=\"http:\/\/www.madia.fr\/wp-content\/uploads\/2023\/02\/320090593_702999161211505_178374275789292547_n.jpg\"><img loading=\"lazy\" decoding=\"async\" width=\"886\" height=\"498\" src=\"http:\/\/www.madia.fr\/wp-content\/uploads\/2023\/02\/320090593_702999161211505_178374275789292547_n.jpg\" alt=\"\" class=\"wp-image-1631\" srcset=\"http:\/\/www.madia.fr\/wp-content\/uploads\/2023\/02\/320090593_702999161211505_178374275789292547_n.jpg 886w, http:\/\/www.madia.fr\/wp-content\/uploads\/2023\/02\/320090593_702999161211505_178374275789292547_n-300x169.jpg 300w, http:\/\/www.madia.fr\/wp-content\/uploads\/2023\/02\/320090593_702999161211505_178374275789292547_n-768x432.jpg 768w\" sizes=\"auto, (max-width: 886px) 100vw, 886px\" \/><\/a><figcaption class=\"wp-element-caption\">Vue du rez-de-chauss\u00e9e du nouveau b\u00e2timent, le bureau de la directrice et l&rsquo;entr\u00e9e de la salle de classe<\/figcaption><\/figure>\n","protected":false},"excerpt":{"rendered":"<p>Xavier MAURICE, ing\u00e9nieur ESTP, est parti en mission plus d\u2019un mois \u00e0 Madagascar en vue de travailler au plus pr\u00e8s \u00e0 cette extension du b\u00e2timent initial dont il avait lui-m\u00eame dessin\u00e9 et suivi la r\u00e9alisation en d\u00e9tail. Le doublement des locaux de l\u2019\u00c9cole de la Seconde Chance, d\u00e9cid\u00e9 en AG 2022, ouvre de nouvelles possibilit\u00e9s. [&hellip;]<\/p>\n","protected":false},"author":1,"featured_media":0,"parent":0,"menu_order":0,"comment_status":"closed","ping_status":"closed","template":"","meta":{"footnotes":""},"class_list":["post-1628","page","type-page","status-publish","hentry"],"_links":{"self":[{"href":"http:\/\/www.madia.fr\/index.php?rest_route=\/wp\/v2\/pages\/1628","targetHints":{"allow":["GET"]}}],"collection":[{"href":"http:\/\/www.madia.fr\/index.php?rest_route=\/wp\/v2\/pages"}],"about":[{"href":"http:\/\/www.madia.fr\/index.php?rest_route=\/wp\/v2\/types\/page"}],"author":[{"embeddable":true,"href":"http:\/\/www.madia.fr\/index.php?rest_route=\/wp\/v2\/users\/1"}],"replies":[{"embeddable":true,"href":"http:\/\/www.madia.fr\/index.php?rest_route=%2Fwp%2Fv2%2Fcomments&post=1628"}],"version-history":[{"count":4,"href":"http:\/\/www.madia.fr\/index.php?rest_route=\/wp\/v2\/pages\/1628\/revisions"}],"predecessor-version":[{"id":1636,"href":"http:\/\/www.madia.fr\/index.php?rest_route=\/wp\/v2\/pages\/1628\/revisions\/1636"}],"wp:attachment":[{"href":"http:\/\/www.madia.fr\/index.php?rest_route=%2Fwp%2Fv2%2Fmedia&parent=1628"}],"curies":[{"name":"wp","href":"https:\/\/api.w.org\/{rel}","templated":true}]}}