{"id":164,"date":"2015-10-24T09:55:59","date_gmt":"2015-10-24T08:55:59","guid":{"rendered":"http:\/\/www.madia.fr\/?page_id=164"},"modified":"2015-10-24T12:01:52","modified_gmt":"2015-10-24T11:01:52","slug":"entre-beaute-et-crise","status":"publish","type":"page","link":"http:\/\/www.madia.fr\/?page_id=164","title":{"rendered":"Entre beaut\u00e9 et crise"},"content":{"rendered":"<p>Entre l\u2019immense beaut\u00e9 et la longue crise de Madagascar<\/p>\n<p>Mon voyage partag\u00e9 en famille et des amis proches en juillet 2014 a \u00e9t\u00e9 riche de paysages, de rencontres et de m\u00e9moires apr\u00e8s 6 ans d\u2019installation en r\u00e9gion parisienne.<\/p>\n<p>Sont rest\u00e9s intacts\u00a0: le paysage exceptionnel du Tampon\u2019Imorombe, le cadre exceptionnel du Relais d\u2019Isalo avec le professionnalisme ind\u00e9niable du personnel, la belle et calme plage d\u2019Ifaty o\u00f9 l\u2019on a rencontr\u00e9 quelques habitants et p\u00eacheurs, et les baobabs de Morondava uniques et grandioses\u00a0!!! &#8211; la famille nous a accueillis chaleureusement le long de notre circuit d\u2019Antananarivo \u00e0 Toliara- le jour d\u2019examen des \u00e9l\u00e8ves du primaire pour entrer en 6<sup>e<\/sup> (CEPE), habill\u00e9s propres et chauds et accompagn\u00e9s par les parents qui apportent les d\u00e9jeuners chauds &#8211; la messe de confirmation des 100 jeunes avec la grande \u00e9glise remplie et enchant\u00e9e pendant plus de 3 heures de c\u00e9r\u00e9monie.<\/p>\n<p>Je d\u00e9plore le brouhaha des quartiers devenus march\u00e9s d\u00e9labr\u00e9s de Behoririka et des 67 ha o\u00f9 il y a plus de marchands que d\u2019acheteurs, l\u2019insalubrit\u00e9 des taudis d\u2019Antohatapenaka, 67 ha et ses environs, le co\u00fbt de la vie que l\u2019on se pose \u00e0 plusieurs reprises la question de survie de la population malgache.<\/p>\n<p>A tr\u00e8s bient\u00f4t, Madagascar\u00a0et son peuple !<\/p>\n<p>NR<\/p>\n<p>&nbsp;<\/p>\n<p style=\"text-align: center;\"><a href=\"http:\/\/www.madia.fr\/wp-content\/uploads\/2015\/10\/P1150577.jpg\"><img loading=\"lazy\" decoding=\"async\" class=\"alignnone size-full wp-image-166\" src=\"http:\/\/www.madia.fr\/wp-content\/uploads\/2015\/10\/P1150577.jpg\" alt=\"P1150577\" width=\"640\" height=\"480\" srcset=\"http:\/\/www.madia.fr\/wp-content\/uploads\/2015\/10\/P1150577.jpg 640w, http:\/\/www.madia.fr\/wp-content\/uploads\/2015\/10\/P1150577-300x225.jpg 300w\" sizes=\"auto, (max-width: 640px) 100vw, 640px\" \/><\/a><\/p>\n<p>&nbsp;<\/p>\n","protected":false},"excerpt":{"rendered":"<p>Entre l\u2019immense beaut\u00e9 et la longue crise de Madagascar Mon voyage partag\u00e9 en famille et des amis proches en juillet 2014 a \u00e9t\u00e9 riche de paysages, de rencontres et de m\u00e9moires apr\u00e8s 6 ans d\u2019installation en r\u00e9gion parisienne. Sont rest\u00e9s intacts\u00a0: le paysage exceptionnel du Tampon\u2019Imorombe, le cadre exceptionnel du Relais d\u2019Isalo avec le professionnalisme [&hellip;]<\/p>\n","protected":false},"author":1,"featured_media":0,"parent":0,"menu_order":0,"comment_status":"closed","ping_status":"closed","template":"","meta":{"footnotes":""},"class_list":["post-164","page","type-page","status-publish","hentry"],"_links":{"self":[{"href":"http:\/\/www.madia.fr\/index.php?rest_route=\/wp\/v2\/pages\/164","targetHints":{"allow":["GET"]}}],"collection":[{"href":"http:\/\/www.madia.fr\/index.php?rest_route=\/wp\/v2\/pages"}],"about":[{"href":"http:\/\/www.madia.fr\/index.php?rest_route=\/wp\/v2\/types\/page"}],"author":[{"embeddable":true,"href":"http:\/\/www.madia.fr\/index.php?rest_route=\/wp\/v2\/users\/1"}],"replies":[{"embeddable":true,"href":"http:\/\/www.madia.fr\/index.php?rest_route=%2Fwp%2Fv2%2Fcomments&post=164"}],"version-history":[{"count":5,"href":"http:\/\/www.madia.fr\/index.php?rest_route=\/wp\/v2\/pages\/164\/revisions"}],"predecessor-version":[{"id":168,"href":"http:\/\/www.madia.fr\/index.php?rest_route=\/wp\/v2\/pages\/164\/revisions\/168"}],"wp:attachment":[{"href":"http:\/\/www.madia.fr\/index.php?rest_route=%2Fwp%2Fv2%2Fmedia&parent=164"}],"curies":[{"name":"wp","href":"https:\/\/api.w.org\/{rel}","templated":true}]}}