{"id":1839,"date":"2023-07-27T17:56:12","date_gmt":"2023-07-27T16:56:12","guid":{"rendered":"http:\/\/www.madia.fr\/?page_id=1839"},"modified":"2024-05-21T13:28:41","modified_gmt":"2024-05-21T12:28:41","slug":"avril-2023","status":"publish","type":"page","link":"http:\/\/www.madia.fr\/?page_id=1839","title":{"rendered":"Avril 2023"},"content":{"rendered":"\n<p>Notre lettre d&rsquo;information n\u00b0 32 d&rsquo;avril 2023 est sortie. Elle donne l&rsquo;actualit\u00e9 de l&rsquo;association.<br>N\u2019h\u00e9sitez pas \u00e0 la t\u00e9l\u00e9charger ci-dessous :<\/p>\n\n\n\n<p><a href=\"http:\/\/www.madia.fr\/wp-content\/uploads\/2023\/07\/nl32.pdf\">nl32<\/a> T\u00e9l\u00e9charger<\/p>\n\n\n\n<p>Vos r\u00e9actions sont les bienvenues en \u00e9crivant au <a href=\"mailto:webmaster@madia.fr\">Webmaster<\/a>.<\/p>\n","protected":false},"excerpt":{"rendered":"<p>Notre lettre d&rsquo;information n\u00b0 32 d&rsquo;avril 2023 est sortie. Elle donne l&rsquo;actualit\u00e9 de l&rsquo;association.N\u2019h\u00e9sitez pas \u00e0 la t\u00e9l\u00e9charger ci-dessous : nl32 T\u00e9l\u00e9charger Vos r\u00e9actions sont les bienvenues en \u00e9crivant au Webmaster.<\/p>\n","protected":false},"author":1,"featured_media":0,"parent":0,"menu_order":0,"comment_status":"closed","ping_status":"closed","template":"","meta":{"footnotes":""},"class_list":["post-1839","page","type-page","status-publish","hentry"],"_links":{"self":[{"href":"http:\/\/www.madia.fr\/index.php?rest_route=\/wp\/v2\/pages\/1839","targetHints":{"allow":["GET"]}}],"collection":[{"href":"http:\/\/www.madia.fr\/index.php?rest_route=\/wp\/v2\/pages"}],"about":[{"href":"http:\/\/www.madia.fr\/index.php?rest_route=\/wp\/v2\/types\/page"}],"author":[{"embeddable":true,"href":"http:\/\/www.madia.fr\/index.php?rest_route=\/wp\/v2\/users\/1"}],"replies":[{"embeddable":true,"href":"http:\/\/www.madia.fr\/index.php?rest_route=%2Fwp%2Fv2%2Fcomments&post=1839"}],"version-history":[{"count":2,"href":"http:\/\/www.madia.fr\/index.php?rest_route=\/wp\/v2\/pages\/1839\/revisions"}],"predecessor-version":[{"id":1908,"href":"http:\/\/www.madia.fr\/index.php?rest_route=\/wp\/v2\/pages\/1839\/revisions\/1908"}],"wp:attachment":[{"href":"http:\/\/www.madia.fr\/index.php?rest_route=%2Fwp%2Fv2%2Fmedia&parent=1839"}],"curies":[{"name":"wp","href":"https:\/\/api.w.org\/{rel}","templated":true}]}}