{"id":1849,"date":"2023-07-01T21:31:00","date_gmt":"2023-07-01T20:31:00","guid":{"rendered":"http:\/\/www.madia.fr\/?page_id=1849"},"modified":"2023-07-27T21:35:33","modified_gmt":"2023-07-27T20:35:33","slug":"lever-de-drapeau-a-lesc","status":"publish","type":"page","link":"http:\/\/www.madia.fr\/?page_id=1849","title":{"rendered":"Lever de drapeau \u00e0 l&rsquo;ESC"},"content":{"rendered":"\n<p>Les jeunes de la promotion P05 passent l\u2019ann\u00e9e scolaire paisiblement au sein de l\u2019ESC. Notre institution, en tant qu\u2019\u00e9tablissement scolaire, ne vise pas seulement \u00e0 l\u2019enseignement de ces adolescents, mais aussi veille \u00e0 leur bonne \u00e9ducation pour qu\u2019ils deviennent des citoyens responsables et ind\u00e9pendants. C\u2019est pourquoi leurs activit\u00e9s au sein de l\u2019\u00e9cole sont pour les pr\u00e9parer \u00e0 l\u2019entr\u00e9e en formation professionnelle.<\/p>\n\n\n\n<p>R\u00e9cemment, les jeunes ont commenc\u00e9 \u00e0 assister au lever du drapeau. Il se fera chaque lundi matin ; et chaque vendredi, \u00e0 la fin du cours, il y aura la descente du drapeau. Tous les jours, ils doivent nettoyer le r\u00e9fectoire apr\u00e8s le d\u00e9jeuner. Et ils le font avec le sourire aux l\u00e8vres apr\u00e8s un bon plat de riz avec du l\u00e9gume et de la banane\u00a0! Chaque mercredi de la semaine, ils doivent s\u2019occuper du jardin potager, dont les r\u00e9coltes ils les consomment\u00a0: salade, courgette, br\u00e8de, haricot, etc\u2026 Ils effectuent tout cela avec joie et volont\u00e9, car ils ont de l\u2019ambition, de l\u2019objectif\u00a0!<\/p>\n\n\n\n<p><em><mark style=\"background-color:rgba(0, 0, 0, 0)\" class=\"has-inline-color has-luminous-vivid-orange-color\">Micha\u00ebl Rakotoarimamy\u00a0<\/mark><\/em><\/p>\n\n\n\n<figure class=\"wp-block-image size-large\"><img decoding=\"async\" src=\"http:\/\/www.madia.fr\/wp-content\/uploads\/2023\/07\/received_769117894856274.jpeg\" alt=\"\"\/><\/figure>\n","protected":false},"excerpt":{"rendered":"<p>Les jeunes de la promotion P05 passent l\u2019ann\u00e9e scolaire paisiblement au sein de l\u2019ESC. Notre institution, en tant qu\u2019\u00e9tablissement scolaire, ne vise pas seulement \u00e0 l\u2019enseignement de ces adolescents, mais aussi veille \u00e0 leur bonne \u00e9ducation pour qu\u2019ils deviennent des citoyens responsables et ind\u00e9pendants. C\u2019est pourquoi leurs activit\u00e9s au sein de l\u2019\u00e9cole sont pour les [&hellip;]<\/p>\n","protected":false},"author":1,"featured_media":0,"parent":0,"menu_order":0,"comment_status":"closed","ping_status":"closed","template":"","meta":{"footnotes":""},"class_list":["post-1849","page","type-page","status-publish","hentry"],"_links":{"self":[{"href":"http:\/\/www.madia.fr\/index.php?rest_route=\/wp\/v2\/pages\/1849","targetHints":{"allow":["GET"]}}],"collection":[{"href":"http:\/\/www.madia.fr\/index.php?rest_route=\/wp\/v2\/pages"}],"about":[{"href":"http:\/\/www.madia.fr\/index.php?rest_route=\/wp\/v2\/types\/page"}],"author":[{"embeddable":true,"href":"http:\/\/www.madia.fr\/index.php?rest_route=\/wp\/v2\/users\/1"}],"replies":[{"embeddable":true,"href":"http:\/\/www.madia.fr\/index.php?rest_route=%2Fwp%2Fv2%2Fcomments&post=1849"}],"version-history":[{"count":4,"href":"http:\/\/www.madia.fr\/index.php?rest_route=\/wp\/v2\/pages\/1849\/revisions"}],"predecessor-version":[{"id":1855,"href":"http:\/\/www.madia.fr\/index.php?rest_route=\/wp\/v2\/pages\/1849\/revisions\/1855"}],"wp:attachment":[{"href":"http:\/\/www.madia.fr\/index.php?rest_route=%2Fwp%2Fv2%2Fmedia&parent=1849"}],"curies":[{"name":"wp","href":"https:\/\/api.w.org\/{rel}","templated":true}]}}