{"id":1865,"date":"2023-12-14T11:35:26","date_gmt":"2023-12-14T10:35:26","guid":{"rendered":"http:\/\/www.madia.fr\/?page_id=1865"},"modified":"2024-08-24T15:25:19","modified_gmt":"2024-08-24T14:25:19","slug":"decembre-2023","status":"publish","type":"page","link":"http:\/\/www.madia.fr\/?page_id=1865","title":{"rendered":"Mars 2024 &#8211; Lettre d&rsquo;information"},"content":{"rendered":"\n<p id=\"block-197330cb-7541-454a-9e85-77e3310f8e1d\">Notre lettre d&rsquo;information n\u00b0 36 de mars 2024 est sortie. Elle donne l&rsquo;actualit\u00e9 de l&rsquo;association.<br>N\u2019h\u00e9sitez pas \u00e0 la t\u00e9l\u00e9charger ci-dessous :<\/p>\n\n\n\n<p id=\"block-958124d3-2ba6-438c-bf27-cc71392beee7\"><a href=\"http:\/\/www.madia.fr\/wp-content\/uploads\/2024\/05\/nl36-li.pdf\">nl36<\/a> T\u00e9l\u00e9charger<\/p>\n\n\n\n<p id=\"block-a3909e55-3a8a-4641-b07b-c9dc64758737\">Vos r\u00e9actions sont les bienvenues en \u00e9crivant au <a href=\"mailto:webmaster@madia.fr\">Webmaster<\/a>.<\/p>\n","protected":false},"excerpt":{"rendered":"<p>Notre lettre d&rsquo;information n\u00b0 36 de mars 2024 est sortie. Elle donne l&rsquo;actualit\u00e9 de l&rsquo;association.N\u2019h\u00e9sitez pas \u00e0 la t\u00e9l\u00e9charger ci-dessous : nl36 T\u00e9l\u00e9charger Vos r\u00e9actions sont les bienvenues en \u00e9crivant au Webmaster.<\/p>\n","protected":false},"author":1,"featured_media":0,"parent":0,"menu_order":0,"comment_status":"closed","ping_status":"closed","template":"","meta":{"footnotes":""},"class_list":["post-1865","page","type-page","status-publish","hentry"],"_links":{"self":[{"href":"http:\/\/www.madia.fr\/index.php?rest_route=\/wp\/v2\/pages\/1865","targetHints":{"allow":["GET"]}}],"collection":[{"href":"http:\/\/www.madia.fr\/index.php?rest_route=\/wp\/v2\/pages"}],"about":[{"href":"http:\/\/www.madia.fr\/index.php?rest_route=\/wp\/v2\/types\/page"}],"author":[{"embeddable":true,"href":"http:\/\/www.madia.fr\/index.php?rest_route=\/wp\/v2\/users\/1"}],"replies":[{"embeddable":true,"href":"http:\/\/www.madia.fr\/index.php?rest_route=%2Fwp%2Fv2%2Fcomments&post=1865"}],"version-history":[{"count":6,"href":"http:\/\/www.madia.fr\/index.php?rest_route=\/wp\/v2\/pages\/1865\/revisions"}],"predecessor-version":[{"id":1905,"href":"http:\/\/www.madia.fr\/index.php?rest_route=\/wp\/v2\/pages\/1865\/revisions\/1905"}],"wp:attachment":[{"href":"http:\/\/www.madia.fr\/index.php?rest_route=%2Fwp%2Fv2%2Fmedia&parent=1865"}],"curies":[{"name":"wp","href":"https:\/\/api.w.org\/{rel}","templated":true}]}}