{"id":1895,"date":"2024-05-17T15:10:52","date_gmt":"2024-05-17T14:10:52","guid":{"rendered":"http:\/\/www.madia.fr\/?page_id=1895"},"modified":"2024-05-21T13:27:15","modified_gmt":"2024-05-21T12:27:15","slug":"decembre-2023-2","status":"publish","type":"page","link":"http:\/\/www.madia.fr\/?page_id=1895","title":{"rendered":"D\u00e9cembre 2023"},"content":{"rendered":"\n<p id=\"block-197330cb-7541-454a-9e85-77e3310f8e1d\">Notre lettre d&rsquo;information n\u00b0 36 de d\u00e9cembre 2023 est sortie. Elle donne l&rsquo;actualit\u00e9 de l&rsquo;association.<br>N\u2019h\u00e9sitez pas \u00e0 la t\u00e9l\u00e9charger ci-dessous :<\/p>\n\n\n\n<p id=\"block-958124d3-2ba6-438c-bf27-cc71392beee7\"><a href=\"http:\/\/www.madia.fr\/wp-content\/uploads\/2023\/12\/nl35-li.pdf\">nl35<\/a> T\u00e9l\u00e9charger<\/p>\n\n\n\n<p id=\"block-a3909e55-3a8a-4641-b07b-c9dc64758737\">Vos r\u00e9actions sont les bienvenues en \u00e9crivant au <a href=\"mailto:webmaster@madia.fr\">Webmaster<\/a>.<\/p>\n","protected":false},"excerpt":{"rendered":"<p>Notre lettre d&rsquo;information n\u00b0 36 de d\u00e9cembre 2023 est sortie. Elle donne l&rsquo;actualit\u00e9 de l&rsquo;association.N\u2019h\u00e9sitez pas \u00e0 la t\u00e9l\u00e9charger ci-dessous : nl35 T\u00e9l\u00e9charger Vos r\u00e9actions sont les bienvenues en \u00e9crivant au Webmaster.<\/p>\n","protected":false},"author":1,"featured_media":0,"parent":0,"menu_order":0,"comment_status":"closed","ping_status":"closed","template":"","meta":{"footnotes":""},"class_list":["post-1895","page","type-page","status-publish","hentry"],"_links":{"self":[{"href":"http:\/\/www.madia.fr\/index.php?rest_route=\/wp\/v2\/pages\/1895","targetHints":{"allow":["GET"]}}],"collection":[{"href":"http:\/\/www.madia.fr\/index.php?rest_route=\/wp\/v2\/pages"}],"about":[{"href":"http:\/\/www.madia.fr\/index.php?rest_route=\/wp\/v2\/types\/page"}],"author":[{"embeddable":true,"href":"http:\/\/www.madia.fr\/index.php?rest_route=\/wp\/v2\/users\/1"}],"replies":[{"embeddable":true,"href":"http:\/\/www.madia.fr\/index.php?rest_route=%2Fwp%2Fv2%2Fcomments&post=1895"}],"version-history":[{"count":3,"href":"http:\/\/www.madia.fr\/index.php?rest_route=\/wp\/v2\/pages\/1895\/revisions"}],"predecessor-version":[{"id":1906,"href":"http:\/\/www.madia.fr\/index.php?rest_route=\/wp\/v2\/pages\/1895\/revisions\/1906"}],"wp:attachment":[{"href":"http:\/\/www.madia.fr\/index.php?rest_route=%2Fwp%2Fv2%2Fmedia&parent=1895"}],"curies":[{"name":"wp","href":"https:\/\/api.w.org\/{rel}","templated":true}]}}