{"id":1914,"date":"2024-08-24T15:24:54","date_gmt":"2024-08-24T14:24:54","guid":{"rendered":"https:\/\/www.madia.fr\/?p=1914"},"modified":"2025-03-10T16:44:28","modified_gmt":"2025-03-10T15:44:28","slug":"mai-2024-lettre-dinformation","status":"publish","type":"page","link":"http:\/\/www.madia.fr\/?page_id=1914","title":{"rendered":"Mai 2024 &#8211; Lettre d&rsquo;information"},"content":{"rendered":"\n<p id=\"block-197330cb-7541-454a-9e85-77e3310f8e1d\">Notre lettre d&rsquo;information n\u00b0 37 de mai 2024 est sortie. Elle donne l&rsquo;actualit\u00e9 de l&rsquo;association.<br>N\u2019h\u00e9sitez pas \u00e0 la t\u00e9l\u00e9charger ci-dessous :<\/p>\n\n\n\n<p id=\"block-958124d3-2ba6-438c-bf27-cc71392beee7\"><a href=\"http:\/\/www.madia.fr\/wp-content\/uploads\/2024\/08\/nl37-li.pdf\">nl37<\/a> T\u00e9l\u00e9charger<\/p>\n\n\n\n<p id=\"block-a3909e55-3a8a-4641-b07b-c9dc64758737\">Vos r\u00e9actions sont les bienvenues en \u00e9crivant au <a href=\"mailto:webmaster@madia.fr\">Webmaster<\/a>.<\/p>\n","protected":false},"excerpt":{"rendered":"<p>Notre lettre d&rsquo;information n\u00b0 37 de mai 2024 est sortie. Elle donne l&rsquo;actualit\u00e9 de l&rsquo;association.N\u2019h\u00e9sitez pas \u00e0 la t\u00e9l\u00e9charger ci-dessous : nl37 T\u00e9l\u00e9charger Vos r\u00e9actions sont les bienvenues en \u00e9crivant au Webmaster.<\/p>\n","protected":false},"author":1,"featured_media":0,"parent":0,"menu_order":0,"comment_status":"closed","ping_status":"open","template":"","meta":{"footnotes":""},"class_list":["post-1914","page","type-page","status-publish","hentry"],"_links":{"self":[{"href":"http:\/\/www.madia.fr\/index.php?rest_route=\/wp\/v2\/pages\/1914","targetHints":{"allow":["GET"]}}],"collection":[{"href":"http:\/\/www.madia.fr\/index.php?rest_route=\/wp\/v2\/pages"}],"about":[{"href":"http:\/\/www.madia.fr\/index.php?rest_route=\/wp\/v2\/types\/page"}],"author":[{"embeddable":true,"href":"http:\/\/www.madia.fr\/index.php?rest_route=\/wp\/v2\/users\/1"}],"replies":[{"embeddable":true,"href":"http:\/\/www.madia.fr\/index.php?rest_route=%2Fwp%2Fv2%2Fcomments&post=1914"}],"version-history":[{"count":1,"href":"http:\/\/www.madia.fr\/index.php?rest_route=\/wp\/v2\/pages\/1914\/revisions"}],"predecessor-version":[{"id":1917,"href":"http:\/\/www.madia.fr\/index.php?rest_route=\/wp\/v2\/pages\/1914\/revisions\/1917"}],"wp:attachment":[{"href":"http:\/\/www.madia.fr\/index.php?rest_route=%2Fwp%2Fv2%2Fmedia&parent=1914"}],"curies":[{"name":"wp","href":"https:\/\/api.w.org\/{rel}","templated":true}]}}