{"id":192,"date":"2015-11-28T13:41:51","date_gmt":"2015-11-28T12:41:51","guid":{"rendered":"http:\/\/www.madia.fr\/?page_id=192"},"modified":"2015-12-02T20:25:46","modified_gmt":"2015-12-02T19:25:46","slug":"lettre-dinformation-1","status":"publish","type":"page","link":"http:\/\/www.madia.fr\/?page_id=192","title":{"rendered":"Lettre d&rsquo;information 1"},"content":{"rendered":"<p>Notre lettre d&rsquo;information n\u00b01 dat\u00e9e de novembre 2015 est sortie. Elle donne l&rsquo;actualit\u00e9 de l&rsquo;association. N&rsquo;h\u00e9sitez pas \u00e0 la t\u00e9l\u00e9charger\u00a0<a href=\"http:\/\/www.madia.fr\/wp-content\/uploads\/2015\/11\/nl1-madia.pdf\">ici<\/a>.<\/p>\n<p>Vos r\u00e9actions sont les bienvenues en \u00e9crivant\u00a0au <a href=\"mailto:webmaster@madia.fr?subject=Lettre%20Info%201\">Webmaster<\/a><\/p>\n<p>&nbsp;<\/p>\n<p>&nbsp;<\/p>\n","protected":false},"excerpt":{"rendered":"<p>Notre lettre d&rsquo;information n\u00b01 dat\u00e9e de novembre 2015 est sortie. Elle donne l&rsquo;actualit\u00e9 de l&rsquo;association. N&rsquo;h\u00e9sitez pas \u00e0 la t\u00e9l\u00e9charger\u00a0ici. Vos r\u00e9actions sont les bienvenues en \u00e9crivant\u00a0au Webmaster &nbsp; &nbsp;<\/p>\n","protected":false},"author":1,"featured_media":0,"parent":0,"menu_order":0,"comment_status":"closed","ping_status":"closed","template":"","meta":{"footnotes":""},"class_list":["post-192","page","type-page","status-publish","hentry"],"_links":{"self":[{"href":"http:\/\/www.madia.fr\/index.php?rest_route=\/wp\/v2\/pages\/192","targetHints":{"allow":["GET"]}}],"collection":[{"href":"http:\/\/www.madia.fr\/index.php?rest_route=\/wp\/v2\/pages"}],"about":[{"href":"http:\/\/www.madia.fr\/index.php?rest_route=\/wp\/v2\/types\/page"}],"author":[{"embeddable":true,"href":"http:\/\/www.madia.fr\/index.php?rest_route=\/wp\/v2\/users\/1"}],"replies":[{"embeddable":true,"href":"http:\/\/www.madia.fr\/index.php?rest_route=%2Fwp%2Fv2%2Fcomments&post=192"}],"version-history":[{"count":7,"href":"http:\/\/www.madia.fr\/index.php?rest_route=\/wp\/v2\/pages\/192\/revisions"}],"predecessor-version":[{"id":237,"href":"http:\/\/www.madia.fr\/index.php?rest_route=\/wp\/v2\/pages\/192\/revisions\/237"}],"wp:attachment":[{"href":"http:\/\/www.madia.fr\/index.php?rest_route=%2Fwp%2Fv2%2Fmedia&parent=192"}],"curies":[{"name":"wp","href":"https:\/\/api.w.org\/{rel}","templated":true}]}}