{"id":199,"date":"2015-12-01T18:39:47","date_gmt":"2015-12-01T17:39:47","guid":{"rendered":"http:\/\/www.madia.fr\/?page_id=199"},"modified":"2015-12-01T18:40:13","modified_gmt":"2015-12-01T17:40:13","slug":"lettres-dinformations","status":"publish","type":"page","link":"http:\/\/www.madia.fr\/?page_id=199","title":{"rendered":"Lettres d&rsquo;information"},"content":{"rendered":"<p>Vous trouverez ici disponibles en t\u00e9l\u00e9chargement tous les lettres d&rsquo;informations diffus\u00e9es aux donateurs et b\u00e9n\u00e9voles.<\/p>\n","protected":false},"excerpt":{"rendered":"<p>Vous trouverez ici disponibles en t\u00e9l\u00e9chargement tous les lettres d&rsquo;informations diffus\u00e9es aux donateurs et b\u00e9n\u00e9voles.<\/p>\n","protected":false},"author":1,"featured_media":0,"parent":0,"menu_order":0,"comment_status":"closed","ping_status":"closed","template":"","meta":{"footnotes":""},"class_list":["post-199","page","type-page","status-publish","hentry"],"_links":{"self":[{"href":"http:\/\/www.madia.fr\/index.php?rest_route=\/wp\/v2\/pages\/199","targetHints":{"allow":["GET"]}}],"collection":[{"href":"http:\/\/www.madia.fr\/index.php?rest_route=\/wp\/v2\/pages"}],"about":[{"href":"http:\/\/www.madia.fr\/index.php?rest_route=\/wp\/v2\/types\/page"}],"author":[{"embeddable":true,"href":"http:\/\/www.madia.fr\/index.php?rest_route=\/wp\/v2\/users\/1"}],"replies":[{"embeddable":true,"href":"http:\/\/www.madia.fr\/index.php?rest_route=%2Fwp%2Fv2%2Fcomments&post=199"}],"version-history":[{"count":2,"href":"http:\/\/www.madia.fr\/index.php?rest_route=\/wp\/v2\/pages\/199\/revisions"}],"predecessor-version":[{"id":201,"href":"http:\/\/www.madia.fr\/index.php?rest_route=\/wp\/v2\/pages\/199\/revisions\/201"}],"wp:attachment":[{"href":"http:\/\/www.madia.fr\/index.php?rest_route=%2Fwp%2Fv2%2Fmedia&parent=199"}],"curies":[{"name":"wp","href":"https:\/\/api.w.org\/{rel}","templated":true}]}}