{"id":2004,"date":"2025-07-04T09:45:07","date_gmt":"2025-07-04T08:45:07","guid":{"rendered":"https:\/\/www.madia.fr\/?page_id=2004"},"modified":"2025-07-04T10:20:12","modified_gmt":"2025-07-04T09:20:12","slug":"decembre-2024-lettre-dinformation","status":"publish","type":"page","link":"http:\/\/www.madia.fr\/?page_id=2004","title":{"rendered":"D\u00e9cembre 2024 &#8211; Lettre d&rsquo;information"},"content":{"rendered":"\n<p id=\"block-197330cb-7541-454a-9e85-77e3310f8e1d\">Notre lettre d&rsquo;information n\u00b0 40 de d\u00e9cembre 2024 est sortie. Elle donne l&rsquo;actualit\u00e9 de l&rsquo;association.<br>N\u2019h\u00e9sitez pas \u00e0 la t\u00e9l\u00e9charger ci-dessous :<\/p>\n\n\n\n<p id=\"block-958124d3-2ba6-438c-bf27-cc71392beee7\"><a href=\"http:\/\/www.madia.fr\/wp-content\/uploads\/2025\/03\/nl40.pdf\" data-type=\"URL\" data-id=\"http:\/\/www.madia.fr\/wp-content\/uploads\/2025\/03\/nl39.pdf\">nl40<\/a> T\u00e9l\u00e9charger<\/p>\n","protected":false},"excerpt":{"rendered":"<p>Notre lettre d&rsquo;information n\u00b0 40 de d\u00e9cembre 2024 est sortie. Elle donne l&rsquo;actualit\u00e9 de l&rsquo;association.N\u2019h\u00e9sitez pas \u00e0 la t\u00e9l\u00e9charger ci-dessous : nl40 T\u00e9l\u00e9charger<\/p>\n","protected":false},"author":1,"featured_media":0,"parent":0,"menu_order":0,"comment_status":"closed","ping_status":"closed","template":"","meta":{"footnotes":""},"class_list":["post-2004","page","type-page","status-publish","hentry"],"_links":{"self":[{"href":"http:\/\/www.madia.fr\/index.php?rest_route=\/wp\/v2\/pages\/2004","targetHints":{"allow":["GET"]}}],"collection":[{"href":"http:\/\/www.madia.fr\/index.php?rest_route=\/wp\/v2\/pages"}],"about":[{"href":"http:\/\/www.madia.fr\/index.php?rest_route=\/wp\/v2\/types\/page"}],"author":[{"embeddable":true,"href":"http:\/\/www.madia.fr\/index.php?rest_route=\/wp\/v2\/users\/1"}],"replies":[{"embeddable":true,"href":"http:\/\/www.madia.fr\/index.php?rest_route=%2Fwp%2Fv2%2Fcomments&post=2004"}],"version-history":[{"count":2,"href":"http:\/\/www.madia.fr\/index.php?rest_route=\/wp\/v2\/pages\/2004\/revisions"}],"predecessor-version":[{"id":2015,"href":"http:\/\/www.madia.fr\/index.php?rest_route=\/wp\/v2\/pages\/2004\/revisions\/2015"}],"wp:attachment":[{"href":"http:\/\/www.madia.fr\/index.php?rest_route=%2Fwp%2Fv2%2Fmedia&parent=2004"}],"curies":[{"name":"wp","href":"https:\/\/api.w.org\/{rel}","templated":true}]}}