{"id":2008,"date":"2025-07-04T09:49:06","date_gmt":"2025-07-04T08:49:06","guid":{"rendered":"https:\/\/www.madia.fr\/?page_id=2008"},"modified":"2025-07-04T09:51:17","modified_gmt":"2025-07-04T08:51:17","slug":"avril-2025-lettre-dinformation","status":"publish","type":"page","link":"http:\/\/www.madia.fr\/?page_id=2008","title":{"rendered":"Avril 2025 &#8211; Lettre d&rsquo;information"},"content":{"rendered":"\n<p id=\"block-197330cb-7541-454a-9e85-77e3310f8e1d\">Notre lettre d&rsquo;information n\u00b0 41 d&rsquo;avril 2025 est sortie. Elle donne l&rsquo;actualit\u00e9 de l&rsquo;association.<br>N\u2019h\u00e9sitez pas \u00e0 la t\u00e9l\u00e9charger ci-dessous :<\/p>\n\n\n\n<p id=\"block-958124d3-2ba6-438c-bf27-cc71392beee7\"><a href=\"http:\/\/www.madia.fr\/wp-content\/uploads\/2025\/07\/nl41-li.pdf\" data-type=\"URL\">nl41<\/a> T\u00e9l\u00e9charger<\/p>\n\n\n\n<p>Vos r\u00e9actions sont les bienvenues en \u00e9crivant au <a href=\"mailto:webmaster@madia.fr\"><\/a><a href=\"mailto:webmaster@madia.fr\">Webmaster<\/a>.<\/p>\n","protected":false},"excerpt":{"rendered":"<p>Notre lettre d&rsquo;information n\u00b0 41 d&rsquo;avril 2025 est sortie. Elle donne l&rsquo;actualit\u00e9 de l&rsquo;association.N\u2019h\u00e9sitez pas \u00e0 la t\u00e9l\u00e9charger ci-dessous : nl41 T\u00e9l\u00e9charger Vos r\u00e9actions sont les bienvenues en \u00e9crivant au Webmaster.<\/p>\n","protected":false},"author":1,"featured_media":0,"parent":0,"menu_order":0,"comment_status":"closed","ping_status":"closed","template":"","meta":{"footnotes":""},"class_list":["post-2008","page","type-page","status-publish","hentry"],"_links":{"self":[{"href":"http:\/\/www.madia.fr\/index.php?rest_route=\/wp\/v2\/pages\/2008","targetHints":{"allow":["GET"]}}],"collection":[{"href":"http:\/\/www.madia.fr\/index.php?rest_route=\/wp\/v2\/pages"}],"about":[{"href":"http:\/\/www.madia.fr\/index.php?rest_route=\/wp\/v2\/types\/page"}],"author":[{"embeddable":true,"href":"http:\/\/www.madia.fr\/index.php?rest_route=\/wp\/v2\/users\/1"}],"replies":[{"embeddable":true,"href":"http:\/\/www.madia.fr\/index.php?rest_route=%2Fwp%2Fv2%2Fcomments&post=2008"}],"version-history":[{"count":2,"href":"http:\/\/www.madia.fr\/index.php?rest_route=\/wp\/v2\/pages\/2008\/revisions"}],"predecessor-version":[{"id":2012,"href":"http:\/\/www.madia.fr\/index.php?rest_route=\/wp\/v2\/pages\/2008\/revisions\/2012"}],"wp:attachment":[{"href":"http:\/\/www.madia.fr\/index.php?rest_route=%2Fwp%2Fv2%2Fmedia&parent=2008"}],"curies":[{"name":"wp","href":"https:\/\/api.w.org\/{rel}","templated":true}]}}