{"id":256,"date":"2016-01-28T12:28:07","date_gmt":"2016-01-28T11:28:07","guid":{"rendered":"http:\/\/www.madia.fr\/?page_id=256"},"modified":"2016-01-28T12:34:26","modified_gmt":"2016-01-28T11:34:26","slug":"lettre-dinformation-2","status":"publish","type":"page","link":"http:\/\/www.madia.fr\/?page_id=256","title":{"rendered":"Lettre d&rsquo;information 2"},"content":{"rendered":"<p>Notre lettre d&rsquo;information n\u00b02 dat\u00e9e de janvier\u00a02016 est sortie. Elle donne l&rsquo;actualit\u00e9 de l&rsquo;association. N&rsquo;h\u00e9sitez pas \u00e0 la t\u00e9l\u00e9charger\u00a0<a href=\"http:\/\/www.madia.fr\/wp-content\/uploads\/2016\/01\/nl2-madia.pdf\">ici<\/a>.<\/p>\n<p>Vos r\u00e9actions sont les bienvenues en \u00e9crivant\u00a0<a href=\"mailto:info@madia.fr?subject=Lettre%20Info%202\">\u00e0 cette adresse<\/a><\/p>\n","protected":false},"excerpt":{"rendered":"<p>Notre lettre d&rsquo;information n\u00b02 dat\u00e9e de janvier\u00a02016 est sortie. Elle donne l&rsquo;actualit\u00e9 de l&rsquo;association. N&rsquo;h\u00e9sitez pas \u00e0 la t\u00e9l\u00e9charger\u00a0ici. Vos r\u00e9actions sont les bienvenues en \u00e9crivant\u00a0\u00e0 cette adresse<\/p>\n","protected":false},"author":1,"featured_media":0,"parent":0,"menu_order":0,"comment_status":"closed","ping_status":"closed","template":"","meta":{"footnotes":""},"class_list":["post-256","page","type-page","status-publish","hentry"],"_links":{"self":[{"href":"http:\/\/www.madia.fr\/index.php?rest_route=\/wp\/v2\/pages\/256","targetHints":{"allow":["GET"]}}],"collection":[{"href":"http:\/\/www.madia.fr\/index.php?rest_route=\/wp\/v2\/pages"}],"about":[{"href":"http:\/\/www.madia.fr\/index.php?rest_route=\/wp\/v2\/types\/page"}],"author":[{"embeddable":true,"href":"http:\/\/www.madia.fr\/index.php?rest_route=\/wp\/v2\/users\/1"}],"replies":[{"embeddable":true,"href":"http:\/\/www.madia.fr\/index.php?rest_route=%2Fwp%2Fv2%2Fcomments&post=256"}],"version-history":[{"count":4,"href":"http:\/\/www.madia.fr\/index.php?rest_route=\/wp\/v2\/pages\/256\/revisions"}],"predecessor-version":[{"id":263,"href":"http:\/\/www.madia.fr\/index.php?rest_route=\/wp\/v2\/pages\/256\/revisions\/263"}],"wp:attachment":[{"href":"http:\/\/www.madia.fr\/index.php?rest_route=%2Fwp%2Fv2%2Fmedia&parent=256"}],"curies":[{"name":"wp","href":"https:\/\/api.w.org\/{rel}","templated":true}]}}