{"id":324,"date":"2016-04-21T16:06:17","date_gmt":"2016-04-21T15:06:17","guid":{"rendered":"http:\/\/www.madia.fr\/?page_id=324"},"modified":"2016-04-21T17:02:25","modified_gmt":"2016-04-21T16:02:25","slug":"quelques-nouvelles-en-avril-2016","status":"publish","type":"page","link":"http:\/\/www.madia.fr\/?page_id=324","title":{"rendered":"Quelques nouvelles en avril 2016"},"content":{"rendered":"<p>Le projet de cantine continue bien s\u00fbr jusqu&rsquo;\u00e0 la fin de l&rsquo;ann\u00e9e scolaire.<br \/>\nA cause de la pluie et d\u2019une \u00e9pid\u00e9mie de varicelle , les enfants ont \u00e9t\u00e9 moins assidus. En mars le taux d\u2019assiduit\u00e9 est \u00e9valu\u00e9 \u00e0 83%. (En g\u00e9n\u00e9ral les enfants sont assidus)<\/p>\n<p>Fianarantoa est une ville qui peut \u00eatre froide.<br \/>\nLe grand probl\u00e8me est le bois de chauffe qui se rar\u00e9fie. Le Foyer Sainte-Louise a du mal \u00e0 trouver du bois pour faire la cuisine. Un contact est \u00e0 \u00e9tablir avec la menuiserie des P\u00e8res pour r\u00e9cup\u00e9rer le bois chez eux.<br \/>\nSinon, il faudra faire la cuisine au charbon (A envisager si la menuiserie ne peut pas donner suite \u00e0 la demande). Mais bien s\u00fbr, le charbon co\u00fbte.<\/p>\n<p><a href=\"http:\/\/www.madia.fr\/?attachment_id=329\" rel=\"attachment wp-att-329\"><img loading=\"lazy\" decoding=\"async\" class=\"aligncenter size-full wp-image-329\" src=\"http:\/\/www.madia.fr\/wp-content\/uploads\/2016\/04\/IMAG2722-600-x-359.jpg\" alt=\"IMAG2722 (600 x 359)\" width=\"600\" height=\"359\" srcset=\"http:\/\/www.madia.fr\/wp-content\/uploads\/2016\/04\/IMAG2722-600-x-359.jpg 600w, http:\/\/www.madia.fr\/wp-content\/uploads\/2016\/04\/IMAG2722-600-x-359-300x180.jpg 300w\" sizes=\"auto, (max-width: 600px) 100vw, 600px\" \/><\/a><\/p>\n<p>La cantine est important bien s\u00fbr pour les petits estomacs, la r\u00e9p\u00e9tition des cours l&rsquo;est tout autant.<\/p>\n","protected":false},"excerpt":{"rendered":"<p>Le projet de cantine continue bien s\u00fbr jusqu&rsquo;\u00e0 la fin de l&rsquo;ann\u00e9e scolaire. A cause de la pluie et d\u2019une \u00e9pid\u00e9mie de varicelle , les enfants ont \u00e9t\u00e9 moins assidus. En mars le taux d\u2019assiduit\u00e9 est \u00e9valu\u00e9 \u00e0 83%. (En g\u00e9n\u00e9ral les enfants sont assidus) Fianarantoa est une ville qui peut \u00eatre froide. Le grand [&hellip;]<\/p>\n","protected":false},"author":1,"featured_media":0,"parent":0,"menu_order":0,"comment_status":"closed","ping_status":"closed","template":"","meta":{"footnotes":""},"class_list":["post-324","page","type-page","status-publish","hentry"],"_links":{"self":[{"href":"http:\/\/www.madia.fr\/index.php?rest_route=\/wp\/v2\/pages\/324","targetHints":{"allow":["GET"]}}],"collection":[{"href":"http:\/\/www.madia.fr\/index.php?rest_route=\/wp\/v2\/pages"}],"about":[{"href":"http:\/\/www.madia.fr\/index.php?rest_route=\/wp\/v2\/types\/page"}],"author":[{"embeddable":true,"href":"http:\/\/www.madia.fr\/index.php?rest_route=\/wp\/v2\/users\/1"}],"replies":[{"embeddable":true,"href":"http:\/\/www.madia.fr\/index.php?rest_route=%2Fwp%2Fv2%2Fcomments&post=324"}],"version-history":[{"count":5,"href":"http:\/\/www.madia.fr\/index.php?rest_route=\/wp\/v2\/pages\/324\/revisions"}],"predecessor-version":[{"id":331,"href":"http:\/\/www.madia.fr\/index.php?rest_route=\/wp\/v2\/pages\/324\/revisions\/331"}],"wp:attachment":[{"href":"http:\/\/www.madia.fr\/index.php?rest_route=%2Fwp%2Fv2%2Fmedia&parent=324"}],"curies":[{"name":"wp","href":"https:\/\/api.w.org\/{rel}","templated":true}]}}