{"id":390,"date":"2017-02-05T21:25:21","date_gmt":"2017-02-05T20:25:21","guid":{"rendered":"http:\/\/www.madia.fr\/?page_id=390"},"modified":"2017-02-25T17:48:30","modified_gmt":"2017-02-25T16:48:30","slug":"alain-jaquet","status":"publish","type":"page","link":"http:\/\/www.madia.fr\/?page_id=390","title":{"rendered":"Vente caritative 2017"},"content":{"rendered":"<p>Des \u0153uvres seront mises\u00a0en vente\u00a0le 5 mars 2017 \u00e0 l&rsquo;occasion du\u00a0concert de <a href=\"http:\/\/www.madia.fr\/?page_id=379&amp;preview=true\">Talike Gell\u00e9<\/a>. Il s&rsquo;agit d&rsquo;un don de deux artistes Cachanais. Le profit de cette vente ira int\u00e9gralement \u00e0 notre action 2017. MADiA remercie tr\u00e8s vivement leur engagement \u00e0 nos c\u00f4t\u00e9s.<\/p>\n<p>Alain Jaquet fait don de \u00a0deux\u00a0sculptures. Alain est un sculpteur \u00a0que vous pouvez retrouver sur son <a href=\"http:\/\/www.alainjaquet.fr\" target=\"_blank\">site<\/a>\u00a0tr\u00e8s complet.\u00a0Une statuette \u00ab\u00a0Le chat\u00a0\u00bb mesure\u00a030 centim\u00e8tres de haut. Elle est r\u00e9alis\u00e9e en pl\u00e2tre synth\u00e9tique peint en noir. Elle est mont\u00e9e sur un socle en bois verni. <span style=\"color: #ff6600;\">Mise \u00e0 prix : 180 \u20ac<\/span><\/p>\n<p><a href=\"http:\/\/www.madia.fr\/?attachment_id=454\" rel=\"attachment wp-att-454\"><img loading=\"lazy\" decoding=\"async\" class=\"aligncenter wp-image-454\" src=\"http:\/\/www.madia.fr\/wp-content\/uploads\/2017\/02\/v1.jpg\" alt=\"\" width=\"425\" height=\"353\" srcset=\"http:\/\/www.madia.fr\/wp-content\/uploads\/2017\/02\/v1.jpg 870w, http:\/\/www.madia.fr\/wp-content\/uploads\/2017\/02\/v1-300x249.jpg 300w, http:\/\/www.madia.fr\/wp-content\/uploads\/2017\/02\/v1-768x636.jpg 768w\" sizes=\"auto, (max-width: 425px) 100vw, 425px\" \/><\/a><\/p>\n<p>Un triptyque \u00ab\u00a0Homme, Amour, Femme\u00a0\u00bb mesure\u00a034 centim\u00e8tres de large. Il est r\u00e9alis\u00e9 en laiton verni et mont\u00e9 sur un socle en bois verni.\u00a0<span style=\"color: #ff6600;\">Mise \u00e0 prix : 220 \u20ac<\/span><\/p>\n<p><a href=\"http:\/\/www.madia.fr\/?attachment_id=456\" rel=\"attachment wp-att-456\"><img loading=\"lazy\" decoding=\"async\" class=\"aligncenter size-large wp-image-456\" src=\"http:\/\/www.madia.fr\/wp-content\/uploads\/2017\/02\/v3-1024x582.jpg\" alt=\"\" width=\"570\" height=\"324\" srcset=\"http:\/\/www.madia.fr\/wp-content\/uploads\/2017\/02\/v3-1024x582.jpg 1024w, http:\/\/www.madia.fr\/wp-content\/uploads\/2017\/02\/v3-300x170.jpg 300w, http:\/\/www.madia.fr\/wp-content\/uploads\/2017\/02\/v3-768x436.jpg 768w, http:\/\/www.madia.fr\/wp-content\/uploads\/2017\/02\/v3.jpg 1139w\" sizes=\"auto, (max-width: 570px) 100vw, 570px\" \/><\/a><\/p>\n<p>&nbsp;<\/p>\n<p class=\"p1\">Catherine L\u00e9va fait don d&rsquo;un tr\u00e8s beau tableau. Vous pouvez retrouver Catherine sur son tr\u00e8s beau <a href=\"http:\/\/www.catherine-leva.fr\/\" target=\"_blank\">site<\/a>. Il s&rsquo;agit d&rsquo;un\u00a0tableau abstrait, carr\u00e9 de 25 centim\u00e8tres et r\u00e9alis\u00e9 \u00e0 la plume avec des aplats. Le cadre est r\u00e9alis\u00e9 en\u00a0bois clair.\u00a0<span style=\"color: #ff6600;\">Mise \u00e0 prix : 90 \u20ac<\/span><\/p>\n<p class=\"p1\"><a href=\"http:\/\/www.madia.fr\/?attachment_id=455\" rel=\"attachment wp-att-455\"><img loading=\"lazy\" decoding=\"async\" class=\"aligncenter wp-image-455\" src=\"http:\/\/www.madia.fr\/wp-content\/uploads\/2017\/02\/v2.jpg\" alt=\"\" width=\"436\" height=\"427\" srcset=\"http:\/\/www.madia.fr\/wp-content\/uploads\/2017\/02\/v2.jpg 853w, http:\/\/www.madia.fr\/wp-content\/uploads\/2017\/02\/v2-300x294.jpg 300w, http:\/\/www.madia.fr\/wp-content\/uploads\/2017\/02\/v2-768x752.jpg 768w\" sizes=\"auto, (max-width: 436px) 100vw, 436px\" \/><\/a><\/p>\n","protected":false},"excerpt":{"rendered":"<p>Des \u0153uvres seront mises\u00a0en vente\u00a0le 5 mars 2017 \u00e0 l&rsquo;occasion du\u00a0concert de Talike Gell\u00e9. Il s&rsquo;agit d&rsquo;un don de deux artistes Cachanais. Le profit de cette vente ira int\u00e9gralement \u00e0 notre action 2017. MADiA remercie tr\u00e8s vivement leur engagement \u00e0 nos c\u00f4t\u00e9s. Alain Jaquet fait don de \u00a0deux\u00a0sculptures. Alain est un sculpteur \u00a0que vous pouvez [&hellip;]<\/p>\n","protected":false},"author":1,"featured_media":0,"parent":0,"menu_order":0,"comment_status":"closed","ping_status":"closed","template":"","meta":{"footnotes":""},"class_list":["post-390","page","type-page","status-publish","hentry"],"_links":{"self":[{"href":"http:\/\/www.madia.fr\/index.php?rest_route=\/wp\/v2\/pages\/390","targetHints":{"allow":["GET"]}}],"collection":[{"href":"http:\/\/www.madia.fr\/index.php?rest_route=\/wp\/v2\/pages"}],"about":[{"href":"http:\/\/www.madia.fr\/index.php?rest_route=\/wp\/v2\/types\/page"}],"author":[{"embeddable":true,"href":"http:\/\/www.madia.fr\/index.php?rest_route=\/wp\/v2\/users\/1"}],"replies":[{"embeddable":true,"href":"http:\/\/www.madia.fr\/index.php?rest_route=%2Fwp%2Fv2%2Fcomments&post=390"}],"version-history":[{"count":22,"href":"http:\/\/www.madia.fr\/index.php?rest_route=\/wp\/v2\/pages\/390\/revisions"}],"predecessor-version":[{"id":508,"href":"http:\/\/www.madia.fr\/index.php?rest_route=\/wp\/v2\/pages\/390\/revisions\/508"}],"wp:attachment":[{"href":"http:\/\/www.madia.fr\/index.php?rest_route=%2Fwp%2Fv2%2Fmedia&parent=390"}],"curies":[{"name":"wp","href":"https:\/\/api.w.org\/{rel}","templated":true}]}}