{"id":40,"date":"2015-04-10T21:02:15","date_gmt":"2015-04-10T20:02:15","guid":{"rendered":"http:\/\/www.madia.fr\/?page_id=40"},"modified":"2025-09-14T18:26:40","modified_gmt":"2025-09-14T17:26:40","slug":"bureau-de-lassociation-en-france","status":"publish","type":"page","link":"http:\/\/www.madia.fr\/?page_id=40","title":{"rendered":"Conseil d&rsquo;administration de l\u2019association"},"content":{"rendered":"<p>Pr\u00e9sident : Bernard Baudry<\/p>\n<p>Vice-pr\u00e9sidente : Tiana Smadja-Rakotondramanitra<\/p>\n<p>Tr\u00e9sorier : Fran\u00e7ois Leiber<\/p>\n<p>Secr\u00e9taire : Patrice Ch\u00e9ron<\/p>\n<p>Secr\u00e9taire adjointe : Cathy Amarre<\/p>\n<p>Membres du conseil d&rsquo;administration : Alexandre Allien, Arnaud Coulombel, Christophe Lach\u00eane, Etienne Razafinjato, Joce Razafinjato<\/p>\n","protected":false},"excerpt":{"rendered":"<p>Pr\u00e9sident : Bernard Baudry Vice-pr\u00e9sidente : Tiana Smadja-Rakotondramanitra Tr\u00e9sorier : Fran\u00e7ois Leiber Secr\u00e9taire : Patrice Ch\u00e9ron Secr\u00e9taire adjointe : Cathy Amarre Membres du conseil d&rsquo;administration : Alexandre Allien, Arnaud Coulombel, Christophe Lach\u00eane, Etienne Razafinjato, Joce Razafinjato<\/p>\n","protected":false},"author":1,"featured_media":0,"parent":36,"menu_order":0,"comment_status":"closed","ping_status":"open","template":"page_madia.php","meta":{"footnotes":""},"class_list":["post-40","page","type-page","status-publish","hentry"],"_links":{"self":[{"href":"http:\/\/www.madia.fr\/index.php?rest_route=\/wp\/v2\/pages\/40","targetHints":{"allow":["GET"]}}],"collection":[{"href":"http:\/\/www.madia.fr\/index.php?rest_route=\/wp\/v2\/pages"}],"about":[{"href":"http:\/\/www.madia.fr\/index.php?rest_route=\/wp\/v2\/types\/page"}],"author":[{"embeddable":true,"href":"http:\/\/www.madia.fr\/index.php?rest_route=\/wp\/v2\/users\/1"}],"replies":[{"embeddable":true,"href":"http:\/\/www.madia.fr\/index.php?rest_route=%2Fwp%2Fv2%2Fcomments&post=40"}],"version-history":[{"count":23,"href":"http:\/\/www.madia.fr\/index.php?rest_route=\/wp\/v2\/pages\/40\/revisions"}],"predecessor-version":[{"id":2057,"href":"http:\/\/www.madia.fr\/index.php?rest_route=\/wp\/v2\/pages\/40\/revisions\/2057"}],"up":[{"embeddable":true,"href":"http:\/\/www.madia.fr\/index.php?rest_route=\/wp\/v2\/pages\/36"}],"wp:attachment":[{"href":"http:\/\/www.madia.fr\/index.php?rest_route=%2Fwp%2Fv2%2Fmedia&parent=40"}],"curies":[{"name":"wp","href":"https:\/\/api.w.org\/{rel}","templated":true}]}}