{"id":413,"date":"2017-01-25T20:54:15","date_gmt":"2017-01-25T19:54:15","guid":{"rendered":"http:\/\/www.madia.fr\/?page_id=413"},"modified":"2017-01-25T20:54:15","modified_gmt":"2017-01-25T19:54:15","slug":"etape-2","status":"publish","type":"page","link":"http:\/\/www.madia.fr\/?page_id=413","title":{"rendered":"Etape 2"},"content":{"rendered":"<p>Nous sommes le 21 octobre 2016, arr\u00eat sur image sur le jour du coulage de la dalle du premier \u00e9tage.<\/p>\n<p><img loading=\"lazy\" decoding=\"async\" class=\"aligncenter wp-image-415 size-large\" src=\"http:\/\/www.madia.fr\/wp-content\/uploads\/2017\/01\/20161021_105135-1024x576.jpg\" width=\"570\" height=\"321\" srcset=\"http:\/\/www.madia.fr\/wp-content\/uploads\/2017\/01\/20161021_105135-1024x576.jpg 1024w, http:\/\/www.madia.fr\/wp-content\/uploads\/2017\/01\/20161021_105135-300x169.jpg 300w, http:\/\/www.madia.fr\/wp-content\/uploads\/2017\/01\/20161021_105135-768x432.jpg 768w\" sizes=\"auto, (max-width: 570px) 100vw, 570px\" \/><\/p>\n<p>En arri\u00e8re plan un ouvrier s&rsquo;affaire \u00e0 la pr\u00e9paration du b\u00e9ton. Dans l&rsquo;intervalle, l&rsquo;\u00e9quipe charg\u00e9e du vibrage du b\u00e9ton s&rsquo;octroie une pause bien m\u00e9rit\u00e9e. Ces journaux serviront bient\u00f4t de syst\u00e8me de retenue du b\u00e9ton. L&rsquo;heure ou jamais d&rsquo;y jeter un dernier \u0153il.<\/p>\n<p>&nbsp;<\/p>\n<p>Le foyer en cours de construction dispensera des cours de remise \u00e0 niveau des adolescents en abandon \u00e9ducatif. La lecture et l&rsquo;\u00e9criture seront enseign\u00e9s avant de les conduire vers une formation professionnalisante.<\/p>\n<p>&nbsp;<\/p>\n","protected":false},"excerpt":{"rendered":"<p>Nous sommes le 21 octobre 2016, arr\u00eat sur image sur le jour du coulage de la dalle du premier \u00e9tage. En arri\u00e8re plan un ouvrier s&rsquo;affaire \u00e0 la pr\u00e9paration du b\u00e9ton. Dans l&rsquo;intervalle, l&rsquo;\u00e9quipe charg\u00e9e du vibrage du b\u00e9ton s&rsquo;octroie une pause bien m\u00e9rit\u00e9e. Ces journaux serviront bient\u00f4t de syst\u00e8me de retenue du b\u00e9ton. L&rsquo;heure [&hellip;]<\/p>\n","protected":false},"author":4,"featured_media":0,"parent":0,"menu_order":0,"comment_status":"closed","ping_status":"closed","template":"","meta":{"footnotes":""},"class_list":["post-413","page","type-page","status-publish","hentry"],"_links":{"self":[{"href":"http:\/\/www.madia.fr\/index.php?rest_route=\/wp\/v2\/pages\/413","targetHints":{"allow":["GET"]}}],"collection":[{"href":"http:\/\/www.madia.fr\/index.php?rest_route=\/wp\/v2\/pages"}],"about":[{"href":"http:\/\/www.madia.fr\/index.php?rest_route=\/wp\/v2\/types\/page"}],"author":[{"embeddable":true,"href":"http:\/\/www.madia.fr\/index.php?rest_route=\/wp\/v2\/users\/4"}],"replies":[{"embeddable":true,"href":"http:\/\/www.madia.fr\/index.php?rest_route=%2Fwp%2Fv2%2Fcomments&post=413"}],"version-history":[{"count":3,"href":"http:\/\/www.madia.fr\/index.php?rest_route=\/wp\/v2\/pages\/413\/revisions"}],"predecessor-version":[{"id":429,"href":"http:\/\/www.madia.fr\/index.php?rest_route=\/wp\/v2\/pages\/413\/revisions\/429"}],"wp:attachment":[{"href":"http:\/\/www.madia.fr\/index.php?rest_route=%2Fwp%2Fv2%2Fmedia&parent=413"}],"curies":[{"name":"wp","href":"https:\/\/api.w.org\/{rel}","templated":true}]}}