{"id":418,"date":"2017-01-25T20:54:28","date_gmt":"2017-01-25T19:54:28","guid":{"rendered":"http:\/\/www.madia.fr\/?page_id=418"},"modified":"2017-01-25T20:54:28","modified_gmt":"2017-01-25T19:54:28","slug":"etape-3","status":"publish","type":"page","link":"http:\/\/www.madia.fr\/?page_id=418","title":{"rendered":"Etape 3"},"content":{"rendered":"<p>Nous sommes le 13 janvier 2017, les travaux de finition se poursuivent.<\/p>\n<p><img loading=\"lazy\" decoding=\"async\" class=\"aligncenter wp-image-419 size-full\" src=\"http:\/\/www.madia.fr\/wp-content\/uploads\/2017\/01\/16117421_10207984956009383_2091737981_n.jpg\" width=\"720\" height=\"363\" srcset=\"http:\/\/www.madia.fr\/wp-content\/uploads\/2017\/01\/16117421_10207984956009383_2091737981_n.jpg 720w, http:\/\/www.madia.fr\/wp-content\/uploads\/2017\/01\/16117421_10207984956009383_2091737981_n-300x151.jpg 300w\" sizes=\"auto, (max-width: 720px) 100vw, 720px\" \/><\/p>\n<p>&nbsp;<\/p>\n<p>Au premier plan, la silhouette finale de la construction s&rsquo;affirme.<\/p>\n<p>Ce projet que nous avons construit ensemble est le t\u00e9moin de l&rsquo;importance que nous accordons \u00e0 l&rsquo;\u00e9galit\u00e9 des chances. Un cadre de travail propice \u00e0 l&rsquo;apprentissage sera bient\u00f4t propos\u00e9 \u00e0 de nombreux jeunes que la vie avait \u00e9loign\u00e9s des bancs de l&rsquo;\u00e9cole.<\/p>\n<h6>En arri\u00e8re-plan nous apercevons les salles de classe d&rsquo;un prestigieux lyc\u00e9e de Fianarantsoa.<\/h6>\n<p>&nbsp;<\/p>\n","protected":false},"excerpt":{"rendered":"<p>Nous sommes le 13 janvier 2017, les travaux de finition se poursuivent. &nbsp; Au premier plan, la silhouette finale de la construction s&rsquo;affirme. Ce projet que nous avons construit ensemble est le t\u00e9moin de l&rsquo;importance que nous accordons \u00e0 l&rsquo;\u00e9galit\u00e9 des chances. Un cadre de travail propice \u00e0 l&rsquo;apprentissage sera bient\u00f4t propos\u00e9 \u00e0 de nombreux [&hellip;]<\/p>\n","protected":false},"author":4,"featured_media":0,"parent":0,"menu_order":0,"comment_status":"closed","ping_status":"closed","template":"","meta":{"footnotes":""},"class_list":["post-418","page","type-page","status-publish","hentry"],"_links":{"self":[{"href":"http:\/\/www.madia.fr\/index.php?rest_route=\/wp\/v2\/pages\/418","targetHints":{"allow":["GET"]}}],"collection":[{"href":"http:\/\/www.madia.fr\/index.php?rest_route=\/wp\/v2\/pages"}],"about":[{"href":"http:\/\/www.madia.fr\/index.php?rest_route=\/wp\/v2\/types\/page"}],"author":[{"embeddable":true,"href":"http:\/\/www.madia.fr\/index.php?rest_route=\/wp\/v2\/users\/4"}],"replies":[{"embeddable":true,"href":"http:\/\/www.madia.fr\/index.php?rest_route=%2Fwp%2Fv2%2Fcomments&post=418"}],"version-history":[{"count":5,"href":"http:\/\/www.madia.fr\/index.php?rest_route=\/wp\/v2\/pages\/418\/revisions"}],"predecessor-version":[{"id":430,"href":"http:\/\/www.madia.fr\/index.php?rest_route=\/wp\/v2\/pages\/418\/revisions\/430"}],"wp:attachment":[{"href":"http:\/\/www.madia.fr\/index.php?rest_route=%2Fwp%2Fv2%2Fmedia&parent=418"}],"curies":[{"name":"wp","href":"https:\/\/api.w.org\/{rel}","templated":true}]}}