{"id":473,"date":"2017-02-22T10:50:16","date_gmt":"2017-02-22T09:50:16","guid":{"rendered":"http:\/\/www.madia.fr\/?page_id=473"},"modified":"2017-03-02T22:02:12","modified_gmt":"2017-03-02T21:02:12","slug":"projet-2017","status":"publish","type":"page","link":"http:\/\/www.madia.fr\/?page_id=473","title":{"rendered":"Projet 2017"},"content":{"rendered":"<p><span style=\"color: #ff6600;\">Rappel de la 1<sup>\u00e8re<\/sup> phase<\/span><\/p>\n<p>En 2016, <em>MADiA<\/em> a construit le b\u00e2timent d\u2019un point d\u2019accueil pour jeunes de 10 \u00e0 15 ans d\u00e9scolaris\u00e9s et \u00e0 la rue, en liaison avec les actions de l\u2019AIC.<\/p>\n<p>Les nouveaux locaux consistent en un b\u00e2timent de 76 m<sup>2<\/sup> sur 2 \u00e9tages, construit sur le site du Foyer Sainte-Louise de l\u2019AIC \u00e0 Fianarantsoa. La construction a \u00e9t\u00e9 r\u00e9alis\u00e9e de septembre \u00e0 d\u00e9cembre 2016 gr\u00e2ce aux financements de Madia et sous le contr\u00f4le de Xavier, jeune ing\u00e9nieur volontaire de l\u2019ESTP Cachan.<\/p>\n<p>Le budget de 15 000 \u20ac a \u00e9t\u00e9 respect\u00e9.<\/p>\n<p><img loading=\"lazy\" decoding=\"async\" class=\"wp-image-476 size-full\" src=\"http:\/\/www.madia.fr\/wp-content\/uploads\/2017\/02\/P1040571-li.jpg\" width=\"425\" height=\"379\" align=\"center\/\" srcset=\"http:\/\/www.madia.fr\/wp-content\/uploads\/2017\/02\/P1040571-li.jpg 425w, http:\/\/www.madia.fr\/wp-content\/uploads\/2017\/02\/P1040571-li-300x268.jpg 300w\" sizes=\"auto, (max-width: 425px) 100vw, 425px\" \/><\/p>\n<p><span style=\"color: #ff6600;\">Contenu de la 2<sup>e<\/sup> phase<\/span><\/p>\n<p>La seconde phase consiste \u00e0 \u00e9laborer un projet d\u2019\u00e9tablissement pour l\u2019accueil des jeunes dans le cadre des actions de l\u2019AIC, \u00e0 compl\u00e9ter l\u2019\u00e9quipement de ces nouveaux locaux en fonction des objectifs de ce projet et \u00e0 accompagner un premier groupe.<\/p>\n<p>Ce projet d\u2019\u00e9tablissement a pour objectif d\u2019amener ces jeunes d\u00e9scolaris\u00e9s, en partie d\u00e9socialis\u00e9s, \u00e0 acc\u00e9der aux pr\u00e9requis de la professionnalisation dans un centre de formation.<\/p>\n<p class=\"p1\">Le projet permettra d&rsquo;identifier les crit\u00e8res d&rsquo;admission des enfants, de savoir reconna\u00eetre leurs motivations, de fixer le type d&rsquo;enseignement et les objectifs pour cette premi\u00e8re\u00a0ann\u00e9e.<\/p>\n<p>L\u2019objectif est de d\u00e9marrer \u00e0 la rentr\u00e9e 2017 un accompagnement personnalis\u00e9 de 10 \u00e0 15 jeunes de 8 \u00e0 15 ans, r\u00e9partis probablement en deux\u00a0classes d\u2019\u00e2ge. Au bout d&rsquo;un an, une \u00e9valuation d\u00e9taill\u00e9e sera pratiqu\u00e9e.<\/p>\n<p>Une mission sur place en mai 2017, un contact suivi par internet entre <em>MADiA<\/em> en France et sur place, l\u2019AIC et un professionnel r\u00e9f\u00e9rent en France, permettront de d\u00e9finir pr\u00e9cis\u00e9ment le projet d\u2019\u00e9tablissement.<\/p>\n","protected":false},"excerpt":{"rendered":"<p>Rappel de la 1\u00e8re phase En 2016, MADiA a construit le b\u00e2timent d\u2019un point d\u2019accueil pour jeunes de 10 \u00e0 15 ans d\u00e9scolaris\u00e9s et \u00e0 la rue, en liaison avec les actions de l\u2019AIC. Les nouveaux locaux consistent en un b\u00e2timent de 76 m2 sur 2 \u00e9tages, construit sur le site du Foyer Sainte-Louise de [&hellip;]<\/p>\n","protected":false},"author":1,"featured_media":0,"parent":0,"menu_order":0,"comment_status":"closed","ping_status":"closed","template":"","meta":{"footnotes":""},"class_list":["post-473","page","type-page","status-publish","hentry"],"_links":{"self":[{"href":"http:\/\/www.madia.fr\/index.php?rest_route=\/wp\/v2\/pages\/473","targetHints":{"allow":["GET"]}}],"collection":[{"href":"http:\/\/www.madia.fr\/index.php?rest_route=\/wp\/v2\/pages"}],"about":[{"href":"http:\/\/www.madia.fr\/index.php?rest_route=\/wp\/v2\/types\/page"}],"author":[{"embeddable":true,"href":"http:\/\/www.madia.fr\/index.php?rest_route=\/wp\/v2\/users\/1"}],"replies":[{"embeddable":true,"href":"http:\/\/www.madia.fr\/index.php?rest_route=%2Fwp%2Fv2%2Fcomments&post=473"}],"version-history":[{"count":17,"href":"http:\/\/www.madia.fr\/index.php?rest_route=\/wp\/v2\/pages\/473\/revisions"}],"predecessor-version":[{"id":515,"href":"http:\/\/www.madia.fr\/index.php?rest_route=\/wp\/v2\/pages\/473\/revisions\/515"}],"wp:attachment":[{"href":"http:\/\/www.madia.fr\/index.php?rest_route=%2Fwp%2Fv2%2Fmedia&parent=473"}],"curies":[{"name":"wp","href":"https:\/\/api.w.org\/{rel}","templated":true}]}}