{"id":781,"date":"2019-10-25T08:53:33","date_gmt":"2019-10-25T07:53:33","guid":{"rendered":"http:\/\/www.madia.fr\/?page_id=781"},"modified":"2019-10-25T08:53:33","modified_gmt":"2019-10-25T07:53:33","slug":"projet-2019","status":"publish","type":"page","link":"http:\/\/www.madia.fr\/?page_id=781","title":{"rendered":"Projet 2019"},"content":{"rendered":"<p>L&rsquo;Ecole de la Seconde Chance (ESC) continue \u00e0 former des jeunes d\u00e9favoris\u00e9s \u00e0 Fianarantsoa.<\/p>\n<p>&nbsp;<\/p>\n","protected":false},"excerpt":{"rendered":"<p>L&rsquo;Ecole de la Seconde Chance (ESC) continue \u00e0 former des jeunes d\u00e9favoris\u00e9s \u00e0 Fianarantsoa. &nbsp;<\/p>\n","protected":false},"author":1,"featured_media":0,"parent":0,"menu_order":0,"comment_status":"closed","ping_status":"closed","template":"","meta":{"footnotes":""},"class_list":["post-781","page","type-page","status-publish","hentry"],"_links":{"self":[{"href":"http:\/\/www.madia.fr\/index.php?rest_route=\/wp\/v2\/pages\/781","targetHints":{"allow":["GET"]}}],"collection":[{"href":"http:\/\/www.madia.fr\/index.php?rest_route=\/wp\/v2\/pages"}],"about":[{"href":"http:\/\/www.madia.fr\/index.php?rest_route=\/wp\/v2\/types\/page"}],"author":[{"embeddable":true,"href":"http:\/\/www.madia.fr\/index.php?rest_route=\/wp\/v2\/users\/1"}],"replies":[{"embeddable":true,"href":"http:\/\/www.madia.fr\/index.php?rest_route=%2Fwp%2Fv2%2Fcomments&post=781"}],"version-history":[{"count":2,"href":"http:\/\/www.madia.fr\/index.php?rest_route=\/wp\/v2\/pages\/781\/revisions"}],"predecessor-version":[{"id":825,"href":"http:\/\/www.madia.fr\/index.php?rest_route=\/wp\/v2\/pages\/781\/revisions\/825"}],"wp:attachment":[{"href":"http:\/\/www.madia.fr\/index.php?rest_route=%2Fwp%2Fv2%2Fmedia&parent=781"}],"curies":[{"name":"wp","href":"https:\/\/api.w.org\/{rel}","templated":true}]}}