{"id":81,"date":"2015-05-23T21:11:49","date_gmt":"2015-05-23T20:11:49","guid":{"rendered":"http:\/\/www.madia.fr\/?page_id=81"},"modified":"2024-02-12T22:02:11","modified_gmt":"2024-02-12T21:02:11","slug":"don-ponctuel","status":"publish","type":"page","link":"http:\/\/www.madia.fr\/?page_id=81","title":{"rendered":"Don ponctuel"},"content":{"rendered":"<p><span style=\"color: #ff6600;\"><strong><em>Un don ponctuel<\/em><\/strong><\/span> peut \u00eatre fait :<\/p>\n<ul>\n<li>par <strong>ch\u00e8que<\/strong> \u00e0 l&rsquo;ordre de Association MADIA adress\u00e9 \u00e0 :<\/li>\n<\/ul>\n<p style=\"text-align: left;\"><em>Association\u00a0MADIA<\/em><br \/>\n<em>5 impasse Germinal<\/em><br \/>\n<em>94230 \u2013 Cachan<\/em><\/p>\n<p>&nbsp;<\/p>\n<ul>\n<li>ou par <strong>virement<\/strong> sur le compte <strong>Association MADIA<\/strong> qui a pour IBAN : <strong>FR76\u00a0 3000\u00a0 3038\u00a0 9400\u00a0 0372\u00a0 8292\u00a0 418<\/strong><\/li>\n<\/ul>\n<p>Il est important dans tous les cas de nous communiquer votre adresse postale pour l\u2019\u00e9tablissement et l&rsquo;envoi d&rsquo;un re\u00e7u fiscal.<\/p>\n<p><em>Pour nous \u00e9crire : contact@madia.fr<\/em><\/p>\n<p>&nbsp;<\/p>\n<p><em><strong><span style=\"color: #ff6600;\">Merci de votre g\u00e9n\u00e9rosit\u00e9 !<\/span> <\/strong><\/em><\/p>\n<p>&nbsp;<\/p>\n<p>&nbsp;<\/p>\n<p>&nbsp;<\/p>\n<p>&nbsp;<\/p>\n","protected":false},"excerpt":{"rendered":"<p>Un don ponctuel peut \u00eatre fait : par ch\u00e8que \u00e0 l&rsquo;ordre de Association MADIA adress\u00e9 \u00e0 : Association\u00a0MADIA 5 impasse Germinal 94230 \u2013 Cachan &nbsp; ou par virement sur le compte Association MADIA qui a pour IBAN : FR76\u00a0 3000\u00a0 3038\u00a0 9400\u00a0 0372\u00a0 8292\u00a0 418 Il est important dans tous les cas de nous communiquer [&hellip;]<\/p>\n","protected":false},"author":1,"featured_media":0,"parent":0,"menu_order":0,"comment_status":"closed","ping_status":"open","template":"","meta":{"footnotes":""},"class_list":["post-81","page","type-page","status-publish","hentry"],"_links":{"self":[{"href":"http:\/\/www.madia.fr\/index.php?rest_route=\/wp\/v2\/pages\/81","targetHints":{"allow":["GET"]}}],"collection":[{"href":"http:\/\/www.madia.fr\/index.php?rest_route=\/wp\/v2\/pages"}],"about":[{"href":"http:\/\/www.madia.fr\/index.php?rest_route=\/wp\/v2\/types\/page"}],"author":[{"embeddable":true,"href":"http:\/\/www.madia.fr\/index.php?rest_route=\/wp\/v2\/users\/1"}],"replies":[{"embeddable":true,"href":"http:\/\/www.madia.fr\/index.php?rest_route=%2Fwp%2Fv2%2Fcomments&post=81"}],"version-history":[{"count":5,"href":"http:\/\/www.madia.fr\/index.php?rest_route=\/wp\/v2\/pages\/81\/revisions"}],"predecessor-version":[{"id":1888,"href":"http:\/\/www.madia.fr\/index.php?rest_route=\/wp\/v2\/pages\/81\/revisions\/1888"}],"wp:attachment":[{"href":"http:\/\/www.madia.fr\/index.php?rest_route=%2Fwp%2Fv2%2Fmedia&parent=81"}],"curies":[{"name":"wp","href":"https:\/\/api.w.org\/{rel}","templated":true}]}}