{"id":829,"date":"2019-12-02T17:39:42","date_gmt":"2019-12-02T16:39:42","guid":{"rendered":"http:\/\/www.madia.fr\/?page_id=829"},"modified":"2019-12-02T17:39:42","modified_gmt":"2019-12-02T16:39:42","slug":"film-2019","status":"publish","type":"page","link":"http:\/\/www.madia.fr\/?page_id=829","title":{"rendered":"Film 2019"},"content":{"rendered":"\n<p>O\u00f9 en sommes-nous dans le projet \u00c9cole de le Seconde Chance ?<\/p>\n\n\n\n<p class=\"has-text-color has-very-dark-gray-color\">Pour f\u00eater ses 5 ans d\u2019existence, MADiA s&rsquo;offre un nouveau film.<\/p>\n\n\n\n<p><a href=\"http:\/\/www.madia.fr\/wp-content\/uploads\/2019\/10\/Madia-film-2019-Petite.mov\">Cliquez ici.<\/a><\/p>\n\n\n\n<p><\/p>\n","protected":false},"excerpt":{"rendered":"<p>O\u00f9 en sommes-nous dans le projet \u00c9cole de le Seconde Chance ? Pour f\u00eater ses 5 ans d\u2019existence, MADiA s&rsquo;offre un nouveau film. Cliquez ici.<\/p>\n","protected":false},"author":1,"featured_media":0,"parent":0,"menu_order":0,"comment_status":"closed","ping_status":"closed","template":"","meta":{"footnotes":""},"class_list":["post-829","page","type-page","status-publish","hentry"],"_links":{"self":[{"href":"http:\/\/www.madia.fr\/index.php?rest_route=\/wp\/v2\/pages\/829","targetHints":{"allow":["GET"]}}],"collection":[{"href":"http:\/\/www.madia.fr\/index.php?rest_route=\/wp\/v2\/pages"}],"about":[{"href":"http:\/\/www.madia.fr\/index.php?rest_route=\/wp\/v2\/types\/page"}],"author":[{"embeddable":true,"href":"http:\/\/www.madia.fr\/index.php?rest_route=\/wp\/v2\/users\/1"}],"replies":[{"embeddable":true,"href":"http:\/\/www.madia.fr\/index.php?rest_route=%2Fwp%2Fv2%2Fcomments&post=829"}],"version-history":[{"count":2,"href":"http:\/\/www.madia.fr\/index.php?rest_route=\/wp\/v2\/pages\/829\/revisions"}],"predecessor-version":[{"id":831,"href":"http:\/\/www.madia.fr\/index.php?rest_route=\/wp\/v2\/pages\/829\/revisions\/831"}],"wp:attachment":[{"href":"http:\/\/www.madia.fr\/index.php?rest_route=%2Fwp%2Fv2%2Fmedia&parent=829"}],"curies":[{"name":"wp","href":"https:\/\/api.w.org\/{rel}","templated":true}]}}