{"id":85,"date":"2015-05-23T21:13:49","date_gmt":"2015-05-23T20:13:49","guid":{"rendered":"http:\/\/www.madia.fr\/?page_id=85"},"modified":"2025-03-30T12:16:21","modified_gmt":"2025-03-30T11:16:21","slug":"je-fais-un-don","status":"publish","type":"page","link":"http:\/\/www.madia.fr\/?page_id=85","title":{"rendered":"Je fais un don"},"content":{"rendered":"<p>Aidez-nous \u00e0 poursuivre en faisant un don !<\/p>\n<p>Sauf avis contraire, l\u2019adh\u00e9sion de 20 \u20ac est prise sur le premier don de l\u2019ann\u00e9e.<\/p>\n<p><span style=\"color: #ff6600;\"><strong><em>Un don ponctuel<\/em><\/strong><\/span> peut \u00eatre fait\u00a0par <strong>ch\u00e8que<\/strong> \u00e0 l&rsquo;ordre de\u00a0Association MADIA<\/p>\n<div class=\"intro\">\n<p><span style=\"color: #ff6600;\"><strong><em>Un don r\u00e9gulier<\/em> <\/strong><\/span>se fait par mise en place d&rsquo;un pr\u00e9l\u00e8vement automatique dont vous fixez le montant et la r\u00e9gularit\u00e9. Ce soutien sur un plus long terme nous aide \u00e0 anticiper nos actions.<\/p>\n<\/div>\n<div class=\"contenu-page\">\n<div class=\"separator\">\n<h3>En pratique, dans tous les cas :<\/h3>\n<ul>\n<li>T\u00e9l\u00e9chargez le formulaire\u00a0<a href=\"http:\/\/www.madia.fr\/wp-content\/uploads\/2025\/03\/soutien-2025.pdf\">Bon de soutien<\/a><\/li>\n<li>Imprimez, compl\u00e9tez et renvoyez ce formulaire (accompagn\u00e9 d&rsquo;un RIB dans le cas d&rsquo;un soutien r\u00e9gulier)<br \/>\n\u00e0 l&rsquo;adresse suivante :<br \/>\n<em>Association\u00a0MADIA<\/em><br \/>\n<em>5 impasse Germinal<\/em><br \/>\n<em>94230 &#8211; Cachan<\/em><\/li>\n<\/ul>\n<\/div>\n<\/div>\n","protected":false},"excerpt":{"rendered":"<p>Aidez-nous \u00e0 poursuivre en faisant un don ! Sauf avis contraire, l\u2019adh\u00e9sion de 20 \u20ac est prise sur le premier don de l\u2019ann\u00e9e. Un don ponctuel peut \u00eatre fait\u00a0par ch\u00e8que \u00e0 l&rsquo;ordre de\u00a0Association MADIA Un don r\u00e9gulier se fait par mise en place d&rsquo;un pr\u00e9l\u00e8vement automatique dont vous fixez le montant et la r\u00e9gularit\u00e9. Ce [&hellip;]<\/p>\n","protected":false},"author":1,"featured_media":0,"parent":0,"menu_order":0,"comment_status":"closed","ping_status":"open","template":"","meta":{"footnotes":""},"class_list":["post-85","page","type-page","status-publish","hentry"],"_links":{"self":[{"href":"http:\/\/www.madia.fr\/index.php?rest_route=\/wp\/v2\/pages\/85","targetHints":{"allow":["GET"]}}],"collection":[{"href":"http:\/\/www.madia.fr\/index.php?rest_route=\/wp\/v2\/pages"}],"about":[{"href":"http:\/\/www.madia.fr\/index.php?rest_route=\/wp\/v2\/types\/page"}],"author":[{"embeddable":true,"href":"http:\/\/www.madia.fr\/index.php?rest_route=\/wp\/v2\/users\/1"}],"replies":[{"embeddable":true,"href":"http:\/\/www.madia.fr\/index.php?rest_route=%2Fwp%2Fv2%2Fcomments&post=85"}],"version-history":[{"count":10,"href":"http:\/\/www.madia.fr\/index.php?rest_route=\/wp\/v2\/pages\/85\/revisions"}],"predecessor-version":[{"id":1998,"href":"http:\/\/www.madia.fr\/index.php?rest_route=\/wp\/v2\/pages\/85\/revisions\/1998"}],"wp:attachment":[{"href":"http:\/\/www.madia.fr\/index.php?rest_route=%2Fwp%2Fv2%2Fmedia&parent=85"}],"curies":[{"name":"wp","href":"https:\/\/api.w.org\/{rel}","templated":true}]}}