{"id":862,"date":"2020-02-05T18:16:25","date_gmt":"2020-02-05T17:16:25","guid":{"rendered":"http:\/\/www.madia.fr\/?page_id=862"},"modified":"2020-02-05T18:16:25","modified_gmt":"2020-02-05T17:16:25","slug":"lettre-dinformation-15","status":"publish","type":"page","link":"http:\/\/www.madia.fr\/?page_id=862","title":{"rendered":"Lettre d&rsquo;information 15"},"content":{"rendered":"\n<p>Notre lettre d&rsquo;information n\u00b015 de f\u00e9vrier 2020 est sortie. Elle donne l&rsquo;actualit\u00e9 de l&rsquo;association. N&rsquo;h\u00e9sitez pas \u00e0 la t\u00e9l\u00e9charger\u00a0<a href=\"http:\/\/www.madia.fr\/wp-content\/uploads\/2020\/02\/nl15.pdf\">ici<\/a>.<\/p>\n\n\n\n<p>Vos r\u00e9actions sont les bienvenues en \u00e9crivant&nbsp;au <a href=\"mailto:webmaster@madia.fr?subject=Lettre%20Info%203\">Webmaster<\/a><\/p>\n","protected":false},"excerpt":{"rendered":"<p>Notre lettre d&rsquo;information n\u00b015 de f\u00e9vrier 2020 est sortie. Elle donne l&rsquo;actualit\u00e9 de l&rsquo;association. N&rsquo;h\u00e9sitez pas \u00e0 la t\u00e9l\u00e9charger\u00a0ici. Vos r\u00e9actions sont les bienvenues en \u00e9crivant&nbsp;au Webmaster<\/p>\n","protected":false},"author":1,"featured_media":0,"parent":0,"menu_order":0,"comment_status":"closed","ping_status":"closed","template":"","meta":{"footnotes":""},"class_list":["post-862","page","type-page","status-publish","hentry"],"_links":{"self":[{"href":"http:\/\/www.madia.fr\/index.php?rest_route=\/wp\/v2\/pages\/862","targetHints":{"allow":["GET"]}}],"collection":[{"href":"http:\/\/www.madia.fr\/index.php?rest_route=\/wp\/v2\/pages"}],"about":[{"href":"http:\/\/www.madia.fr\/index.php?rest_route=\/wp\/v2\/types\/page"}],"author":[{"embeddable":true,"href":"http:\/\/www.madia.fr\/index.php?rest_route=\/wp\/v2\/users\/1"}],"replies":[{"embeddable":true,"href":"http:\/\/www.madia.fr\/index.php?rest_route=%2Fwp%2Fv2%2Fcomments&post=862"}],"version-history":[{"count":1,"href":"http:\/\/www.madia.fr\/index.php?rest_route=\/wp\/v2\/pages\/862\/revisions"}],"predecessor-version":[{"id":864,"href":"http:\/\/www.madia.fr\/index.php?rest_route=\/wp\/v2\/pages\/862\/revisions\/864"}],"wp:attachment":[{"href":"http:\/\/www.madia.fr\/index.php?rest_route=%2Fwp%2Fv2%2Fmedia&parent=862"}],"curies":[{"name":"wp","href":"https:\/\/api.w.org\/{rel}","templated":true}]}}