{"id":871,"date":"2020-02-25T10:48:10","date_gmt":"2020-02-25T09:48:10","guid":{"rendered":"http:\/\/www.madia.fr\/?page_id=871"},"modified":"2020-03-10T09:47:11","modified_gmt":"2020-03-10T08:47:11","slug":"concert-2020-annonce","status":"publish","type":"page","link":"http:\/\/www.madia.fr\/?page_id=871","title":{"rendered":"Concert 2020 &#8211; Annul\u00e9"},"content":{"rendered":"\r\n<p class=\"has-text-color has-text-align-center has-luminous-vivid-orange-color\"><span style=\"color: #999999;\"><strong>L\u2019Association MADiA organise<\/strong><\/span><\/p>\r\n<p><span style=\"color: #999999;\">\r\n\r\n<\/span><\/p>\r\n<p class=\"has-text-align-center\"><span style=\"color: #999999;\"><strong>Un concert <\/strong><\/span><\/p>\r\n<p><span style=\"color: #999999;\">\r\n\r\n<\/span><\/p>\r\n<p class=\"has-text-align-center\"><span style=\"color: #999999;\"><strong>Avec l&rsquo;orchestre Jazzissy<\/strong><\/span><\/p>\r\n<p><span style=\"color: #999999;\">\r\n\r\n<\/span><\/p>\r\n<p class=\"has-text-align-center\"><span style=\"color: #999999;\"><strong>Dimanche 22 mars 2020 \u00e0 16 heures \u00e0 CACHAN<\/strong><\/span><\/p>\r\n<h1 style=\"text-align: center;\"><span style=\"color: #ff0000;\">____________________________<\/span><\/h1>\r\n<h1 style=\"text-align: center;\"><span style=\"color: #ff0000;\"><strong>En raison du contexte sanitaire <\/strong><\/span><\/h1>\r\n<h1 style=\"text-align: center;\"><span style=\"color: #ff0000;\"><strong>ce concert est annul\u00e9<\/strong><\/span><\/h1>\r\n<h1 style=\"text-align: center;\"><span style=\"color: #ff0000;\">____________________________<\/span><\/h1>\r\n<h1>\u00a0<\/h1>\r\n<div class=\"wp-block-image\">\r\n<figure class=\"aligncenter size-large\"><img loading=\"lazy\" decoding=\"async\" width=\"1024\" height=\"566\" class=\"wp-image-875\" src=\"http:\/\/www.madia.fr\/wp-content\/uploads\/2020\/02\/Jazzissy-fev-2020-1024x566.jpeg\" alt=\"\" srcset=\"http:\/\/www.madia.fr\/wp-content\/uploads\/2020\/02\/Jazzissy-fev-2020-1024x566.jpeg 1024w, http:\/\/www.madia.fr\/wp-content\/uploads\/2020\/02\/Jazzissy-fev-2020-300x166.jpeg 300w, http:\/\/www.madia.fr\/wp-content\/uploads\/2020\/02\/Jazzissy-fev-2020-768x425.jpeg 768w, http:\/\/www.madia.fr\/wp-content\/uploads\/2020\/02\/Jazzissy-fev-2020-1536x849.jpeg 1536w, http:\/\/www.madia.fr\/wp-content\/uploads\/2020\/02\/Jazzissy-fev-2020-2048x1132.jpeg 2048w\" sizes=\"auto, (max-width: 1024px) 100vw, 1024px\" \/>\r\n<figcaption><span style=\"color: #999999;\">L\u2019orchestre Jazzissy, c\u2019est plus de 20 ans de musique !<\/span><\/figcaption>\r\n<\/figure>\r\n<\/div>\r\n<p><span style=\"color: #999999;\">\r\n\r\n<\/span><\/p>\r\n<p><span style=\"color: #999999;\">Vente d&rsquo;objets artisanaux fabriqu\u00e9s et achet\u00e9s \u00e0 Madagascar<\/span><\/p>\r\n<p><span style=\"color: #999999;\">\r\n\r\n<\/span><\/p>\r\n<p class=\"has-text-color has-text-align-center has-luminous-vivid-orange-color\"><span style=\"color: #999999;\">PAF : 12 \u20ac <\/span><br \/><span style=\"color: #999999;\">Gratuit pour les moins de 14 ans<\/span><\/p>\r\n<p><span style=\"color: #999999;\">\r\n\r\n<\/span><\/p>\r\n<p>&nbsp;<\/p>\r\n<p><span style=\"color: #999999;\">\r\n\r\n<\/span><\/p>\r\n<p class=\"has-text-align-center\"><span style=\"color: #999999;\"><strong>Salle Le March\u00e9<br \/>4 rue des Saussaies &#8211; 94230 Cachan<\/strong><\/span><\/p>\r\n<p><span style=\"color: #999999;\">L\u2019orchestre Jazzissy a \u00e9t\u00e9 cr\u00e9\u00e9 il y a 25 ans par des passionn\u00e9s de musique et de Jazz du monde de l\u2019a\u00e9ronautique. Cette formation combo est mont\u00e9e en puissance au fil des ann\u00e9es pour devenir un big band \u00e0 part enti\u00e8re. L\u2019orchestre interpr\u00e8te aujourd\u2019hui des arrangements de grands standards de jazz et latino qui riment avec musique populaire et joie de vivre. Fran\u00e7ois Butault, le leader et fondateur de cette grande formation, s\u2019attache avec toute l\u2019\u00e9quipe \u00e0 choisir un r\u00e9pertoire qui fait fr\u00e9tiller les \u00e9coutilles du public m\u00eame non averti. Une grande partie du programme des concerts de l\u2019orchestre est r\u00e9serv\u00e9e \u00e0 du Vocal\/Jazz avec la chanteuse de l\u2019orchestre Nathalie Collet. Le plaisir de jouer ensemble s\u2019exprime dans l\u2019enthousiasme communicatif de la musique que ce groupe vous fera partager.<\/span><\/p>\r\n<p>&nbsp;<\/p>\r\n","protected":false},"excerpt":{"rendered":"<p>L\u2019Association MADiA organise Un concert Avec l&rsquo;orchestre Jazzissy Dimanche 22 mars 2020 \u00e0 16 heures \u00e0 CACHAN ____________________________ En raison du contexte sanitaire ce concert est annul\u00e9 ____________________________ \u00a0 L\u2019orchestre Jazzissy, c\u2019est plus de 20 ans de musique ! Vente d&rsquo;objets artisanaux fabriqu\u00e9s et achet\u00e9s \u00e0 Madagascar PAF : 12 \u20ac Gratuit pour les moins [&hellip;]<\/p>\n","protected":false},"author":1,"featured_media":0,"parent":0,"menu_order":0,"comment_status":"closed","ping_status":"closed","template":"","meta":{"footnotes":""},"class_list":["post-871","page","type-page","status-publish","hentry"],"_links":{"self":[{"href":"http:\/\/www.madia.fr\/index.php?rest_route=\/wp\/v2\/pages\/871","targetHints":{"allow":["GET"]}}],"collection":[{"href":"http:\/\/www.madia.fr\/index.php?rest_route=\/wp\/v2\/pages"}],"about":[{"href":"http:\/\/www.madia.fr\/index.php?rest_route=\/wp\/v2\/types\/page"}],"author":[{"embeddable":true,"href":"http:\/\/www.madia.fr\/index.php?rest_route=\/wp\/v2\/users\/1"}],"replies":[{"embeddable":true,"href":"http:\/\/www.madia.fr\/index.php?rest_route=%2Fwp%2Fv2%2Fcomments&post=871"}],"version-history":[{"count":10,"href":"http:\/\/www.madia.fr\/index.php?rest_route=\/wp\/v2\/pages\/871\/revisions"}],"predecessor-version":[{"id":2086,"href":"http:\/\/www.madia.fr\/index.php?rest_route=\/wp\/v2\/pages\/871\/revisions\/2086"}],"wp:attachment":[{"href":"http:\/\/www.madia.fr\/index.php?rest_route=%2Fwp%2Fv2%2Fmedia&parent=871"}],"curies":[{"name":"wp","href":"https:\/\/api.w.org\/{rel}","templated":true}]}}