{"id":914,"date":"2020-06-01T15:52:06","date_gmt":"2020-06-01T14:52:06","guid":{"rendered":"http:\/\/www.madia.fr\/?page_id=914"},"modified":"2020-06-14T17:35:38","modified_gmt":"2020-06-14T16:35:38","slug":"lettre-dinformation-16","status":"publish","type":"page","link":"http:\/\/www.madia.fr\/?page_id=914","title":{"rendered":"Lettre 16 de mars 2020"},"content":{"rendered":"<p>Notre lettre d&rsquo;information n\u00b016 de mars 2020 est sortie. Elle donne l&rsquo;actualit\u00e9 de l&rsquo;association. N&rsquo;h\u00e9sitez pas \u00e0 la t\u00e9l\u00e9charger <a href=\"http:\/\/www.madia.fr\/wp-content\/uploads\/2020\/06\/nl16.pdf\">ici<\/a>.<\/p>\r\n<!-- \/wp:post-content -->\r\n\r\n<!-- wp:paragraph -->\r\n<p>Vos r\u00e9actions sont les bienvenues en \u00e9crivant\u00a0au <a href=\"mailto:webmaster@madia.fr?subject=Lettre%20Info%203\">Webmaster<\/a><\/p>","protected":false},"excerpt":{"rendered":"<p>Notre lettre d&rsquo;information n\u00b016 de mars 2020 est sortie. Elle donne l&rsquo;actualit\u00e9 de l&rsquo;association. N&rsquo;h\u00e9sitez pas \u00e0 la t\u00e9l\u00e9charger ici. Vos r\u00e9actions sont les bienvenues en \u00e9crivant\u00a0au Webmaster<\/p>\n","protected":false},"author":1,"featured_media":0,"parent":0,"menu_order":0,"comment_status":"closed","ping_status":"closed","template":"","meta":{"footnotes":""},"class_list":["post-914","page","type-page","status-publish","hentry"],"_links":{"self":[{"href":"http:\/\/www.madia.fr\/index.php?rest_route=\/wp\/v2\/pages\/914","targetHints":{"allow":["GET"]}}],"collection":[{"href":"http:\/\/www.madia.fr\/index.php?rest_route=\/wp\/v2\/pages"}],"about":[{"href":"http:\/\/www.madia.fr\/index.php?rest_route=\/wp\/v2\/types\/page"}],"author":[{"embeddable":true,"href":"http:\/\/www.madia.fr\/index.php?rest_route=\/wp\/v2\/users\/1"}],"replies":[{"embeddable":true,"href":"http:\/\/www.madia.fr\/index.php?rest_route=%2Fwp%2Fv2%2Fcomments&post=914"}],"version-history":[{"count":5,"href":"http:\/\/www.madia.fr\/index.php?rest_route=\/wp\/v2\/pages\/914\/revisions"}],"predecessor-version":[{"id":939,"href":"http:\/\/www.madia.fr\/index.php?rest_route=\/wp\/v2\/pages\/914\/revisions\/939"}],"wp:attachment":[{"href":"http:\/\/www.madia.fr\/index.php?rest_route=%2Fwp%2Fv2%2Fmedia&parent=914"}],"curies":[{"name":"wp","href":"https:\/\/api.w.org\/{rel}","templated":true}]}}