{"id":991,"date":"2020-08-13T20:34:00","date_gmt":"2020-08-13T19:34:00","guid":{"rendered":"http:\/\/www.madia.fr\/?page_id=991"},"modified":"2020-08-24T20:34:47","modified_gmt":"2020-08-24T19:34:47","slug":"lettre-18-de-juillet-2020","status":"publish","type":"page","link":"http:\/\/www.madia.fr\/?page_id=991","title":{"rendered":"Lettre 18 de juillet 2020"},"content":{"rendered":"\n<p>Notre lettre d&rsquo;information n\u00b018 de juillet 2020 est sortie. Elle donne l&rsquo;actualit\u00e9 de l&rsquo;association. N&rsquo;h\u00e9sitez pas \u00e0 la t\u00e9l\u00e9charger <a href=\"http:\/\/www.madia.fr\/wp-content\/uploads\/2020\/08\/nl18.pdf\">ici<\/a>.<\/p>\n\n\n\n<p>Vos r\u00e9actions sont les bienvenues en \u00e9crivant\u00a0au <a href=\"mailto:webmaster@madia.fr?subject=Lettre%20Info%203\">Webmaster<\/a><\/p>\n","protected":false},"excerpt":{"rendered":"<p>Notre lettre d&rsquo;information n\u00b018 de juillet 2020 est sortie. Elle donne l&rsquo;actualit\u00e9 de l&rsquo;association. N&rsquo;h\u00e9sitez pas \u00e0 la t\u00e9l\u00e9charger ici. Vos r\u00e9actions sont les bienvenues en \u00e9crivant\u00a0au Webmaster<\/p>\n","protected":false},"author":1,"featured_media":0,"parent":0,"menu_order":0,"comment_status":"closed","ping_status":"closed","template":"","meta":{"footnotes":""},"class_list":["post-991","page","type-page","status-publish","hentry"],"_links":{"self":[{"href":"http:\/\/www.madia.fr\/index.php?rest_route=\/wp\/v2\/pages\/991","targetHints":{"allow":["GET"]}}],"collection":[{"href":"http:\/\/www.madia.fr\/index.php?rest_route=\/wp\/v2\/pages"}],"about":[{"href":"http:\/\/www.madia.fr\/index.php?rest_route=\/wp\/v2\/types\/page"}],"author":[{"embeddable":true,"href":"http:\/\/www.madia.fr\/index.php?rest_route=\/wp\/v2\/users\/1"}],"replies":[{"embeddable":true,"href":"http:\/\/www.madia.fr\/index.php?rest_route=%2Fwp%2Fv2%2Fcomments&post=991"}],"version-history":[{"count":1,"href":"http:\/\/www.madia.fr\/index.php?rest_route=\/wp\/v2\/pages\/991\/revisions"}],"predecessor-version":[{"id":992,"href":"http:\/\/www.madia.fr\/index.php?rest_route=\/wp\/v2\/pages\/991\/revisions\/992"}],"wp:attachment":[{"href":"http:\/\/www.madia.fr\/index.php?rest_route=%2Fwp%2Fv2%2Fmedia&parent=991"}],"curies":[{"name":"wp","href":"https:\/\/api.w.org\/{rel}","templated":true}]}}