{"id":998,"date":"2020-08-24T20:46:25","date_gmt":"2020-08-24T19:46:25","guid":{"rendered":"http:\/\/www.madia.fr\/?page_id=998"},"modified":"2025-09-16T13:04:50","modified_gmt":"2025-09-16T12:04:50","slug":"echos-de-fianarantsoa","status":"publish","type":"page","link":"http:\/\/www.madia.fr\/?page_id=998","title":{"rendered":"En direct&#8230;"},"content":{"rendered":"\n<p>R\u00e9guli\u00e8rement nous avons des contacts par mail, Skype, Facebook. De nombreuses photos s&rsquo;\u00e9changent par dessus l\u2019\u00c9quateur, entre Fianarantsoa et Cachan.<\/p>\n\n\n\n<p>Insignifiants, fondamentaux, minuscules, durables, importants, \u00e9ph\u00e9m\u00e8res : nous pensons en partager quelques-uns ici.<\/p>\n\n\n\n<p>Cette rubrique a permis de garder le lein pendant la crise sanitaire, alors que les missions \u00e9taient report\u00e9es.<\/p>\n","protected":false},"excerpt":{"rendered":"<p>R\u00e9guli\u00e8rement nous avons des contacts par mail, Skype, Facebook. De nombreuses photos s&rsquo;\u00e9changent par dessus l\u2019\u00c9quateur, entre Fianarantsoa et Cachan. Insignifiants, fondamentaux, minuscules, durables, importants, \u00e9ph\u00e9m\u00e8res : nous pensons en partager quelques-uns ici. Cette rubrique a permis de garder le lein pendant la crise sanitaire, alors que les missions \u00e9taient report\u00e9es.<\/p>\n","protected":false},"author":1,"featured_media":0,"parent":0,"menu_order":0,"comment_status":"closed","ping_status":"closed","template":"","meta":{"footnotes":""},"class_list":["post-998","page","type-page","status-publish","hentry"],"_links":{"self":[{"href":"http:\/\/www.madia.fr\/index.php?rest_route=\/wp\/v2\/pages\/998","targetHints":{"allow":["GET"]}}],"collection":[{"href":"http:\/\/www.madia.fr\/index.php?rest_route=\/wp\/v2\/pages"}],"about":[{"href":"http:\/\/www.madia.fr\/index.php?rest_route=\/wp\/v2\/types\/page"}],"author":[{"embeddable":true,"href":"http:\/\/www.madia.fr\/index.php?rest_route=\/wp\/v2\/users\/1"}],"replies":[{"embeddable":true,"href":"http:\/\/www.madia.fr\/index.php?rest_route=%2Fwp%2Fv2%2Fcomments&post=998"}],"version-history":[{"count":5,"href":"http:\/\/www.madia.fr\/index.php?rest_route=\/wp\/v2\/pages\/998\/revisions"}],"predecessor-version":[{"id":2064,"href":"http:\/\/www.madia.fr\/index.php?rest_route=\/wp\/v2\/pages\/998\/revisions\/2064"}],"wp:attachment":[{"href":"http:\/\/www.madia.fr\/index.php?rest_route=%2Fwp%2Fv2%2Fmedia&parent=998"}],"curies":[{"name":"wp","href":"https:\/\/api.w.org\/{rel}","templated":true}]}}