{"id":1039,"date":"2020-11-16T18:34:47","date_gmt":"2020-11-16T17:34:47","guid":{"rendered":"http:\/\/www.madia.fr\/?page_id=1039"},"modified":"2020-11-16T18:34:47","modified_gmt":"2020-11-16T17:34:47","slug":"grand-menage-a-lesc","status":"publish","type":"page","link":"https:\/\/www.madia.fr\/?page_id=1039","title":{"rendered":"Grand m\u00e9nage \u00e0 l&rsquo;ESC"},"content":{"rendered":"\n<p>En ce d\u00e9but de novembre, s\u00e9ance de grand m\u00e9nage m\u00eame si il fait tr\u00e8s chaud en ce moment.<\/p>\n\n\n\n<p><br>Le bureau de l&rsquo;ESC est bien cire\u0301 par les filles de la troisi\u00e8me promotion (P3).<\/p>\n\n\n\n<figure class=\"wp-block-image size-large is-resized\"><img loading=\"lazy\" decoding=\"async\" src=\"http:\/\/www.madia.fr\/wp-content\/uploads\/2020\/11\/Le-bureau-de-lESC-est-bien-cire\u0301-par-les-filles-PO3-1024x768.jpg\" alt=\"\" class=\"wp-image-1034\" width=\"512\" height=\"384\" srcset=\"https:\/\/www.madia.fr\/wp-content\/uploads\/2020\/11\/Le-bureau-de-lESC-est-bien-cire\u0301-par-les-filles-PO3-1024x768.jpg 1024w, https:\/\/www.madia.fr\/wp-content\/uploads\/2020\/11\/Le-bureau-de-lESC-est-bien-cire\u0301-par-les-filles-PO3-300x225.jpg 300w, https:\/\/www.madia.fr\/wp-content\/uploads\/2020\/11\/Le-bureau-de-lESC-est-bien-cire\u0301-par-les-filles-PO3-768x576.jpg 768w, https:\/\/www.madia.fr\/wp-content\/uploads\/2020\/11\/Le-bureau-de-lESC-est-bien-cire\u0301-par-les-filles-PO3.jpg 1200w\" sizes=\"auto, (max-width: 512px) 100vw, 512px\" \/><\/figure>\n\n\n\n<p><br><br>Les garc\u0327ons pre\u0301parent le jardin potager.<\/p>\n\n\n\n<figure class=\"wp-block-image size-large is-resized\"><img loading=\"lazy\" decoding=\"async\" src=\"http:\/\/www.madia.fr\/wp-content\/uploads\/2020\/11\/pre\u0301paration-du-jardin-potager-par-les-garc\u0327ons-1024x768.jpg\" alt=\"\" class=\"wp-image-1035\" width=\"512\" height=\"384\" srcset=\"https:\/\/www.madia.fr\/wp-content\/uploads\/2020\/11\/pre\u0301paration-du-jardin-potager-par-les-garc\u0327ons-1024x768.jpg 1024w, https:\/\/www.madia.fr\/wp-content\/uploads\/2020\/11\/pre\u0301paration-du-jardin-potager-par-les-garc\u0327ons-300x225.jpg 300w, https:\/\/www.madia.fr\/wp-content\/uploads\/2020\/11\/pre\u0301paration-du-jardin-potager-par-les-garc\u0327ons-768x576.jpg 768w, https:\/\/www.madia.fr\/wp-content\/uploads\/2020\/11\/pre\u0301paration-du-jardin-potager-par-les-garc\u0327ons.jpg 1200w\" sizes=\"auto, (max-width: 512px) 100vw, 512px\" \/><\/figure>\n\n\n\n<p><br><br>Ils sont contents et a\u0300 l&rsquo;aise en attendant le tour pour prendre la douche apre\u0300s le grand me\u0301nage : le bloc sanitaire tout neuf est tr\u00e8s pratique.<\/p>\n\n\n\n<figure class=\"wp-block-image size-large is-resized\"><img loading=\"lazy\" decoding=\"async\" src=\"http:\/\/www.madia.fr\/wp-content\/uploads\/2020\/11\/Ils-sont-contents-et-a\u0300-laise-en-attendant-le-tour-pour-prendre-la-douche-apre\u0300s-le-grand-me\u0301nage-768x1024.jpg\" alt=\"\" class=\"wp-image-1038\" width=\"384\" height=\"512\" srcset=\"https:\/\/www.madia.fr\/wp-content\/uploads\/2020\/11\/Ils-sont-contents-et-a\u0300-laise-en-attendant-le-tour-pour-prendre-la-douche-apre\u0300s-le-grand-me\u0301nage-768x1024.jpg 768w, https:\/\/www.madia.fr\/wp-content\/uploads\/2020\/11\/Ils-sont-contents-et-a\u0300-laise-en-attendant-le-tour-pour-prendre-la-douche-apre\u0300s-le-grand-me\u0301nage-225x300.jpg 225w, https:\/\/www.madia.fr\/wp-content\/uploads\/2020\/11\/Ils-sont-contents-et-a\u0300-laise-en-attendant-le-tour-pour-prendre-la-douche-apre\u0300s-le-grand-me\u0301nage.jpg 900w\" sizes=\"auto, (max-width: 384px) 100vw, 384px\" \/><\/figure>\n\n\n\n<p><br><br>Les filles attendent leur tour de bains-douches.<\/p>\n\n\n\n<figure class=\"wp-block-image size-large is-resized\"><img loading=\"lazy\" decoding=\"async\" src=\"http:\/\/www.madia.fr\/wp-content\/uploads\/2020\/11\/Elles-attendent-leur-tour-de-bains-douches-1024x768.jpg\" alt=\"\" class=\"wp-image-1036\" width=\"512\" height=\"384\" srcset=\"https:\/\/www.madia.fr\/wp-content\/uploads\/2020\/11\/Elles-attendent-leur-tour-de-bains-douches-1024x768.jpg 1024w, https:\/\/www.madia.fr\/wp-content\/uploads\/2020\/11\/Elles-attendent-leur-tour-de-bains-douches-300x225.jpg 300w, https:\/\/www.madia.fr\/wp-content\/uploads\/2020\/11\/Elles-attendent-leur-tour-de-bains-douches-768x576.jpg 768w, https:\/\/www.madia.fr\/wp-content\/uploads\/2020\/11\/Elles-attendent-leur-tour-de-bains-douches.jpg 1200w\" sizes=\"auto, (max-width: 512px) 100vw, 512px\" \/><\/figure>\n","protected":false},"excerpt":{"rendered":"<p>En ce d\u00e9but de novembre, s\u00e9ance de grand m\u00e9nage m\u00eame si il fait tr\u00e8s chaud en ce moment. Le bureau de l&rsquo;ESC est bien cire\u0301 par les filles de la troisi\u00e8me promotion (P3). Les garc\u0327ons pre\u0301parent le jardin potager. Ils sont contents et a\u0300 l&rsquo;aise en attendant le tour pour prendre la douche apre\u0300s le [&hellip;]<\/p>\n","protected":false},"author":1,"featured_media":0,"parent":0,"menu_order":0,"comment_status":"closed","ping_status":"closed","template":"","meta":{"footnotes":""},"class_list":["post-1039","page","type-page","status-publish","hentry"],"_links":{"self":[{"href":"https:\/\/www.madia.fr\/index.php?rest_route=\/wp\/v2\/pages\/1039","targetHints":{"allow":["GET"]}}],"collection":[{"href":"https:\/\/www.madia.fr\/index.php?rest_route=\/wp\/v2\/pages"}],"about":[{"href":"https:\/\/www.madia.fr\/index.php?rest_route=\/wp\/v2\/types\/page"}],"author":[{"embeddable":true,"href":"https:\/\/www.madia.fr\/index.php?rest_route=\/wp\/v2\/users\/1"}],"replies":[{"embeddable":true,"href":"https:\/\/www.madia.fr\/index.php?rest_route=%2Fwp%2Fv2%2Fcomments&post=1039"}],"version-history":[{"count":11,"href":"https:\/\/www.madia.fr\/index.php?rest_route=\/wp\/v2\/pages\/1039\/revisions"}],"predecessor-version":[{"id":1054,"href":"https:\/\/www.madia.fr\/index.php?rest_route=\/wp\/v2\/pages\/1039\/revisions\/1054"}],"wp:attachment":[{"href":"https:\/\/www.madia.fr\/index.php?rest_route=%2Fwp%2Fv2%2Fmedia&parent=1039"}],"curies":[{"name":"wp","href":"https:\/\/api.w.org\/{rel}","templated":true}]}}