{"id":1189,"date":"2021-02-19T09:21:04","date_gmt":"2021-02-19T08:21:04","guid":{"rendered":"http:\/\/www.madia.fr\/?p=1189"},"modified":"2021-02-19T09:24:59","modified_gmt":"2021-02-19T08:24:59","slug":"rentree-au-cfp-la-riziere","status":"publish","type":"page","link":"https:\/\/www.madia.fr\/?page_id=1189","title":{"rendered":"Rentr\u00e9e au CFP la rizi\u00e8re"},"content":{"rendered":"\n<p>Comme chaque ann\u00e9e, le centre de formation professionnelle \u00ab\u00a0la Rizi\u00e8re\u00a0\u00bb accueille des dizaines des \u00e9tudiants . Pour cette ann\u00e9e de formation 2020-2021, l&rsquo;ESC a pr\u00e9sent\u00e9 six jeunes de deuxi\u00e8me promotion (P2) : Augustin, Nirina, Lucienne, Raissa, Malala et Odile. Tous ont \u00e9t\u00e9 admis.<\/p>\n\n\n\n<figure class=\"wp-block-image size-large is-resized is-style-default\"><a href=\"http:\/\/www.madia.fr\/wp-content\/uploads\/2021\/02\/Les-filles-de-PO2-en-ecoutant-les-consignes-des-responsables-au-jour-de-la-rentree.png\"><img loading=\"lazy\" decoding=\"async\" src=\"http:\/\/www.madia.fr\/wp-content\/uploads\/2021\/02\/Les-filles-de-PO2-en-ecoutant-les-consignes-des-responsables-au-jour-de-la-rentree.png\" alt=\"\" class=\"wp-image-1193\" width=\"433\" height=\"324\" srcset=\"https:\/\/www.madia.fr\/wp-content\/uploads\/2021\/02\/Les-filles-de-PO2-en-ecoutant-les-consignes-des-responsables-au-jour-de-la-rentree.png 865w, https:\/\/www.madia.fr\/wp-content\/uploads\/2021\/02\/Les-filles-de-PO2-en-ecoutant-les-consignes-des-responsables-au-jour-de-la-rentree-300x224.png 300w, https:\/\/www.madia.fr\/wp-content\/uploads\/2021\/02\/Les-filles-de-PO2-en-ecoutant-les-consignes-des-responsables-au-jour-de-la-rentree-768x574.png 768w\" sizes=\"auto, (max-width: 433px) 100vw, 433px\" \/><\/a><figcaption>Les jeunes filles de l&rsquo;ESC \u00e9coutent attentivement les consignes des responsables. De gauche \u00e0 droite: Odile, Malala, Raissa et Lucienne (entour\u00e9s en bleu)<\/figcaption><\/figure>\n\n\n\n<figure class=\"wp-block-image size-large is-resized\"><a href=\"http:\/\/www.madia.fr\/wp-content\/uploads\/2021\/02\/distribution-des-fournitures-PO2.png\"><img loading=\"lazy\" decoding=\"async\" src=\"http:\/\/www.madia.fr\/wp-content\/uploads\/2021\/02\/distribution-des-fournitures-PO2.png\" alt=\"\" class=\"wp-image-1191\" width=\"440\" height=\"328\" srcset=\"https:\/\/www.madia.fr\/wp-content\/uploads\/2021\/02\/distribution-des-fournitures-PO2.png 880w, https:\/\/www.madia.fr\/wp-content\/uploads\/2021\/02\/distribution-des-fournitures-PO2-300x224.png 300w, https:\/\/www.madia.fr\/wp-content\/uploads\/2021\/02\/distribution-des-fournitures-PO2-768x573.png 768w\" sizes=\"auto, (max-width: 440px) 100vw, 440px\" \/><\/a><figcaption>Les jeunes P2 \u00e9taient accompagn\u00e9s par leurs parents lors de la distribution des fournitures \u00e0 l&rsquo;ESC<\/figcaption><\/figure>\n\n\n\n<figure class=\"wp-block-image size-large is-resized\"><a href=\"http:\/\/www.madia.fr\/wp-content\/uploads\/2021\/02\/rentree-la-riziere.png\"><img loading=\"lazy\" decoding=\"async\" src=\"http:\/\/www.madia.fr\/wp-content\/uploads\/2021\/02\/rentree-la-riziere.png\" alt=\"\" class=\"wp-image-1192\" width=\"436\" height=\"328\" srcset=\"https:\/\/www.madia.fr\/wp-content\/uploads\/2021\/02\/rentree-la-riziere.png 872w, https:\/\/www.madia.fr\/wp-content\/uploads\/2021\/02\/rentree-la-riziere-300x226.png 300w, https:\/\/www.madia.fr\/wp-content\/uploads\/2021\/02\/rentree-la-riziere-768x578.png 768w\" sizes=\"auto, (max-width: 436px) 100vw, 436px\" \/><\/a><figcaption>Odile est toujours motiv\u00e9e<\/figcaption><\/figure>\n\n\n\n<p><\/p>\n","protected":false},"excerpt":{"rendered":"<p>Comme chaque ann\u00e9e, le centre de formation professionnelle \u00ab\u00a0la Rizi\u00e8re\u00a0\u00bb accueille des dizaines des \u00e9tudiants . Pour cette ann\u00e9e de formation 2020-2021, l&rsquo;ESC a pr\u00e9sent\u00e9 six jeunes de deuxi\u00e8me promotion (P2) : Augustin, Nirina, Lucienne, Raissa, Malala et Odile. Tous ont \u00e9t\u00e9 admis.<\/p>\n","protected":false},"author":1,"featured_media":0,"parent":0,"menu_order":0,"comment_status":"closed","ping_status":"open","template":"","meta":{"footnotes":""},"class_list":["post-1189","page","type-page","status-publish","hentry"],"_links":{"self":[{"href":"https:\/\/www.madia.fr\/index.php?rest_route=\/wp\/v2\/pages\/1189","targetHints":{"allow":["GET"]}}],"collection":[{"href":"https:\/\/www.madia.fr\/index.php?rest_route=\/wp\/v2\/pages"}],"about":[{"href":"https:\/\/www.madia.fr\/index.php?rest_route=\/wp\/v2\/types\/page"}],"author":[{"embeddable":true,"href":"https:\/\/www.madia.fr\/index.php?rest_route=\/wp\/v2\/users\/1"}],"replies":[{"embeddable":true,"href":"https:\/\/www.madia.fr\/index.php?rest_route=%2Fwp%2Fv2%2Fcomments&post=1189"}],"version-history":[{"count":3,"href":"https:\/\/www.madia.fr\/index.php?rest_route=\/wp\/v2\/pages\/1189\/revisions"}],"predecessor-version":[{"id":1204,"href":"https:\/\/www.madia.fr\/index.php?rest_route=\/wp\/v2\/pages\/1189\/revisions\/1204"}],"wp:attachment":[{"href":"https:\/\/www.madia.fr\/index.php?rest_route=%2Fwp%2Fv2%2Fmedia&parent=1189"}],"curies":[{"name":"wp","href":"https:\/\/api.w.org\/{rel}","templated":true}]}}