{"id":1224,"date":"2021-03-16T09:43:27","date_gmt":"2021-03-16T08:43:27","guid":{"rendered":"http:\/\/www.madia.fr\/?p=1224"},"modified":"2021-03-16T09:43:28","modified_gmt":"2021-03-16T08:43:28","slug":"atelier-de-tapisserie-a-lesc","status":"publish","type":"page","link":"https:\/\/www.madia.fr\/?page_id=1224","title":{"rendered":"Atelier de tapisserie \u00e0 l&rsquo;ESC"},"content":{"rendered":"\n<p class=\"has-text-align-left\"><em>L&rsquo;ESC a accueilli deux stagiaires en Moniteur-\u00e9ducateur, issus du CFP Human \u00e0 Ambalakilonga, pour un stage professionnel de 2 mois. Ils ont fini leur stage ce mois de mars. Ainsi, une activit\u00e9 de tapisserie a \u00e9t\u00e9 r\u00e9alis\u00e9e avec les jeunes et les stagiaires pour marquer leur passage \u00e0 l&rsquo;ESC<\/em>.<\/p>\n\n\n\n<figure class=\"wp-block-image size-large is-resized\"><a href=\"http:\/\/www.madia.fr\/wp-content\/uploads\/2021\/03\/tapisserie22.png\"><img loading=\"lazy\" decoding=\"async\" src=\"http:\/\/www.madia.fr\/wp-content\/uploads\/2021\/03\/tapisserie22.png\" alt=\"\" class=\"wp-image-1225\" width=\"431\" height=\"326\" srcset=\"https:\/\/www.madia.fr\/wp-content\/uploads\/2021\/03\/tapisserie22.png 861w, https:\/\/www.madia.fr\/wp-content\/uploads\/2021\/03\/tapisserie22-300x227.png 300w, https:\/\/www.madia.fr\/wp-content\/uploads\/2021\/03\/tapisserie22-768x582.png 768w\" sizes=\"auto, (max-width: 431px) 100vw, 431px\" \/><\/a><figcaption>TAHINA et NARINDRA sont les stagiaires qui ont travaill\u00e9s durant 2 mois avec l&rsquo;\u00e9ducateur et les jeunes de P03<\/figcaption><\/figure>\n\n\n\n<figure class=\"wp-block-image size-large is-resized is-style-rounded\"><a href=\"http:\/\/www.madia.fr\/wp-content\/uploads\/2021\/03\/Tappiserie3.png\"><img loading=\"lazy\" decoding=\"async\" src=\"http:\/\/www.madia.fr\/wp-content\/uploads\/2021\/03\/Tappiserie3.png\" alt=\"\" class=\"wp-image-1226\" width=\"435\" height=\"322\" srcset=\"https:\/\/www.madia.fr\/wp-content\/uploads\/2021\/03\/Tappiserie3.png 870w, https:\/\/www.madia.fr\/wp-content\/uploads\/2021\/03\/Tappiserie3-300x222.png 300w, https:\/\/www.madia.fr\/wp-content\/uploads\/2021\/03\/Tappiserie3-768x568.png 768w\" sizes=\"auto, (max-width: 435px) 100vw, 435px\" \/><\/a><figcaption>Voil\u00e0 les produits de tapisserie. les jeunes sont r\u00e9partis en 4 groupe et ils ont travaill\u00e9 dans la solidarit\u00e9 pour avoir ces produits<\/figcaption><\/figure>\n\n\n\n<p>On peut lire : Troisi\u00e8me promotion, ESC, AIC<\/p>\n","protected":false},"excerpt":{"rendered":"<p>L&rsquo;ESC a accueilli deux stagiaires en Moniteur-\u00e9ducateur, issus du CFP Human \u00e0 Ambalakilonga, pour un stage professionnel de 2 mois. Ils ont fini leur stage ce mois de mars. Ainsi, une activit\u00e9 de tapisserie a \u00e9t\u00e9 r\u00e9alis\u00e9e avec les jeunes et les stagiaires pour marquer leur passage \u00e0 l&rsquo;ESC. On peut lire : Troisi\u00e8me promotion, [&hellip;]<\/p>\n","protected":false},"author":1,"featured_media":0,"parent":0,"menu_order":0,"comment_status":"closed","ping_status":"open","template":"","meta":{"footnotes":""},"class_list":["post-1224","page","type-page","status-publish","hentry"],"_links":{"self":[{"href":"https:\/\/www.madia.fr\/index.php?rest_route=\/wp\/v2\/pages\/1224","targetHints":{"allow":["GET"]}}],"collection":[{"href":"https:\/\/www.madia.fr\/index.php?rest_route=\/wp\/v2\/pages"}],"about":[{"href":"https:\/\/www.madia.fr\/index.php?rest_route=\/wp\/v2\/types\/page"}],"author":[{"embeddable":true,"href":"https:\/\/www.madia.fr\/index.php?rest_route=\/wp\/v2\/users\/1"}],"replies":[{"embeddable":true,"href":"https:\/\/www.madia.fr\/index.php?rest_route=%2Fwp%2Fv2%2Fcomments&post=1224"}],"version-history":[{"count":4,"href":"https:\/\/www.madia.fr\/index.php?rest_route=\/wp\/v2\/pages\/1224\/revisions"}],"predecessor-version":[{"id":1245,"href":"https:\/\/www.madia.fr\/index.php?rest_route=\/wp\/v2\/pages\/1224\/revisions\/1245"}],"wp:attachment":[{"href":"https:\/\/www.madia.fr\/index.php?rest_route=%2Fwp%2Fv2%2Fmedia&parent=1224"}],"curies":[{"name":"wp","href":"https:\/\/api.w.org\/{rel}","templated":true}]}}