{"id":1236,"date":"2021-03-16T09:39:00","date_gmt":"2021-03-16T08:39:00","guid":{"rendered":"http:\/\/www.madia.fr\/?p=1236"},"modified":"2023-02-04T09:59:15","modified_gmt":"2023-02-04T08:59:15","slug":"reboisement-a-lesc","status":"publish","type":"page","link":"https:\/\/www.madia.fr\/?page_id=1236","title":{"rendered":"Reboisement \u00e0 l&rsquo;ESC"},"content":{"rendered":"\n<p>Durant la r\u00e9union des parents du 13 mars 2021, une activit\u00e9 de reboisement  a \u00e9t\u00e9 r\u00e9alis\u00e9e avec les membres de l&rsquo;AIC, les \u00e9ducateurs ainsi que les parents des jeunes.<\/p>\n\n\n\n<figure class=\"wp-block-image size-large is-resized\"><a href=\"http:\/\/www.madia.fr\/wp-content\/uploads\/2021\/03\/AIC1.png\"><img loading=\"lazy\" decoding=\"async\" src=\"http:\/\/www.madia.fr\/wp-content\/uploads\/2021\/03\/AIC1.png\" alt=\"\" class=\"wp-image-1237\" width=\"436\" height=\"326\" srcset=\"https:\/\/www.madia.fr\/wp-content\/uploads\/2021\/03\/AIC1.png 872w, https:\/\/www.madia.fr\/wp-content\/uploads\/2021\/03\/AIC1-300x224.png 300w, https:\/\/www.madia.fr\/wp-content\/uploads\/2021\/03\/AIC1-768x574.png 768w\" sizes=\"auto, (max-width: 436px) 100vw, 436px\" \/><\/a><figcaption class=\"wp-element-caption\">Mme Odile (la vice-pr\u00e9sidente de l&rsquo;AIC a pass\u00e9 les consignes aux parents , suivie d&rsquo;une s\u00e9ance d&rsquo;\u00e9ducation environnementale<\/figcaption><\/figure>\n\n\n\n<figure class=\"wp-block-image size-large is-resized\"><a href=\"http:\/\/www.madia.fr\/wp-content\/uploads\/2021\/03\/AIC4.png\"><img loading=\"lazy\" decoding=\"async\" src=\"http:\/\/www.madia.fr\/wp-content\/uploads\/2021\/03\/AIC4.png\" alt=\"\" class=\"wp-image-1238\" width=\"372\" height=\"484\" srcset=\"https:\/\/www.madia.fr\/wp-content\/uploads\/2021\/03\/AIC4.png 496w, https:\/\/www.madia.fr\/wp-content\/uploads\/2021\/03\/AIC4-231x300.png 231w\" sizes=\"auto, (max-width: 372px) 100vw, 372px\" \/><\/a><figcaption class=\"wp-element-caption\">Les parents ont particip\u00e9 activement \u00e0 embellissement de l&rsquo;environnement de l&rsquo;ESC<\/figcaption><\/figure>\n\n\n\n<figure class=\"wp-block-image size-large is-resized\"><a href=\"http:\/\/www.madia.fr\/wp-content\/uploads\/2021\/03\/AIC2.png\"><img loading=\"lazy\" decoding=\"async\" src=\"http:\/\/www.madia.fr\/wp-content\/uploads\/2021\/03\/AIC2.png\" alt=\"\" class=\"wp-image-1239\" width=\"370\" height=\"489\" srcset=\"https:\/\/www.madia.fr\/wp-content\/uploads\/2021\/03\/AIC2.png 493w, https:\/\/www.madia.fr\/wp-content\/uploads\/2021\/03\/AIC2-227x300.png 227w\" sizes=\"auto, (max-width: 370px) 100vw, 370px\" \/><\/a><figcaption class=\"wp-element-caption\">Des variet\u00e9s des jeunes plants ont \u00e9t\u00e9 plant\u00e9es: papayers, citronniers, caf\u00e9ier et moringa<\/figcaption><\/figure>\n\n\n\n<p><\/p>\n","protected":false},"excerpt":{"rendered":"<p>Durant la r\u00e9union des parents du 13 mars 2021, une activit\u00e9 de reboisement a \u00e9t\u00e9 r\u00e9alis\u00e9e avec les membres de l&rsquo;AIC, les \u00e9ducateurs ainsi que les parents des jeunes.<\/p>\n","protected":false},"author":1,"featured_media":0,"parent":0,"menu_order":0,"comment_status":"closed","ping_status":"open","template":"","meta":{"footnotes":""},"class_list":["post-1236","page","type-page","status-publish","hentry"],"_links":{"self":[{"href":"https:\/\/www.madia.fr\/index.php?rest_route=\/wp\/v2\/pages\/1236","targetHints":{"allow":["GET"]}}],"collection":[{"href":"https:\/\/www.madia.fr\/index.php?rest_route=\/wp\/v2\/pages"}],"about":[{"href":"https:\/\/www.madia.fr\/index.php?rest_route=\/wp\/v2\/types\/page"}],"author":[{"embeddable":true,"href":"https:\/\/www.madia.fr\/index.php?rest_route=\/wp\/v2\/users\/1"}],"replies":[{"embeddable":true,"href":"https:\/\/www.madia.fr\/index.php?rest_route=%2Fwp%2Fv2%2Fcomments&post=1236"}],"version-history":[{"count":5,"href":"https:\/\/www.madia.fr\/index.php?rest_route=\/wp\/v2\/pages\/1236\/revisions"}],"predecessor-version":[{"id":1619,"href":"https:\/\/www.madia.fr\/index.php?rest_route=\/wp\/v2\/pages\/1236\/revisions\/1619"}],"wp:attachment":[{"href":"https:\/\/www.madia.fr\/index.php?rest_route=%2Fwp%2Fv2%2Fmedia&parent=1236"}],"curies":[{"name":"wp","href":"https:\/\/api.w.org\/{rel}","templated":true}]}}